{"id":3,"date":"2024-10-31T01:24:32","date_gmt":"2024-10-31T01:24:32","guid":{"rendered":"http:\/\/gracefilledreads.com\/?page_id=3"},"modified":"2024-12-12T08:08:16","modified_gmt":"2024-12-12T12:08:16","slug":"privacy-policy","status":"publish","type":"page","link":"https:\/\/gracefilledreads.com\/es\/privacy-policy\/","title":{"rendered":"Pol\u00edticas de Privacidad"},"content":{"rendered":"<div data-elementor-type=\"wp-page\" data-elementor-id=\"3\" class=\"elementor elementor-3\" data-elementor-post-type=\"page\">\n\t\t\t\t<div class=\"elementor-element elementor-element-2d83031b e-con-full e-flex elementor-invisible e-con e-parent\" data-id=\"2d83031b\" data-element_type=\"container\" data-e-type=\"container\" data-settings=\"{&quot;background_background&quot;:&quot;classic&quot;,&quot;animation&quot;:&quot;fadeIn&quot;}\">\n\t\t<div class=\"elementor-element elementor-element-2cc72c5 e-flex e-con-boxed e-con e-child\" data-id=\"2cc72c5\" data-element_type=\"container\" data-e-type=\"container\" data-settings=\"{&quot;background_background&quot;:&quot;gradient&quot;}\">\n\t\t\t\t\t<div class=\"e-con-inner\">\n\t\t<div class=\"elementor-element elementor-element-33051b92 e-con-full e-flex e-con e-child\" data-id=\"33051b92\" data-element_type=\"container\" data-e-type=\"container\">\n\t\t\t\t<div class=\"elementor-element elementor-element-69670057 elementor-position-inline-start elementor-view-default elementor-mobile-position-block-start elementor-invisible elementor-widget elementor-widget-icon-box\" data-id=\"69670057\" data-element_type=\"widget\" data-e-type=\"widget\" data-settings=\"{&quot;_animation&quot;:&quot;fadeIn&quot;,&quot;_animation_delay&quot;:200}\" data-widget_type=\"icon-box.default\">\n\t\t\t\t<div class=\"elementor-widget-container\">\n\t\t\t\t\t\t\t<div class=\"elementor-icon-box-wrapper\">\n\n\t\t\t\t\t\t<div class=\"elementor-icon-box-icon\">\n\t\t\t\t<span  class=\"elementor-icon\">\n\t\t\t\t<svg aria-hidden=\"true\" class=\"e-font-icon-svg e-fas-list-ol\" viewbox=\"0 0 512 512\" xmlns=\"http:\/\/www.w3.org\/2000\/svg\"><path d=\"M61.77 401l17.5-20.15a19.92 19.92 0 0 0 5.07-14.19v-3.31C84.34 356 80.5 352 73 352H16a8 8 0 0 0-8 8v16a8 8 0 0 0 8 8h22.83a157.41 157.41 0 0 0-11 12.31l-5.61 7c-4 5.07-5.25 10.13-2.8 14.88l1.05 1.93c3 5.76 6.29 7.88 12.25 7.88h4.73c10.33 0 15.94 2.44 15.94 9.09 0 4.72-4.2 8.22-14.36 8.22a41.54 41.54 0 0 1-15.47-3.12c-6.49-3.88-11.74-3.5-15.6 3.12l-5.59 9.31c-3.72 6.13-3.19 11.72 2.63 15.94 7.71 4.69 20.38 9.44 37 9.44 34.16 0 48.5-22.75 48.5-44.12-.03-14.38-9.12-29.76-28.73-34.88zM496 224H176a16 16 0 0 0-16 16v32a16 16 0 0 0 16 16h320a16 16 0 0 0 16-16v-32a16 16 0 0 0-16-16zm0-160H176a16 16 0 0 0-16 16v32a16 16 0 0 0 16 16h320a16 16 0 0 0 16-16V80a16 16 0 0 0-16-16zm0 320H176a16 16 0 0 0-16 16v32a16 16 0 0 0 16 16h320a16 16 0 0 0 16-16v-32a16 16 0 0 0-16-16zM16 160h64a8 8 0 0 0 8-8v-16a8 8 0 0 0-8-8H64V40a8 8 0 0 0-8-8H32a8 8 0 0 0-7.14 4.42l-8 16A8 8 0 0 0 24 64h8v64H16a8 8 0 0 0-8 8v16a8 8 0 0 0 8 8zm-3.91 160H80a8 8 0 0 0 8-8v-16a8 8 0 0 0-8-8H41.32c3.29-10.29 48.34-18.68 48.34-56.44 0-29.06-25-39.56-44.47-39.56-21.36 0-33.8 10-40.46 18.75-4.37 5.59-3 10.84 2.8 15.37l8.58 6.88c5.61 4.56 11 2.47 16.12-2.44a13.44 13.44 0 0 1 9.46-3.84c3.33 0 9.28 1.56 9.28 8.75C51 248.19 0 257.31 0 304.59v4C0 316 5.08 320 12.09 320z\"><\/path><\/svg>\t\t\t\t<\/span>\n\t\t\t<\/div>\n\t\t\t\n\t\t\t\t\t\t<div class=\"elementor-icon-box-content\">\n\n\t\t\t\t\t\t\t\t\t<h3 class=\"elementor-icon-box-title\">\n\t\t\t\t\t\t<span  >\n\t\t\t\t\t\t\tPol\u00edticas de Privacidad\t\t\t\t\t\t<\/span>\n\t\t\t\t\t<\/h3>\n\t\t\t\t\n\t\t\t\t\n\t\t\t<\/div>\n\t\t\t\n\t\t<\/div>\n\t\t\t\t\t\t<\/div>\n\t\t\t\t<\/div>\n\t\t\t\t<\/div>\n\t\t<div class=\"elementor-element elementor-element-36d284e9 e-con-full e-flex e-con e-child\" data-id=\"36d284e9\" data-element_type=\"container\" data-e-type=\"container\">\n\t\t\t\t<\/div>\n\t\t\t\t\t<\/div>\n\t\t\t\t<\/div>\n\t\t\t\t<\/div>\n\t\t<div class=\"elementor-element elementor-element-50fdacf4 e-flex e-con-boxed e-con e-parent\" data-id=\"50fdacf4\" data-element_type=\"container\" data-e-type=\"container\">\n\t\t\t\t\t<div class=\"e-con-inner\">\n\t\t\t\t<div class=\"elementor-element elementor-element-53f2635c elementor-invisible elementor-widget elementor-widget-text-editor\" data-id=\"53f2635c\" data-element_type=\"widget\" data-e-type=\"widget\" data-settings=\"{&quot;_animation&quot;:&quot;fadeIn&quot;,&quot;_animation_delay&quot;:600}\" data-widget_type=\"text-editor.default\">\n\t\t\t\t<div class=\"elementor-widget-container\">\n\t\t\t\t\t\t\t\t\t<h2 class=\"wp-block-heading\"><b>Qui\u00e9nes somos<\/b><\/h2>\n<p><!-- \/wp:heading --><!-- wp:paragraph --><\/p>\n<p>Nuestra direcci\u00f3n de p\u00e1gina web es: <strong>http:\/\/gracefilledreads.com<\/strong><\/p>\n<p><!-- \/wp:paragraph --><!-- wp:heading --><\/p>\n<h2 class=\"wp-block-heading\"><b>Comentarios<\/b><\/h2>\n<p><!-- \/wp:heading --><!-- wp:paragraph --><\/p>\n<p>Cuando los visitantes dejan comentarios en el sitio, recopilamos los datos que se muestran en el formulario de comentarios, y tambi\u00e9n la direcci\u00f3n IP del visitante y la cadena del agente de usuario del navegador para ayudar a la detecci\u00f3n de spam.<\/p>\n<p><!-- \/wp:paragraph --><!-- wp:paragraph --><\/p>\n<p>Es posible que se proporcione al servicio Gravatar una cadena an\u00f3nima creada a partir de su direcci\u00f3n de correo electr\u00f3nico (tambi\u00e9n llamada hash) para ver si la est\u00e1 utilizando. La pol\u00edtica de privacidad del servicio Gravatar est\u00e1 disponible aqu\u00ed: https:\/\/automattic.com\/privacy\/. Despu\u00e9s de la aprobaci\u00f3n de su comentario, su foto de perfil es visible para el p\u00fablico en el contexto de su comentario.<\/p>\n<p><!-- \/wp:paragraph --><!-- wp:heading --><\/p>\n<h2 class=\"wp-block-heading\"><b>Media<\/b><\/h2>\n<p><!-- \/wp:heading --><!-- wp:paragraph --><\/p>\n<p>Si subes im\u00e1genes al sitio web, debes evitar subir im\u00e1genes con datos de ubicaci\u00f3n incrustados (GPS EXIF). Los visitantes del sitio web pueden descargar y extraer cualquier dato de ubicaci\u00f3n de las im\u00e1genes del sitio web.<\/p>\n<p><!-- \/wp:paragraph --><!-- wp:heading --><\/p>\n<h2 class=\"wp-block-heading\"><b>Cookies<\/b><\/h2>\n<p><!-- \/wp:heading --><!-- wp:paragraph --><\/p>\n<p>Si dejas un comentario en nuestro sitio, puedes optar por guardar tu nombre, direcci\u00f3n de correo electr\u00f3nico y sitio web en cookies. Esto es para tu comodidad, para que no tengas que volver a rellenar tus datos cuando dejes otro comentario. Estas cookies durar\u00e1n un a\u00f1o.<\/p>\n<p><!-- \/wp:paragraph --><!-- wp:paragraph --><\/p>\n<p>Si visitas nuestra p\u00e1gina de inicio de sesi\u00f3n, instalaremos una cookie temporal para determinar si tu navegador acepta cookies. Esta cookie no contiene datos personales y se descarta cuando cierras el navegador.<\/p>\n<p><!-- \/wp:paragraph --><!-- wp:paragraph --><\/p>\n<p>Cuando inicias sesi\u00f3n, tambi\u00e9n instalaremos varias cookies para guardar tu informaci\u00f3n de inicio de sesi\u00f3n y tus opciones de visualizaci\u00f3n de pantalla. Las cookies de inicio de sesi\u00f3n duran dos d\u00edas y las cookies de opciones de pantalla duran un a\u00f1o. Si seleccionas \"Recordarme\", tu inicio de sesi\u00f3n persistir\u00e1 durante dos semanas. Si cierras la sesi\u00f3n de tu cuenta, se eliminar\u00e1n las cookies de inicio de sesi\u00f3n.<\/p>\n<p><!-- \/wp:paragraph --><!-- wp:paragraph --><\/p>\n<p>Si editas o publicas un art\u00edculo, se guardar\u00e1 una cookie adicional en tu navegador. Esta cookie no incluye datos personales y simplemente indica el ID de la publicaci\u00f3n del art\u00edculo que acabas de editar. Caduca despu\u00e9s de 1 d\u00eda.<\/p>\n<p><!-- \/wp:paragraph --><!-- wp:heading --><\/p>\n<h2 class=\"wp-block-heading\"><b>Contenido incrustado de otros sitios web<\/b><\/h2>\n<p><!-- \/wp:heading --><!-- wp:paragraph --><\/p>\n<p>Los art\u00edculos de este sitio pueden incluir contenido incrustado (por ejemplo, v\u00eddeos, im\u00e1genes, art\u00edculos, etc.). El contenido incrustado de otros sitios web se comporta exactamente de la misma manera que si el visitante hubiera visitado el otro sitio web.<\/p>\n<p><!-- \/wp:paragraph --><!-- wp:paragraph --><\/p>\n<p>Estos sitios web pueden recopilar datos sobre usted, utilizar cookies, incrustar un seguimiento adicional de terceros y supervisar su interacci\u00f3n con ese contenido incrustado, incluido el seguimiento de su interacci\u00f3n con el contenido incrustado si tiene una cuenta y est\u00e1 conectado a ese sitio web.<\/p>\n<p><!-- \/wp:paragraph --><!-- wp:heading --><\/p>\n<h2 class=\"wp-block-heading\"><b>Con qui\u00e9n compartimos tus datos<\/b><\/h2>\n<p><!-- \/wp:heading --><!-- wp:paragraph --><\/p>\n<p>Si solicita un restablecimiento de contrase\u00f1a, su direcci\u00f3n IP se incluir\u00e1 en el correo electr\u00f3nico de restablecimiento.<\/p>\n<p><!-- \/wp:paragraph --><!-- wp:heading --><\/p>\n<h2 class=\"wp-block-heading\"><b>Durante cu\u00e1nto tiempo conservamos sus datos<\/b><\/h2>\n<p><!-- \/wp:heading --><!-- wp:paragraph --><\/p>\n<p>Si dejas un comentario, el comentario y sus metadatos se conservan indefinidamente. Esto es para que podamos reconocer y aprobar autom\u00e1ticamente cualquier comentario posterior en lugar de mantenerlos en una cola de moderaci\u00f3n.<\/p>\n<p><!-- \/wp:paragraph --><!-- wp:paragraph --><\/p>\n<p>De los usuarios que se registran en nuestro sitio web (si los hay), tambi\u00e9n almacenamos la informaci\u00f3n personal que proporcionan en su perfil de usuario. Todos los usuarios pueden ver, editar o eliminar su informaci\u00f3n personal en cualquier momento (excepto que no pueden cambiar su nombre de usuario). Los administradores del sitio web tambi\u00e9n pueden ver y editar esa informaci\u00f3n.<\/p>\n<p><!-- \/wp:paragraph --><!-- wp:heading --><\/p>\n<h2 class=\"wp-block-heading\"><b>Qu\u00e9 derechos tienes sobre tus datos<\/b><\/h2>\n<p><!-- \/wp:heading --><!-- wp:paragraph --><\/p>\n<p>Si tienes una cuenta en este sitio o has dejado comentarios, puedes solicitar recibir un archivo exportado de los datos personales que tenemos sobre ti, incluyendo cualquier dato que nos hayas proporcionado. Tambi\u00e9n puedes solicitar que borremos cualquier dato personal que tengamos sobre ti. Esto no incluye ning\u00fan dato que estemos obligados a conservar con fines administrativos, legales o de seguridad.<\/p>\n<p><!-- \/wp:paragraph --><!-- wp:heading --><\/p>\n<h2 class=\"wp-block-heading\"><b>D\u00f3nde se env\u00edan sus datos<\/b><\/h2>\n<p><!-- \/wp:heading --><!-- wp:paragraph --><\/p>\n<p>Los comentarios de los visitantes pueden revisarse a trav\u00e9s de un servicio de detecci\u00f3n autom\u00e1tica de spam.<\/p>\n<p><!-- \/wp:paragraph --><\/p>\t\t\t\t\t\t\t\t<\/div>\n\t\t\t\t<\/div>\n\t\t\t\t\t<\/div>\n\t\t\t\t<\/div>\n\t\t\t\t<\/div>","protected":false},"excerpt":{"rendered":"<p>Privacy Policy Who we are Our website address is: http:\/\/gracefilledreads.com Comments When visitors leave comments on the site we collect the data shown in the comments form, and also the visitor\u2019s IP address and browser user agent string to help spam detection. An anonymized string created from your email address (also called a hash) may [&hellip;]<\/p>\n","protected":false},"author":1,"featured_media":0,"parent":0,"menu_order":0,"comment_status":"closed","ping_status":"open","template":"","meta":{"footnotes":""},"class_list":["post-3","page","type-page","status-publish","hentry"],"yoast_head":"<!-- This site is optimized with the Yoast SEO plugin v27.3 - https:\/\/yoast.com\/product\/yoast-seo-wordpress\/ -->\n<title>Privacy Policy - Grace Filled Reads<\/title>\n<meta name=\"robots\" content=\"index, follow, max-snippet:-1, max-image-preview:large, max-video-preview:-1\" \/>\n<link rel=\"canonical\" href=\"https:\/\/gracefilledreads.com\/es\/privacy-policy\/\" \/>\n<meta property=\"og:locale\" content=\"es_ES\" \/>\n<meta property=\"og:type\" content=\"article\" \/>\n<meta property=\"og:title\" content=\"Privacy Policy - Grace Filled Reads\" \/>\n<meta property=\"og:description\" content=\"Privacy Policy Who we are Our website address is: http:\/\/gracefilledreads.com Comments When visitors leave comments on the site we collect the data shown in the comments form, and also the visitor\u2019s IP address and browser user agent string to help spam detection. An anonymized string created from your email address (also called a hash) may [&hellip;]\" \/>\n<meta property=\"og:url\" content=\"https:\/\/gracefilledreads.com\/es\/privacy-policy\/\" \/>\n<meta property=\"og:site_name\" content=\"Grace Filled Reads\" \/>\n<meta property=\"article:modified_time\" content=\"2024-12-12T12:08:16+00:00\" \/>\n<meta name=\"twitter:card\" content=\"summary_large_image\" \/>\n<meta name=\"twitter:label1\" content=\"Tiempo estimado de lectura\" \/>\n\t<meta name=\"twitter:data1\" content=\"3 minutos\" \/>\n<script type=\"application\/ld+json\" class=\"yoast-schema-graph\">{\"@context\":\"https:\\\/\\\/schema.org\",\"@graph\":[{\"@type\":\"WebPage\",\"@id\":\"https:\\\/\\\/gracefilledreads.com\\\/privacy-policy\\\/\",\"url\":\"https:\\\/\\\/gracefilledreads.com\\\/privacy-policy\\\/\",\"name\":\"Privacy Policy - Grace Filled Reads\",\"isPartOf\":{\"@id\":\"https:\\\/\\\/gracefilledreads.com\\\/#website\"},\"datePublished\":\"2024-10-31T01:24:32+00:00\",\"dateModified\":\"2024-12-12T12:08:16+00:00\",\"breadcrumb\":{\"@id\":\"https:\\\/\\\/gracefilledreads.com\\\/privacy-policy\\\/#breadcrumb\"},\"inLanguage\":\"es\",\"potentialAction\":[{\"@type\":\"ReadAction\",\"target\":[\"https:\\\/\\\/gracefilledreads.com\\\/privacy-policy\\\/\"]}]},{\"@type\":\"BreadcrumbList\",\"@id\":\"https:\\\/\\\/gracefilledreads.com\\\/privacy-policy\\\/#breadcrumb\",\"itemListElement\":[{\"@type\":\"ListItem\",\"position\":1,\"name\":\"Home\",\"item\":\"https:\\\/\\\/gracefilledreads.com\\\/\"},{\"@type\":\"ListItem\",\"position\":2,\"name\":\"Privacy Policy\"}]},{\"@type\":\"WebSite\",\"@id\":\"https:\\\/\\\/gracefilledreads.com\\\/#website\",\"url\":\"https:\\\/\\\/gracefilledreads.com\\\/\",\"name\":\"Grace Filled Reads\",\"description\":\"Good Authors &amp; Transforming Messages\",\"publisher\":{\"@id\":\"https:\\\/\\\/gracefilledreads.com\\\/#organization\"},\"potentialAction\":[{\"@type\":\"SearchAction\",\"target\":{\"@type\":\"EntryPoint\",\"urlTemplate\":\"https:\\\/\\\/gracefilledreads.com\\\/?s={search_term_string}\"},\"query-input\":{\"@type\":\"PropertyValueSpecification\",\"valueRequired\":true,\"valueName\":\"search_term_string\"}}],\"inLanguage\":\"es\"},{\"@type\":\"Organization\",\"@id\":\"https:\\\/\\\/gracefilledreads.com\\\/#organization\",\"name\":\"Grace Filled Reads\",\"url\":\"https:\\\/\\\/gracefilledreads.com\\\/\",\"logo\":{\"@type\":\"ImageObject\",\"inLanguage\":\"es\",\"@id\":\"https:\\\/\\\/gracefilledreads.com\\\/#\\\/schema\\\/logo\\\/image\\\/\",\"url\":\"https:\\\/\\\/gracefilledreads.com\\\/wp-content\\\/uploads\\\/2024\\\/11\\\/gracefilledreads-LOGO-2.svg\",\"contentUrl\":\"https:\\\/\\\/gracefilledreads.com\\\/wp-content\\\/uploads\\\/2024\\\/11\\\/gracefilledreads-LOGO-2.svg\",\"width\":1008,\"height\":441,\"caption\":\"Grace Filled Reads\"},\"image\":{\"@id\":\"https:\\\/\\\/gracefilledreads.com\\\/#\\\/schema\\\/logo\\\/image\\\/\"}}]}<\/script>\n<!-- \/ Yoast SEO plugin. -->","yoast_head_json":{"title":"Privacy Policy - Grace Filled Reads","robots":{"index":"index","follow":"follow","max-snippet":"max-snippet:-1","max-image-preview":"max-image-preview:large","max-video-preview":"max-video-preview:-1"},"canonical":"https:\/\/gracefilledreads.com\/es\/privacy-policy\/","og_locale":"es_ES","og_type":"article","og_title":"Privacy Policy - Grace Filled Reads","og_description":"Privacy Policy Who we are Our website address is: http:\/\/gracefilledreads.com Comments When visitors leave comments on the site we collect the data shown in the comments form, and also the visitor\u2019s IP address and browser user agent string to help spam detection. An anonymized string created from your email address (also called a hash) may [&hellip;]","og_url":"https:\/\/gracefilledreads.com\/es\/privacy-policy\/","og_site_name":"Grace Filled Reads","article_modified_time":"2024-12-12T12:08:16+00:00","twitter_card":"summary_large_image","twitter_misc":{"Tiempo estimado de lectura":"3 minutos"},"schema":{"@context":"https:\/\/schema.org","@graph":[{"@type":"WebPage","@id":"https:\/\/gracefilledreads.com\/privacy-policy\/","url":"https:\/\/gracefilledreads.com\/privacy-policy\/","name":"Privacy Policy - Grace Filled Reads","isPartOf":{"@id":"https:\/\/gracefilledreads.com\/#website"},"datePublished":"2024-10-31T01:24:32+00:00","dateModified":"2024-12-12T12:08:16+00:00","breadcrumb":{"@id":"https:\/\/gracefilledreads.com\/privacy-policy\/#breadcrumb"},"inLanguage":"es","potentialAction":[{"@type":"ReadAction","target":["https:\/\/gracefilledreads.com\/privacy-policy\/"]}]},{"@type":"BreadcrumbList","@id":"https:\/\/gracefilledreads.com\/privacy-policy\/#breadcrumb","itemListElement":[{"@type":"ListItem","position":1,"name":"Home","item":"https:\/\/gracefilledreads.com\/"},{"@type":"ListItem","position":2,"name":"Privacy Policy"}]},{"@type":"WebSite","@id":"https:\/\/gracefilledreads.com\/#website","url":"https:\/\/gracefilledreads.com\/","name":"Grace Filled Reads","description":"Good Authors &amp; Transforming Messages","publisher":{"@id":"https:\/\/gracefilledreads.com\/#organization"},"potentialAction":[{"@type":"SearchAction","target":{"@type":"EntryPoint","urlTemplate":"https:\/\/gracefilledreads.com\/?s={search_term_string}"},"query-input":{"@type":"PropertyValueSpecification","valueRequired":true,"valueName":"search_term_string"}}],"inLanguage":"es"},{"@type":"Organization","@id":"https:\/\/gracefilledreads.com\/#organization","name":"Grace Filled Reads","url":"https:\/\/gracefilledreads.com\/","logo":{"@type":"ImageObject","inLanguage":"es","@id":"https:\/\/gracefilledreads.com\/#\/schema\/logo\/image\/","url":"https:\/\/gracefilledreads.com\/wp-content\/uploads\/2024\/11\/gracefilledreads-LOGO-2.svg","contentUrl":"https:\/\/gracefilledreads.com\/wp-content\/uploads\/2024\/11\/gracefilledreads-LOGO-2.svg","width":1008,"height":441,"caption":"Grace Filled Reads"},"image":{"@id":"https:\/\/gracefilledreads.com\/#\/schema\/logo\/image\/"}}]}},"_links":{"self":[{"href":"https:\/\/gracefilledreads.com\/es\/wp-json\/wp\/v2\/pages\/3","targetHints":{"allow":["GET"]}}],"collection":[{"href":"https:\/\/gracefilledreads.com\/es\/wp-json\/wp\/v2\/pages"}],"about":[{"href":"https:\/\/gracefilledreads.com\/es\/wp-json\/wp\/v2\/types\/page"}],"author":[{"embeddable":true,"href":"https:\/\/gracefilledreads.com\/es\/wp-json\/wp\/v2\/users\/1"}],"replies":[{"embeddable":true,"href":"https:\/\/gracefilledreads.com\/es\/wp-json\/wp\/v2\/comments?post=3"}],"version-history":[{"count":24,"href":"https:\/\/gracefilledreads.com\/es\/wp-json\/wp\/v2\/pages\/3\/revisions"}],"predecessor-version":[{"id":2138,"href":"https:\/\/gracefilledreads.com\/es\/wp-json\/wp\/v2\/pages\/3\/revisions\/2138"}],"wp:attachment":[{"href":"https:\/\/gracefilledreads.com\/es\/wp-json\/wp\/v2\/media?parent=3"}],"curies":[{"name":"wp","href":"https:\/\/api.w.org\/{rel}","templated":true}]}}