{"id":1000,"date":"2024-11-21T13:35:36","date_gmt":"2024-11-21T17:35:36","guid":{"rendered":"https:\/\/gracefilledreads.com\/product\/called-to-be-his-holy-people\/"},"modified":"2024-12-08T13:24:28","modified_gmt":"2024-12-08T17:24:28","slug":"called-to-be-his-holy-people","status":"publish","type":"product","link":"https:\/\/gracefilledreads.com\/es\/producto\/called-to-be-his-holy-people\/","title":{"rendered":"Called to be His Holy People"},"content":{"rendered":"<p>Una de las grandes alegr\u00edas de nuestra vida ha sido la relaci\u00f3n que el Se\u00f1or nos ha dado con la iglesia en Venezuela. Esta relaci\u00f3n naci\u00f3 de una tragedia, pero Dios ha convertido nuestro dolor en alegr\u00eda.<\/p>\n<p>The highlights of our 50 years of ministry have been the more than 20 years that we have lived, loved and served with the people of God in Venezuela. These devotionals in Romans are a product of that shared life. I pray that they will be helpful to you as well.<\/p>","protected":false},"excerpt":{"rendered":"<p>Una de las grandes alegr\u00edas de nuestra vida ha sido la relaci\u00f3n que el Se\u00f1or nos ha dado con la iglesia en Venezuela. Esta relaci\u00f3n naci\u00f3 de una tragedia, pero Dios ha convertido nuestro dolor en alegr\u00eda.<\/p>\n<p>Lo m\u00e1s destacado de nuestros 50 a\u00f1os de ministerio han sido los m\u00e1s de 20 a\u00f1os que hemos vivido, amado y servido con el pueblo de Dios en Venezuela. Estos devocionales en Romanos son producto de esa vida compartida. Ruego que tambi\u00e9n sean de ayuda para usted.<\/p>","protected":false},"featured_media":1001,"template":"","meta":[],"product_brand":[],"product_cat":[23,19,17],"product_tag":[],"class_list":{"0":"post-1000","1":"product","2":"type-product","3":"status-publish","4":"has-post-thumbnail","6":"product_cat-devotional","7":"product_cat-english","8":"product_cat-warren-lathem","10":"first","11":"instock","12":"shipping-taxable","13":"purchasable","14":"product-type-simple"},"yoast_head":"<!-- This site is optimized with the Yoast SEO plugin v27.3 - https:\/\/yoast.com\/product\/yoast-seo-wordpress\/ -->\n<title>Called to be His Holy People - Grace Filled Reads<\/title>\n<meta name=\"robots\" content=\"index, follow, max-snippet:-1, max-image-preview:large, max-video-preview:-1\" \/>\n<link rel=\"canonical\" href=\"https:\/\/gracefilledreads.com\/es\/producto\/called-to-be-his-holy-people\/\" \/>\n<meta property=\"og:locale\" content=\"es_ES\" \/>\n<meta property=\"og:type\" content=\"article\" \/>\n<meta property=\"og:title\" content=\"Called to be His Holy People - Grace Filled Reads\" \/>\n<meta property=\"og:description\" content=\"One of the great joys of our lives has been the relationship the Lord has given us with the church in Venezuela. This relationship grew out of a tragedy, but God has turned our pain into joy.  The highlights of our 50 years of ministry have been the more than 20 years that we have lived, loved and served with the people of God in Venezuela. These devotionals in Romans are a product of that shared life. I pray that they will be helpful to you as well\" \/>\n<meta property=\"og:url\" content=\"https:\/\/gracefilledreads.com\/es\/producto\/called-to-be-his-holy-people\/\" \/>\n<meta property=\"og:site_name\" content=\"Grace Filled Reads\" \/>\n<meta property=\"article:modified_time\" content=\"2024-12-08T17:24:28+00:00\" \/>\n<meta property=\"og:image\" content=\"https:\/\/gracefilledreads.com\/wp-content\/uploads\/2024\/11\/mn4zwr-front-shortedge-384-1.jpg\" \/>\n\t<meta property=\"og:image:width\" content=\"384\" \/>\n\t<meta property=\"og:image:height\" content=\"544\" \/>\n\t<meta property=\"og:image:type\" content=\"image\/jpeg\" \/>\n<meta name=\"twitter:card\" content=\"summary_large_image\" \/>\n<meta name=\"twitter:label1\" content=\"Tiempo estimado de lectura\" \/>\n\t<meta name=\"twitter:data1\" content=\"1 minuto\" \/>\n<script type=\"application\/ld+json\" class=\"yoast-schema-graph\">{\"@context\":\"https:\\\/\\\/schema.org\",\"@graph\":[{\"@type\":\"WebPage\",\"@id\":\"https:\\\/\\\/gracefilledreads.com\\\/product\\\/called-to-be-his-holy-people\\\/\",\"url\":\"https:\\\/\\\/gracefilledreads.com\\\/product\\\/called-to-be-his-holy-people\\\/\",\"name\":\"Called to be His Holy People - Grace Filled Reads\",\"isPartOf\":{\"@id\":\"https:\\\/\\\/gracefilledreads.com\\\/#website\"},\"primaryImageOfPage\":{\"@id\":\"https:\\\/\\\/gracefilledreads.com\\\/product\\\/called-to-be-his-holy-people\\\/#primaryimage\"},\"image\":{\"@id\":\"https:\\\/\\\/gracefilledreads.com\\\/product\\\/called-to-be-his-holy-people\\\/#primaryimage\"},\"thumbnailUrl\":\"https:\\\/\\\/gracefilledreads.com\\\/wp-content\\\/uploads\\\/2024\\\/11\\\/mn4zwr-front-shortedge-384-1.jpg\",\"datePublished\":\"2024-11-21T17:35:36+00:00\",\"dateModified\":\"2024-12-08T17:24:28+00:00\",\"breadcrumb\":{\"@id\":\"https:\\\/\\\/gracefilledreads.com\\\/product\\\/called-to-be-his-holy-people\\\/#breadcrumb\"},\"inLanguage\":\"es\",\"potentialAction\":[{\"@type\":\"ReadAction\",\"target\":[\"https:\\\/\\\/gracefilledreads.com\\\/product\\\/called-to-be-his-holy-people\\\/\"]}]},{\"@type\":\"ImageObject\",\"inLanguage\":\"es\",\"@id\":\"https:\\\/\\\/gracefilledreads.com\\\/product\\\/called-to-be-his-holy-people\\\/#primaryimage\",\"url\":\"https:\\\/\\\/gracefilledreads.com\\\/wp-content\\\/uploads\\\/2024\\\/11\\\/mn4zwr-front-shortedge-384-1.jpg\",\"contentUrl\":\"https:\\\/\\\/gracefilledreads.com\\\/wp-content\\\/uploads\\\/2024\\\/11\\\/mn4zwr-front-shortedge-384-1.jpg\",\"width\":384,\"height\":544},{\"@type\":\"BreadcrumbList\",\"@id\":\"https:\\\/\\\/gracefilledreads.com\\\/product\\\/called-to-be-his-holy-people\\\/#breadcrumb\",\"itemListElement\":[{\"@type\":\"ListItem\",\"position\":1,\"name\":\"Home\",\"item\":\"https:\\\/\\\/gracefilledreads.com\\\/\"},{\"@type\":\"ListItem\",\"position\":2,\"name\":\"Shop\",\"item\":\"https:\\\/\\\/gracefilledreads.com\\\/shop\\\/\"},{\"@type\":\"ListItem\",\"position\":3,\"name\":\"Called to be His Holy People\"}]},{\"@type\":\"WebSite\",\"@id\":\"https:\\\/\\\/gracefilledreads.com\\\/#website\",\"url\":\"https:\\\/\\\/gracefilledreads.com\\\/\",\"name\":\"Grace Filled Reads\",\"description\":\"Good Authors &amp; Transforming Messages\",\"publisher\":{\"@id\":\"https:\\\/\\\/gracefilledreads.com\\\/#organization\"},\"potentialAction\":[{\"@type\":\"SearchAction\",\"target\":{\"@type\":\"EntryPoint\",\"urlTemplate\":\"https:\\\/\\\/gracefilledreads.com\\\/?s={search_term_string}\"},\"query-input\":{\"@type\":\"PropertyValueSpecification\",\"valueRequired\":true,\"valueName\":\"search_term_string\"}}],\"inLanguage\":\"es\"},{\"@type\":\"Organization\",\"@id\":\"https:\\\/\\\/gracefilledreads.com\\\/#organization\",\"name\":\"Grace Filled Reads\",\"url\":\"https:\\\/\\\/gracefilledreads.com\\\/\",\"logo\":{\"@type\":\"ImageObject\",\"inLanguage\":\"es\",\"@id\":\"https:\\\/\\\/gracefilledreads.com\\\/#\\\/schema\\\/logo\\\/image\\\/\",\"url\":\"https:\\\/\\\/gracefilledreads.com\\\/wp-content\\\/uploads\\\/2024\\\/11\\\/gracefilledreads-LOGO-2.svg\",\"contentUrl\":\"https:\\\/\\\/gracefilledreads.com\\\/wp-content\\\/uploads\\\/2024\\\/11\\\/gracefilledreads-LOGO-2.svg\",\"width\":1008,\"height\":441,\"caption\":\"Grace Filled Reads\"},\"image\":{\"@id\":\"https:\\\/\\\/gracefilledreads.com\\\/#\\\/schema\\\/logo\\\/image\\\/\"}}]}<\/script>\n<!-- \/ Yoast SEO plugin. -->","yoast_head_json":{"title":"Called to be His Holy People - Grace Filled Reads","robots":{"index":"index","follow":"follow","max-snippet":"max-snippet:-1","max-image-preview":"max-image-preview:large","max-video-preview":"max-video-preview:-1"},"canonical":"https:\/\/gracefilledreads.com\/es\/producto\/called-to-be-his-holy-people\/","og_locale":"es_ES","og_type":"article","og_title":"Called to be His Holy People - Grace Filled Reads","og_description":"One of the great joys of our lives has been the relationship the Lord has given us with the church in Venezuela. This relationship grew out of a tragedy, but God has turned our pain into joy.  The highlights of our 50 years of ministry have been the more than 20 years that we have lived, loved and served with the people of God in Venezuela. These devotionals in Romans are a product of that shared life. I pray that they will be helpful to you as well","og_url":"https:\/\/gracefilledreads.com\/es\/producto\/called-to-be-his-holy-people\/","og_site_name":"Grace Filled Reads","article_modified_time":"2024-12-08T17:24:28+00:00","og_image":[{"width":384,"height":544,"url":"https:\/\/gracefilledreads.com\/wp-content\/uploads\/2024\/11\/mn4zwr-front-shortedge-384-1.jpg","type":"image\/jpeg"}],"twitter_card":"summary_large_image","twitter_misc":{"Tiempo estimado de lectura":"1 minuto"},"schema":{"@context":"https:\/\/schema.org","@graph":[{"@type":"WebPage","@id":"https:\/\/gracefilledreads.com\/product\/called-to-be-his-holy-people\/","url":"https:\/\/gracefilledreads.com\/product\/called-to-be-his-holy-people\/","name":"Called to be His Holy People - Grace Filled Reads","isPartOf":{"@id":"https:\/\/gracefilledreads.com\/#website"},"primaryImageOfPage":{"@id":"https:\/\/gracefilledreads.com\/product\/called-to-be-his-holy-people\/#primaryimage"},"image":{"@id":"https:\/\/gracefilledreads.com\/product\/called-to-be-his-holy-people\/#primaryimage"},"thumbnailUrl":"https:\/\/gracefilledreads.com\/wp-content\/uploads\/2024\/11\/mn4zwr-front-shortedge-384-1.jpg","datePublished":"2024-11-21T17:35:36+00:00","dateModified":"2024-12-08T17:24:28+00:00","breadcrumb":{"@id":"https:\/\/gracefilledreads.com\/product\/called-to-be-his-holy-people\/#breadcrumb"},"inLanguage":"es","potentialAction":[{"@type":"ReadAction","target":["https:\/\/gracefilledreads.com\/product\/called-to-be-his-holy-people\/"]}]},{"@type":"ImageObject","inLanguage":"es","@id":"https:\/\/gracefilledreads.com\/product\/called-to-be-his-holy-people\/#primaryimage","url":"https:\/\/gracefilledreads.com\/wp-content\/uploads\/2024\/11\/mn4zwr-front-shortedge-384-1.jpg","contentUrl":"https:\/\/gracefilledreads.com\/wp-content\/uploads\/2024\/11\/mn4zwr-front-shortedge-384-1.jpg","width":384,"height":544},{"@type":"BreadcrumbList","@id":"https:\/\/gracefilledreads.com\/product\/called-to-be-his-holy-people\/#breadcrumb","itemListElement":[{"@type":"ListItem","position":1,"name":"Home","item":"https:\/\/gracefilledreads.com\/"},{"@type":"ListItem","position":2,"name":"Shop","item":"https:\/\/gracefilledreads.com\/shop\/"},{"@type":"ListItem","position":3,"name":"Called to be His Holy People"}]},{"@type":"WebSite","@id":"https:\/\/gracefilledreads.com\/#website","url":"https:\/\/gracefilledreads.com\/","name":"Grace Filled Reads","description":"Good Authors &amp; Transforming Messages","publisher":{"@id":"https:\/\/gracefilledreads.com\/#organization"},"potentialAction":[{"@type":"SearchAction","target":{"@type":"EntryPoint","urlTemplate":"https:\/\/gracefilledreads.com\/?s={search_term_string}"},"query-input":{"@type":"PropertyValueSpecification","valueRequired":true,"valueName":"search_term_string"}}],"inLanguage":"es"},{"@type":"Organization","@id":"https:\/\/gracefilledreads.com\/#organization","name":"Grace Filled Reads","url":"https:\/\/gracefilledreads.com\/","logo":{"@type":"ImageObject","inLanguage":"es","@id":"https:\/\/gracefilledreads.com\/#\/schema\/logo\/image\/","url":"https:\/\/gracefilledreads.com\/wp-content\/uploads\/2024\/11\/gracefilledreads-LOGO-2.svg","contentUrl":"https:\/\/gracefilledreads.com\/wp-content\/uploads\/2024\/11\/gracefilledreads-LOGO-2.svg","width":1008,"height":441,"caption":"Grace Filled Reads"},"image":{"@id":"https:\/\/gracefilledreads.com\/#\/schema\/logo\/image\/"}}]}},"_links":{"self":[{"href":"https:\/\/gracefilledreads.com\/es\/wp-json\/wp\/v2\/product\/1000","targetHints":{"allow":["GET"]}}],"collection":[{"href":"https:\/\/gracefilledreads.com\/es\/wp-json\/wp\/v2\/product"}],"about":[{"href":"https:\/\/gracefilledreads.com\/es\/wp-json\/wp\/v2\/types\/product"}],"wp:featuredmedia":[{"embeddable":true,"href":"https:\/\/gracefilledreads.com\/es\/wp-json\/wp\/v2\/media\/1001"}],"wp:attachment":[{"href":"https:\/\/gracefilledreads.com\/es\/wp-json\/wp\/v2\/media?parent=1000"}],"wp:term":[{"taxonomy":"product_brand","embeddable":true,"href":"https:\/\/gracefilledreads.com\/es\/wp-json\/wp\/v2\/product_brand?post=1000"},{"taxonomy":"product_cat","embeddable":true,"href":"https:\/\/gracefilledreads.com\/es\/wp-json\/wp\/v2\/product_cat?post=1000"},{"taxonomy":"product_tag","embeddable":true,"href":"https:\/\/gracefilledreads.com\/es\/wp-json\/wp\/v2\/product_tag?post=1000"}],"curies":[{"name":"wp","href":"https:\/\/api.w.org\/{rel}","templated":true}]}}