{"id":1002,"date":"2024-11-21T13:35:54","date_gmt":"2024-11-21T17:35:54","guid":{"rendered":"https:\/\/gracefilledreads.com\/product\/tears-did-not-fall\/"},"modified":"2024-12-08T13:23:50","modified_gmt":"2024-12-08T17:23:50","slug":"tears-did-not-fall","status":"publish","type":"product","link":"https:\/\/gracefilledreads.com\/es\/producto\/tears-did-not-fall\/","title":{"rendered":"Tears Did Not Fall"},"content":{"rendered":"<p>\u201cEn esa tierra lejana, nunca llegaba la noche ni amanec\u00eda. Era el lugar donde no ca\u00edan l\u00e1grimas y no exist\u00edan las preocupaciones\u2026\u201d Nely Cab Al entrar en mi 70.\u00ba a\u00f1o en este planeta, me atraen los recuerdos de otro tiempo y lugar. En muchos sentidos, era muy diferente de hoy.<\/p>\n<p>Lathemtown era mi hogar. Nuestra familia hab\u00eda emigrado de Carolina del Sur al condado de Cherokee, Georgia, en la d\u00e9cada de 1830. Eran principalmente agricultores. Luego, una peque\u00f1a mina de oro cambi\u00f3 las cosas. Se construyeron casas nuevas, una tienda general, una desmotadora de algod\u00f3n, un granero para el comercio de mulas, una iglesia metodista y m\u00e1s con las ganancias de esa peque\u00f1a mina. Estas fueron las estructuras centrales de mi infancia (\u2026) Mi vida ha sido bendecida. Espero que disfrutes de estas historias de mi infancia y juventud. Muchos de mi generaci\u00f3n se ver\u00e1n reflejados en estas vi\u00f1etas. Otros se familiarizar\u00e1n con un mundo extra\u00f1o y antiguo.<\/p>\n<p>R\u00edete conmigo o de m\u00ed. No me importa cu\u00e1l. Pero, por favor, r\u00edete. El Se\u00f1or sabe que ya hemos llorado bastante. Reflexiona sobre tu experiencia. Tal vez puedas compartir tus historias.<\/p>","protected":false},"excerpt":{"rendered":"<p>\u201cEn esa tierra lejana, nunca llegaba la noche ni amanec\u00eda. Era el lugar donde no ca\u00edan l\u00e1grimas y no exist\u00edan las preocupaciones\u2026\u201d Nely Cab Al entrar en mi 70.\u00ba a\u00f1o en este planeta, me atraen los recuerdos de otro tiempo y lugar. En muchos sentidos, era muy diferente de hoy.<\/p>\n<p>Lathemtown era mi hogar. Nuestra familia hab\u00eda emigrado de Carolina del Sur al condado de Cherokee, Georgia, en la d\u00e9cada de 1830. Eran principalmente agricultores. Luego, una peque\u00f1a mina de oro cambi\u00f3 las cosas. Se construyeron casas nuevas, una tienda general, una desmotadora de algod\u00f3n, un granero para el comercio de mulas, una iglesia metodista y m\u00e1s con las ganancias de esa peque\u00f1a mina. Estas fueron las estructuras centrales de mi infancia (\u2026) Mi vida ha sido bendecida. Espero que disfrutes de estas historias de mi infancia y juventud. Muchos de mi generaci\u00f3n se ver\u00e1n reflejados en estas vi\u00f1etas. Otros se familiarizar\u00e1n con un mundo extra\u00f1o y antiguo.<\/p>\n<p>R\u00edete conmigo o de m\u00ed. No me importa cu\u00e1l. Pero, por favor, r\u00edete. El Se\u00f1or sabe que ya hemos llorado bastante. Reflexiona sobre tu experiencia. Tal vez puedas compartir tus historias.<\/p>","protected":false},"featured_media":1003,"template":"","meta":[],"product_brand":[],"product_cat":[17],"product_tag":[],"class_list":{"0":"post-1002","1":"product","2":"type-product","3":"status-publish","4":"has-post-thumbnail","6":"product_cat-warren-lathem","8":"first","9":"instock","10":"shipping-taxable","11":"purchasable","12":"product-type-simple"},"yoast_head":"<!-- This site is optimized with the Yoast SEO plugin v27.3 - https:\/\/yoast.com\/product\/yoast-seo-wordpress\/ -->\n<title>Tears Did Not Fall - Grace Filled Reads<\/title>\n<meta name=\"robots\" content=\"index, follow, max-snippet:-1, max-image-preview:large, max-video-preview:-1\" \/>\n<link rel=\"canonical\" href=\"https:\/\/gracefilledreads.com\/es\/producto\/tears-did-not-fall\/\" \/>\n<meta property=\"og:locale\" content=\"es_ES\" \/>\n<meta property=\"og:type\" content=\"article\" \/>\n<meta property=\"og:title\" content=\"Tears Did Not Fall - Grace Filled Reads\" \/>\n<meta property=\"og:description\" content=\"\u201cIn that far away land, night never came and day never broke. It was the place where tears did not fall and worries did not exist\u2026\u201d Nely Cab As I enter my 70th year on this planet, I am drawn to memories of another time and place. It was in many ways so very different from today.  Lathemtown was my home. Our family had migrated from South Carolina to Cherokee County, Georgia in the 1830\u2019s. They were primarily farmers. Then a small gold mine changed things. New houses, a General Store, a Cotton Gin, a Mule Trading Barn, a Methodist Church and more were built from the proceeds of that little mine. These were the central structures of my childhood (...) My life has been blessed. I hope you enjoy these stories of my childhood and youth. Many of my generation will see themselves in these vignettes. Others will become acquainted with an alien and ancient world.  Laugh with me, or at me. I don\u2019t care which. But please laugh. The Lord knows we have done enough crying. Reflect on your journey. Maybe you can share your stories.\" \/>\n<meta property=\"og:url\" content=\"https:\/\/gracefilledreads.com\/es\/producto\/tears-did-not-fall\/\" \/>\n<meta property=\"og:site_name\" content=\"Grace Filled Reads\" \/>\n<meta property=\"article:modified_time\" content=\"2024-12-08T17:23:50+00:00\" \/>\n<meta property=\"og:image\" content=\"https:\/\/gracefilledreads.com\/wp-content\/uploads\/2024\/11\/mndnr7-front-shortedge-384-1.jpg\" \/>\n\t<meta property=\"og:image:width\" content=\"384\" \/>\n\t<meta property=\"og:image:height\" content=\"544\" \/>\n\t<meta property=\"og:image:type\" content=\"image\/jpeg\" \/>\n<meta name=\"twitter:card\" content=\"summary_large_image\" \/>\n<meta name=\"twitter:label1\" content=\"Tiempo estimado de lectura\" \/>\n\t<meta name=\"twitter:data1\" content=\"2 minutos\" \/>\n<script type=\"application\/ld+json\" class=\"yoast-schema-graph\">{\"@context\":\"https:\\\/\\\/schema.org\",\"@graph\":[{\"@type\":\"WebPage\",\"@id\":\"https:\\\/\\\/gracefilledreads.com\\\/product\\\/tears-did-not-fall\\\/\",\"url\":\"https:\\\/\\\/gracefilledreads.com\\\/product\\\/tears-did-not-fall\\\/\",\"name\":\"Tears Did Not Fall - Grace Filled Reads\",\"isPartOf\":{\"@id\":\"https:\\\/\\\/gracefilledreads.com\\\/#website\"},\"primaryImageOfPage\":{\"@id\":\"https:\\\/\\\/gracefilledreads.com\\\/product\\\/tears-did-not-fall\\\/#primaryimage\"},\"image\":{\"@id\":\"https:\\\/\\\/gracefilledreads.com\\\/product\\\/tears-did-not-fall\\\/#primaryimage\"},\"thumbnailUrl\":\"https:\\\/\\\/gracefilledreads.com\\\/wp-content\\\/uploads\\\/2024\\\/11\\\/mndnr7-front-shortedge-384-1.jpg\",\"datePublished\":\"2024-11-21T17:35:54+00:00\",\"dateModified\":\"2024-12-08T17:23:50+00:00\",\"breadcrumb\":{\"@id\":\"https:\\\/\\\/gracefilledreads.com\\\/product\\\/tears-did-not-fall\\\/#breadcrumb\"},\"inLanguage\":\"es\",\"potentialAction\":[{\"@type\":\"ReadAction\",\"target\":[\"https:\\\/\\\/gracefilledreads.com\\\/product\\\/tears-did-not-fall\\\/\"]}]},{\"@type\":\"ImageObject\",\"inLanguage\":\"es\",\"@id\":\"https:\\\/\\\/gracefilledreads.com\\\/product\\\/tears-did-not-fall\\\/#primaryimage\",\"url\":\"https:\\\/\\\/gracefilledreads.com\\\/wp-content\\\/uploads\\\/2024\\\/11\\\/mndnr7-front-shortedge-384-1.jpg\",\"contentUrl\":\"https:\\\/\\\/gracefilledreads.com\\\/wp-content\\\/uploads\\\/2024\\\/11\\\/mndnr7-front-shortedge-384-1.jpg\",\"width\":384,\"height\":544},{\"@type\":\"BreadcrumbList\",\"@id\":\"https:\\\/\\\/gracefilledreads.com\\\/product\\\/tears-did-not-fall\\\/#breadcrumb\",\"itemListElement\":[{\"@type\":\"ListItem\",\"position\":1,\"name\":\"Home\",\"item\":\"https:\\\/\\\/gracefilledreads.com\\\/\"},{\"@type\":\"ListItem\",\"position\":2,\"name\":\"Shop\",\"item\":\"https:\\\/\\\/gracefilledreads.com\\\/shop\\\/\"},{\"@type\":\"ListItem\",\"position\":3,\"name\":\"Tears Did Not Fall\"}]},{\"@type\":\"WebSite\",\"@id\":\"https:\\\/\\\/gracefilledreads.com\\\/#website\",\"url\":\"https:\\\/\\\/gracefilledreads.com\\\/\",\"name\":\"Grace Filled Reads\",\"description\":\"Good Authors &amp; Transforming Messages\",\"publisher\":{\"@id\":\"https:\\\/\\\/gracefilledreads.com\\\/#organization\"},\"potentialAction\":[{\"@type\":\"SearchAction\",\"target\":{\"@type\":\"EntryPoint\",\"urlTemplate\":\"https:\\\/\\\/gracefilledreads.com\\\/?s={search_term_string}\"},\"query-input\":{\"@type\":\"PropertyValueSpecification\",\"valueRequired\":true,\"valueName\":\"search_term_string\"}}],\"inLanguage\":\"es\"},{\"@type\":\"Organization\",\"@id\":\"https:\\\/\\\/gracefilledreads.com\\\/#organization\",\"name\":\"Grace Filled Reads\",\"url\":\"https:\\\/\\\/gracefilledreads.com\\\/\",\"logo\":{\"@type\":\"ImageObject\",\"inLanguage\":\"es\",\"@id\":\"https:\\\/\\\/gracefilledreads.com\\\/#\\\/schema\\\/logo\\\/image\\\/\",\"url\":\"https:\\\/\\\/gracefilledreads.com\\\/wp-content\\\/uploads\\\/2024\\\/11\\\/gracefilledreads-LOGO-2.svg\",\"contentUrl\":\"https:\\\/\\\/gracefilledreads.com\\\/wp-content\\\/uploads\\\/2024\\\/11\\\/gracefilledreads-LOGO-2.svg\",\"width\":1008,\"height\":441,\"caption\":\"Grace Filled Reads\"},\"image\":{\"@id\":\"https:\\\/\\\/gracefilledreads.com\\\/#\\\/schema\\\/logo\\\/image\\\/\"}}]}<\/script>\n<!-- \/ Yoast SEO plugin. -->","yoast_head_json":{"title":"Tears Did Not Fall - Grace Filled Reads","robots":{"index":"index","follow":"follow","max-snippet":"max-snippet:-1","max-image-preview":"max-image-preview:large","max-video-preview":"max-video-preview:-1"},"canonical":"https:\/\/gracefilledreads.com\/es\/producto\/tears-did-not-fall\/","og_locale":"es_ES","og_type":"article","og_title":"Tears Did Not Fall - Grace Filled Reads","og_description":"\u201cIn that far away land, night never came and day never broke. It was the place where tears did not fall and worries did not exist\u2026\u201d Nely Cab As I enter my 70th year on this planet, I am drawn to memories of another time and place. It was in many ways so very different from today.  Lathemtown was my home. Our family had migrated from South Carolina to Cherokee County, Georgia in the 1830\u2019s. They were primarily farmers. Then a small gold mine changed things. New houses, a General Store, a Cotton Gin, a Mule Trading Barn, a Methodist Church and more were built from the proceeds of that little mine. These were the central structures of my childhood (...) My life has been blessed. I hope you enjoy these stories of my childhood and youth. Many of my generation will see themselves in these vignettes. Others will become acquainted with an alien and ancient world.  Laugh with me, or at me. I don\u2019t care which. But please laugh. The Lord knows we have done enough crying. Reflect on your journey. Maybe you can share your stories.","og_url":"https:\/\/gracefilledreads.com\/es\/producto\/tears-did-not-fall\/","og_site_name":"Grace Filled Reads","article_modified_time":"2024-12-08T17:23:50+00:00","og_image":[{"width":384,"height":544,"url":"https:\/\/gracefilledreads.com\/wp-content\/uploads\/2024\/11\/mndnr7-front-shortedge-384-1.jpg","type":"image\/jpeg"}],"twitter_card":"summary_large_image","twitter_misc":{"Tiempo estimado de lectura":"2 minutos"},"schema":{"@context":"https:\/\/schema.org","@graph":[{"@type":"WebPage","@id":"https:\/\/gracefilledreads.com\/product\/tears-did-not-fall\/","url":"https:\/\/gracefilledreads.com\/product\/tears-did-not-fall\/","name":"Tears Did Not Fall - Grace Filled Reads","isPartOf":{"@id":"https:\/\/gracefilledreads.com\/#website"},"primaryImageOfPage":{"@id":"https:\/\/gracefilledreads.com\/product\/tears-did-not-fall\/#primaryimage"},"image":{"@id":"https:\/\/gracefilledreads.com\/product\/tears-did-not-fall\/#primaryimage"},"thumbnailUrl":"https:\/\/gracefilledreads.com\/wp-content\/uploads\/2024\/11\/mndnr7-front-shortedge-384-1.jpg","datePublished":"2024-11-21T17:35:54+00:00","dateModified":"2024-12-08T17:23:50+00:00","breadcrumb":{"@id":"https:\/\/gracefilledreads.com\/product\/tears-did-not-fall\/#breadcrumb"},"inLanguage":"es","potentialAction":[{"@type":"ReadAction","target":["https:\/\/gracefilledreads.com\/product\/tears-did-not-fall\/"]}]},{"@type":"ImageObject","inLanguage":"es","@id":"https:\/\/gracefilledreads.com\/product\/tears-did-not-fall\/#primaryimage","url":"https:\/\/gracefilledreads.com\/wp-content\/uploads\/2024\/11\/mndnr7-front-shortedge-384-1.jpg","contentUrl":"https:\/\/gracefilledreads.com\/wp-content\/uploads\/2024\/11\/mndnr7-front-shortedge-384-1.jpg","width":384,"height":544},{"@type":"BreadcrumbList","@id":"https:\/\/gracefilledreads.com\/product\/tears-did-not-fall\/#breadcrumb","itemListElement":[{"@type":"ListItem","position":1,"name":"Home","item":"https:\/\/gracefilledreads.com\/"},{"@type":"ListItem","position":2,"name":"Shop","item":"https:\/\/gracefilledreads.com\/shop\/"},{"@type":"ListItem","position":3,"name":"Tears Did Not Fall"}]},{"@type":"WebSite","@id":"https:\/\/gracefilledreads.com\/#website","url":"https:\/\/gracefilledreads.com\/","name":"Grace Filled Reads","description":"Good Authors &amp; Transforming Messages","publisher":{"@id":"https:\/\/gracefilledreads.com\/#organization"},"potentialAction":[{"@type":"SearchAction","target":{"@type":"EntryPoint","urlTemplate":"https:\/\/gracefilledreads.com\/?s={search_term_string}"},"query-input":{"@type":"PropertyValueSpecification","valueRequired":true,"valueName":"search_term_string"}}],"inLanguage":"es"},{"@type":"Organization","@id":"https:\/\/gracefilledreads.com\/#organization","name":"Grace Filled Reads","url":"https:\/\/gracefilledreads.com\/","logo":{"@type":"ImageObject","inLanguage":"es","@id":"https:\/\/gracefilledreads.com\/#\/schema\/logo\/image\/","url":"https:\/\/gracefilledreads.com\/wp-content\/uploads\/2024\/11\/gracefilledreads-LOGO-2.svg","contentUrl":"https:\/\/gracefilledreads.com\/wp-content\/uploads\/2024\/11\/gracefilledreads-LOGO-2.svg","width":1008,"height":441,"caption":"Grace Filled Reads"},"image":{"@id":"https:\/\/gracefilledreads.com\/#\/schema\/logo\/image\/"}}]}},"_links":{"self":[{"href":"https:\/\/gracefilledreads.com\/es\/wp-json\/wp\/v2\/product\/1002","targetHints":{"allow":["GET"]}}],"collection":[{"href":"https:\/\/gracefilledreads.com\/es\/wp-json\/wp\/v2\/product"}],"about":[{"href":"https:\/\/gracefilledreads.com\/es\/wp-json\/wp\/v2\/types\/product"}],"wp:featuredmedia":[{"embeddable":true,"href":"https:\/\/gracefilledreads.com\/es\/wp-json\/wp\/v2\/media\/1003"}],"wp:attachment":[{"href":"https:\/\/gracefilledreads.com\/es\/wp-json\/wp\/v2\/media?parent=1002"}],"wp:term":[{"taxonomy":"product_brand","embeddable":true,"href":"https:\/\/gracefilledreads.com\/es\/wp-json\/wp\/v2\/product_brand?post=1002"},{"taxonomy":"product_cat","embeddable":true,"href":"https:\/\/gracefilledreads.com\/es\/wp-json\/wp\/v2\/product_cat?post=1002"},{"taxonomy":"product_tag","embeddable":true,"href":"https:\/\/gracefilledreads.com\/es\/wp-json\/wp\/v2\/product_tag?post=1002"}],"curies":[{"name":"wp","href":"https:\/\/api.w.org\/{rel}","templated":true}]}}