{"id":1004,"date":"2024-11-21T13:36:11","date_gmt":"2024-11-21T17:36:11","guid":{"rendered":"https:\/\/gracefilledreads.com\/product\/acts-of-the-holy-spirit\/"},"modified":"2024-11-24T10:59:02","modified_gmt":"2024-11-24T14:59:02","slug":"acts-of-the-holy-spirit","status":"publish","type":"product","link":"https:\/\/gracefilledreads.com\/es\/producto\/acts-of-the-holy-spirit\/","title":{"rendered":"Acts of the Holy Spirit"},"content":{"rendered":"<p>Esta es una gu\u00eda devocional para la lectura del Libro de los Hechos. Leer\u00e1s un cap\u00edtulo por d\u00eda de los Hechos de los Ap\u00f3stoles. Luego leer\u00e1s una breve devoci\u00f3n basada en ese cap\u00edtulo. Confiamos en que recibir\u00e1s el poder de ser testigo como lo fueron los primeros Ap\u00f3stoles.<\/p>","protected":false},"excerpt":{"rendered":"<p>Esta es una gu\u00eda devocional para la lectura del Libro de los Hechos. Leer\u00e1s un cap\u00edtulo por d\u00eda de los Hechos de los Ap\u00f3stoles. Luego leer\u00e1s una breve devoci\u00f3n basada en ese cap\u00edtulo. Confiamos en que recibir\u00e1s el poder de ser testigo como lo fueron los primeros Ap\u00f3stoles.<\/p>","protected":false},"featured_media":1005,"template":"","meta":[],"product_brand":[],"product_cat":[23,19,17],"product_tag":[],"class_list":{"0":"post-1004","1":"product","2":"type-product","3":"status-publish","4":"has-post-thumbnail","6":"product_cat-devotional","7":"product_cat-english","8":"product_cat-warren-lathem","10":"first","11":"instock","12":"shipping-taxable","13":"purchasable","14":"product-type-simple"},"yoast_head":"<!-- This site is optimized with the Yoast SEO plugin v27.3 - https:\/\/yoast.com\/product\/yoast-seo-wordpress\/ -->\n<title>Acts of the Holy Spirit - Grace Filled Reads<\/title>\n<meta name=\"robots\" content=\"index, follow, max-snippet:-1, max-image-preview:large, max-video-preview:-1\" \/>\n<link rel=\"canonical\" href=\"https:\/\/gracefilledreads.com\/es\/producto\/acts-of-the-holy-spirit\/\" \/>\n<meta property=\"og:locale\" content=\"es_ES\" \/>\n<meta property=\"og:type\" content=\"article\" \/>\n<meta property=\"og:title\" content=\"Acts of the Holy Spirit - Grace Filled Reads\" \/>\n<meta property=\"og:description\" content=\"This is a devotional guide to the reading of the Book of Acts. You will read one chapter a day in Acts of the Apostles. Then you will read a short devotion based on that chapter. We trust you will be empowered to be witnesses as were the early Apostles.\" \/>\n<meta property=\"og:url\" content=\"https:\/\/gracefilledreads.com\/es\/producto\/acts-of-the-holy-spirit\/\" \/>\n<meta property=\"og:site_name\" content=\"Grace Filled Reads\" \/>\n<meta property=\"article:modified_time\" content=\"2024-11-24T14:59:02+00:00\" \/>\n<meta property=\"og:image\" content=\"https:\/\/gracefilledreads.com\/wp-content\/uploads\/2024\/11\/4zpvg9-front-shortedge-384-1.jpg\" \/>\n\t<meta property=\"og:image:width\" content=\"384\" \/>\n\t<meta property=\"og:image:height\" content=\"544\" \/>\n\t<meta property=\"og:image:type\" content=\"image\/jpeg\" \/>\n<meta name=\"twitter:card\" content=\"summary_large_image\" \/>\n<script type=\"application\/ld+json\" class=\"yoast-schema-graph\">{\"@context\":\"https:\\\/\\\/schema.org\",\"@graph\":[{\"@type\":\"WebPage\",\"@id\":\"https:\\\/\\\/gracefilledreads.com\\\/product\\\/acts-of-the-holy-spirit\\\/\",\"url\":\"https:\\\/\\\/gracefilledreads.com\\\/product\\\/acts-of-the-holy-spirit\\\/\",\"name\":\"Acts of the Holy Spirit - Grace Filled Reads\",\"isPartOf\":{\"@id\":\"https:\\\/\\\/gracefilledreads.com\\\/#website\"},\"primaryImageOfPage\":{\"@id\":\"https:\\\/\\\/gracefilledreads.com\\\/product\\\/acts-of-the-holy-spirit\\\/#primaryimage\"},\"image\":{\"@id\":\"https:\\\/\\\/gracefilledreads.com\\\/product\\\/acts-of-the-holy-spirit\\\/#primaryimage\"},\"thumbnailUrl\":\"https:\\\/\\\/gracefilledreads.com\\\/wp-content\\\/uploads\\\/2024\\\/11\\\/4zpvg9-front-shortedge-384-1.jpg\",\"datePublished\":\"2024-11-21T17:36:11+00:00\",\"dateModified\":\"2024-11-24T14:59:02+00:00\",\"breadcrumb\":{\"@id\":\"https:\\\/\\\/gracefilledreads.com\\\/product\\\/acts-of-the-holy-spirit\\\/#breadcrumb\"},\"inLanguage\":\"es\",\"potentialAction\":[{\"@type\":\"ReadAction\",\"target\":[\"https:\\\/\\\/gracefilledreads.com\\\/product\\\/acts-of-the-holy-spirit\\\/\"]}]},{\"@type\":\"ImageObject\",\"inLanguage\":\"es\",\"@id\":\"https:\\\/\\\/gracefilledreads.com\\\/product\\\/acts-of-the-holy-spirit\\\/#primaryimage\",\"url\":\"https:\\\/\\\/gracefilledreads.com\\\/wp-content\\\/uploads\\\/2024\\\/11\\\/4zpvg9-front-shortedge-384-1.jpg\",\"contentUrl\":\"https:\\\/\\\/gracefilledreads.com\\\/wp-content\\\/uploads\\\/2024\\\/11\\\/4zpvg9-front-shortedge-384-1.jpg\",\"width\":384,\"height\":544},{\"@type\":\"BreadcrumbList\",\"@id\":\"https:\\\/\\\/gracefilledreads.com\\\/product\\\/acts-of-the-holy-spirit\\\/#breadcrumb\",\"itemListElement\":[{\"@type\":\"ListItem\",\"position\":1,\"name\":\"Home\",\"item\":\"https:\\\/\\\/gracefilledreads.com\\\/\"},{\"@type\":\"ListItem\",\"position\":2,\"name\":\"Shop\",\"item\":\"https:\\\/\\\/gracefilledreads.com\\\/shop\\\/\"},{\"@type\":\"ListItem\",\"position\":3,\"name\":\"Acts of the Holy Spirit\"}]},{\"@type\":\"WebSite\",\"@id\":\"https:\\\/\\\/gracefilledreads.com\\\/#website\",\"url\":\"https:\\\/\\\/gracefilledreads.com\\\/\",\"name\":\"Grace Filled Reads\",\"description\":\"Good Authors &amp; Transforming Messages\",\"publisher\":{\"@id\":\"https:\\\/\\\/gracefilledreads.com\\\/#organization\"},\"potentialAction\":[{\"@type\":\"SearchAction\",\"target\":{\"@type\":\"EntryPoint\",\"urlTemplate\":\"https:\\\/\\\/gracefilledreads.com\\\/?s={search_term_string}\"},\"query-input\":{\"@type\":\"PropertyValueSpecification\",\"valueRequired\":true,\"valueName\":\"search_term_string\"}}],\"inLanguage\":\"es\"},{\"@type\":\"Organization\",\"@id\":\"https:\\\/\\\/gracefilledreads.com\\\/#organization\",\"name\":\"Grace Filled Reads\",\"url\":\"https:\\\/\\\/gracefilledreads.com\\\/\",\"logo\":{\"@type\":\"ImageObject\",\"inLanguage\":\"es\",\"@id\":\"https:\\\/\\\/gracefilledreads.com\\\/#\\\/schema\\\/logo\\\/image\\\/\",\"url\":\"https:\\\/\\\/gracefilledreads.com\\\/wp-content\\\/uploads\\\/2024\\\/11\\\/gracefilledreads-LOGO-2.svg\",\"contentUrl\":\"https:\\\/\\\/gracefilledreads.com\\\/wp-content\\\/uploads\\\/2024\\\/11\\\/gracefilledreads-LOGO-2.svg\",\"width\":1008,\"height\":441,\"caption\":\"Grace Filled Reads\"},\"image\":{\"@id\":\"https:\\\/\\\/gracefilledreads.com\\\/#\\\/schema\\\/logo\\\/image\\\/\"}}]}<\/script>\n<!-- \/ Yoast SEO plugin. -->","yoast_head_json":{"title":"Acts of the Holy Spirit - Grace Filled Reads","robots":{"index":"index","follow":"follow","max-snippet":"max-snippet:-1","max-image-preview":"max-image-preview:large","max-video-preview":"max-video-preview:-1"},"canonical":"https:\/\/gracefilledreads.com\/es\/producto\/acts-of-the-holy-spirit\/","og_locale":"es_ES","og_type":"article","og_title":"Acts of the Holy Spirit - Grace Filled Reads","og_description":"This is a devotional guide to the reading of the Book of Acts. You will read one chapter a day in Acts of the Apostles. Then you will read a short devotion based on that chapter. We trust you will be empowered to be witnesses as were the early Apostles.","og_url":"https:\/\/gracefilledreads.com\/es\/producto\/acts-of-the-holy-spirit\/","og_site_name":"Grace Filled Reads","article_modified_time":"2024-11-24T14:59:02+00:00","og_image":[{"width":384,"height":544,"url":"https:\/\/gracefilledreads.com\/wp-content\/uploads\/2024\/11\/4zpvg9-front-shortedge-384-1.jpg","type":"image\/jpeg"}],"twitter_card":"summary_large_image","schema":{"@context":"https:\/\/schema.org","@graph":[{"@type":"WebPage","@id":"https:\/\/gracefilledreads.com\/product\/acts-of-the-holy-spirit\/","url":"https:\/\/gracefilledreads.com\/product\/acts-of-the-holy-spirit\/","name":"Acts of the Holy Spirit - Grace Filled Reads","isPartOf":{"@id":"https:\/\/gracefilledreads.com\/#website"},"primaryImageOfPage":{"@id":"https:\/\/gracefilledreads.com\/product\/acts-of-the-holy-spirit\/#primaryimage"},"image":{"@id":"https:\/\/gracefilledreads.com\/product\/acts-of-the-holy-spirit\/#primaryimage"},"thumbnailUrl":"https:\/\/gracefilledreads.com\/wp-content\/uploads\/2024\/11\/4zpvg9-front-shortedge-384-1.jpg","datePublished":"2024-11-21T17:36:11+00:00","dateModified":"2024-11-24T14:59:02+00:00","breadcrumb":{"@id":"https:\/\/gracefilledreads.com\/product\/acts-of-the-holy-spirit\/#breadcrumb"},"inLanguage":"es","potentialAction":[{"@type":"ReadAction","target":["https:\/\/gracefilledreads.com\/product\/acts-of-the-holy-spirit\/"]}]},{"@type":"ImageObject","inLanguage":"es","@id":"https:\/\/gracefilledreads.com\/product\/acts-of-the-holy-spirit\/#primaryimage","url":"https:\/\/gracefilledreads.com\/wp-content\/uploads\/2024\/11\/4zpvg9-front-shortedge-384-1.jpg","contentUrl":"https:\/\/gracefilledreads.com\/wp-content\/uploads\/2024\/11\/4zpvg9-front-shortedge-384-1.jpg","width":384,"height":544},{"@type":"BreadcrumbList","@id":"https:\/\/gracefilledreads.com\/product\/acts-of-the-holy-spirit\/#breadcrumb","itemListElement":[{"@type":"ListItem","position":1,"name":"Home","item":"https:\/\/gracefilledreads.com\/"},{"@type":"ListItem","position":2,"name":"Shop","item":"https:\/\/gracefilledreads.com\/shop\/"},{"@type":"ListItem","position":3,"name":"Acts of the Holy Spirit"}]},{"@type":"WebSite","@id":"https:\/\/gracefilledreads.com\/#website","url":"https:\/\/gracefilledreads.com\/","name":"Grace Filled Reads","description":"Good Authors &amp; Transforming Messages","publisher":{"@id":"https:\/\/gracefilledreads.com\/#organization"},"potentialAction":[{"@type":"SearchAction","target":{"@type":"EntryPoint","urlTemplate":"https:\/\/gracefilledreads.com\/?s={search_term_string}"},"query-input":{"@type":"PropertyValueSpecification","valueRequired":true,"valueName":"search_term_string"}}],"inLanguage":"es"},{"@type":"Organization","@id":"https:\/\/gracefilledreads.com\/#organization","name":"Grace Filled Reads","url":"https:\/\/gracefilledreads.com\/","logo":{"@type":"ImageObject","inLanguage":"es","@id":"https:\/\/gracefilledreads.com\/#\/schema\/logo\/image\/","url":"https:\/\/gracefilledreads.com\/wp-content\/uploads\/2024\/11\/gracefilledreads-LOGO-2.svg","contentUrl":"https:\/\/gracefilledreads.com\/wp-content\/uploads\/2024\/11\/gracefilledreads-LOGO-2.svg","width":1008,"height":441,"caption":"Grace Filled Reads"},"image":{"@id":"https:\/\/gracefilledreads.com\/#\/schema\/logo\/image\/"}}]}},"_links":{"self":[{"href":"https:\/\/gracefilledreads.com\/es\/wp-json\/wp\/v2\/product\/1004","targetHints":{"allow":["GET"]}}],"collection":[{"href":"https:\/\/gracefilledreads.com\/es\/wp-json\/wp\/v2\/product"}],"about":[{"href":"https:\/\/gracefilledreads.com\/es\/wp-json\/wp\/v2\/types\/product"}],"wp:featuredmedia":[{"embeddable":true,"href":"https:\/\/gracefilledreads.com\/es\/wp-json\/wp\/v2\/media\/1005"}],"wp:attachment":[{"href":"https:\/\/gracefilledreads.com\/es\/wp-json\/wp\/v2\/media?parent=1004"}],"wp:term":[{"taxonomy":"product_brand","embeddable":true,"href":"https:\/\/gracefilledreads.com\/es\/wp-json\/wp\/v2\/product_brand?post=1004"},{"taxonomy":"product_cat","embeddable":true,"href":"https:\/\/gracefilledreads.com\/es\/wp-json\/wp\/v2\/product_cat?post=1004"},{"taxonomy":"product_tag","embeddable":true,"href":"https:\/\/gracefilledreads.com\/es\/wp-json\/wp\/v2\/product_tag?post=1004"}],"curies":[{"name":"wp","href":"https:\/\/api.w.org\/{rel}","templated":true}]}}