{"id":1012,"date":"2024-11-21T13:37:47","date_gmt":"2024-11-21T17:37:47","guid":{"rendered":"https:\/\/gracefilledreads.com\/product\/100-dias-con-1-de-corintios\/"},"modified":"2024-12-14T12:14:49","modified_gmt":"2024-12-14T16:14:49","slug":"100-dias-con-1-de-corintios","status":"publish","type":"product","link":"https:\/\/gracefilledreads.com\/es\/producto\/100-dias-con-1-de-corintios\/","title":{"rendered":"100 D\u00edas con 1 de Corintios"},"content":{"rendered":"<p>Spanish version of the book<a href=\"https:\/\/gracefilledreads.com\/product\/100-days-in-i-corinthians\/\"><strong>100 Days in 1 Conrinthians<\/strong><\/a>&#8221; de <strong>Warren Lathem<\/strong>.<\/p>\n<p>&#8220;100 d\u00edas con 1 Corintios&#8221; es un recorrido devocional a trav\u00e9s de la carta de Pablo a la iglesia de Corinto. Cada d\u00eda, mientras lees y meditas, puedes registrar tus ideas y pensamientos. Dr. Lathem ha escrito esto de una manera que invita y hace reflexionar.<\/p>","protected":false},"excerpt":{"rendered":"<p>Spanish version of the book<a href=\"https:\/\/gracefilledreads.com\/product\/100-days-in-i-corinthians\/\"><strong>100 Days in 1 Conrinthians<\/strong><\/a>&#8221; de <strong>Warren Lathem<\/strong>.<\/p>\n<p>&#8220;100 d\u00edas con 1 Corintios&#8221; es un recorrido devocional a trav\u00e9s de la carta de Pablo a la iglesia de Corinto. Cada d\u00eda, mientras lees y meditas, puedes registrar tus ideas y pensamientos. Dr. Lathem ha escrito esto de una manera que invita y hace reflexionar.<\/p>","protected":false},"featured_media":1013,"template":"","meta":[],"product_brand":[],"product_cat":[23,20,17],"product_tag":[],"class_list":{"0":"post-1012","1":"product","2":"type-product","3":"status-publish","4":"has-post-thumbnail","6":"product_cat-devotional","7":"product_cat-spanish","8":"product_cat-warren-lathem","10":"first","11":"instock","12":"shipping-taxable","13":"purchasable","14":"product-type-simple"},"yoast_head":"<!-- This site is optimized with the Yoast SEO plugin v27.3 - https:\/\/yoast.com\/product\/yoast-seo-wordpress\/ -->\n<title>100 D\u00edas con 1 de Corintios - Grace Filled Reads<\/title>\n<meta name=\"robots\" content=\"index, follow, max-snippet:-1, max-image-preview:large, max-video-preview:-1\" \/>\n<link rel=\"canonical\" href=\"https:\/\/gracefilledreads.com\/es\/producto\/100-dias-con-1-de-corintios\/\" \/>\n<meta property=\"og:locale\" content=\"es_ES\" \/>\n<meta property=\"og:type\" content=\"article\" \/>\n<meta property=\"og:title\" content=\"100 D\u00edas con 1 de Corintios - Grace Filled Reads\" \/>\n<meta property=\"og:description\" content=\"Versi\u00f3n en Espa\u00f1ol de &quot;100 Days in 1 Conrinthians&quot; de Warren Lathem.  &quot;100 d\u00edas con 1 Corintios&quot; es un recorrido devocional a trav\u00e9s de la carta de Pablo a la iglesia de Corinto. Cada d\u00eda, mientras lees y meditas, puedes registrar tus ideas y pensamientos. Dr. Lathem ha escrito esto de una manera que invita y hace reflexionar.\" \/>\n<meta property=\"og:url\" content=\"https:\/\/gracefilledreads.com\/es\/producto\/100-dias-con-1-de-corintios\/\" \/>\n<meta property=\"og:site_name\" content=\"Grace Filled Reads\" \/>\n<meta property=\"article:modified_time\" content=\"2024-12-14T16:14:49+00:00\" \/>\n<meta property=\"og:image\" content=\"https:\/\/gracefilledreads.com\/wp-content\/uploads\/2024\/11\/dqrwgy-front-shortedge-384-1.jpg\" \/>\n\t<meta property=\"og:image:width\" content=\"384\" \/>\n\t<meta property=\"og:image:height\" content=\"544\" \/>\n\t<meta property=\"og:image:type\" content=\"image\/jpeg\" \/>\n<meta name=\"twitter:card\" content=\"summary_large_image\" \/>\n<meta name=\"twitter:label1\" content=\"Tiempo estimado de lectura\" \/>\n\t<meta name=\"twitter:data1\" content=\"1 minuto\" \/>\n<script type=\"application\/ld+json\" class=\"yoast-schema-graph\">{\"@context\":\"https:\\\/\\\/schema.org\",\"@graph\":[{\"@type\":\"WebPage\",\"@id\":\"https:\\\/\\\/gracefilledreads.com\\\/product\\\/100-dias-con-1-de-corintios\\\/\",\"url\":\"https:\\\/\\\/gracefilledreads.com\\\/product\\\/100-dias-con-1-de-corintios\\\/\",\"name\":\"100 D\u00edas con 1 de Corintios - Grace Filled Reads\",\"isPartOf\":{\"@id\":\"https:\\\/\\\/gracefilledreads.com\\\/#website\"},\"primaryImageOfPage\":{\"@id\":\"https:\\\/\\\/gracefilledreads.com\\\/product\\\/100-dias-con-1-de-corintios\\\/#primaryimage\"},\"image\":{\"@id\":\"https:\\\/\\\/gracefilledreads.com\\\/product\\\/100-dias-con-1-de-corintios\\\/#primaryimage\"},\"thumbnailUrl\":\"https:\\\/\\\/gracefilledreads.com\\\/wp-content\\\/uploads\\\/2024\\\/11\\\/dqrwgy-front-shortedge-384-1.jpg\",\"datePublished\":\"2024-11-21T17:37:47+00:00\",\"dateModified\":\"2024-12-14T16:14:49+00:00\",\"breadcrumb\":{\"@id\":\"https:\\\/\\\/gracefilledreads.com\\\/product\\\/100-dias-con-1-de-corintios\\\/#breadcrumb\"},\"inLanguage\":\"es\",\"potentialAction\":[{\"@type\":\"ReadAction\",\"target\":[\"https:\\\/\\\/gracefilledreads.com\\\/product\\\/100-dias-con-1-de-corintios\\\/\"]}]},{\"@type\":\"ImageObject\",\"inLanguage\":\"es\",\"@id\":\"https:\\\/\\\/gracefilledreads.com\\\/product\\\/100-dias-con-1-de-corintios\\\/#primaryimage\",\"url\":\"https:\\\/\\\/gracefilledreads.com\\\/wp-content\\\/uploads\\\/2024\\\/11\\\/dqrwgy-front-shortedge-384-1.jpg\",\"contentUrl\":\"https:\\\/\\\/gracefilledreads.com\\\/wp-content\\\/uploads\\\/2024\\\/11\\\/dqrwgy-front-shortedge-384-1.jpg\",\"width\":384,\"height\":544},{\"@type\":\"BreadcrumbList\",\"@id\":\"https:\\\/\\\/gracefilledreads.com\\\/product\\\/100-dias-con-1-de-corintios\\\/#breadcrumb\",\"itemListElement\":[{\"@type\":\"ListItem\",\"position\":1,\"name\":\"Home\",\"item\":\"https:\\\/\\\/gracefilledreads.com\\\/\"},{\"@type\":\"ListItem\",\"position\":2,\"name\":\"Shop\",\"item\":\"https:\\\/\\\/gracefilledreads.com\\\/shop\\\/\"},{\"@type\":\"ListItem\",\"position\":3,\"name\":\"100 D\u00edas con 1 de Corintios\"}]},{\"@type\":\"WebSite\",\"@id\":\"https:\\\/\\\/gracefilledreads.com\\\/#website\",\"url\":\"https:\\\/\\\/gracefilledreads.com\\\/\",\"name\":\"Grace Filled Reads\",\"description\":\"Good Authors &amp; Transforming Messages\",\"publisher\":{\"@id\":\"https:\\\/\\\/gracefilledreads.com\\\/#organization\"},\"potentialAction\":[{\"@type\":\"SearchAction\",\"target\":{\"@type\":\"EntryPoint\",\"urlTemplate\":\"https:\\\/\\\/gracefilledreads.com\\\/?s={search_term_string}\"},\"query-input\":{\"@type\":\"PropertyValueSpecification\",\"valueRequired\":true,\"valueName\":\"search_term_string\"}}],\"inLanguage\":\"es\"},{\"@type\":\"Organization\",\"@id\":\"https:\\\/\\\/gracefilledreads.com\\\/#organization\",\"name\":\"Grace Filled Reads\",\"url\":\"https:\\\/\\\/gracefilledreads.com\\\/\",\"logo\":{\"@type\":\"ImageObject\",\"inLanguage\":\"es\",\"@id\":\"https:\\\/\\\/gracefilledreads.com\\\/#\\\/schema\\\/logo\\\/image\\\/\",\"url\":\"https:\\\/\\\/gracefilledreads.com\\\/wp-content\\\/uploads\\\/2024\\\/11\\\/gracefilledreads-LOGO-2.svg\",\"contentUrl\":\"https:\\\/\\\/gracefilledreads.com\\\/wp-content\\\/uploads\\\/2024\\\/11\\\/gracefilledreads-LOGO-2.svg\",\"width\":1008,\"height\":441,\"caption\":\"Grace Filled Reads\"},\"image\":{\"@id\":\"https:\\\/\\\/gracefilledreads.com\\\/#\\\/schema\\\/logo\\\/image\\\/\"}}]}<\/script>\n<!-- \/ Yoast SEO plugin. -->","yoast_head_json":{"title":"100 D\u00edas con 1 de Corintios - Grace Filled Reads","robots":{"index":"index","follow":"follow","max-snippet":"max-snippet:-1","max-image-preview":"max-image-preview:large","max-video-preview":"max-video-preview:-1"},"canonical":"https:\/\/gracefilledreads.com\/es\/producto\/100-dias-con-1-de-corintios\/","og_locale":"es_ES","og_type":"article","og_title":"100 D\u00edas con 1 de Corintios - Grace Filled Reads","og_description":"Versi\u00f3n en Espa\u00f1ol de \"100 Days in 1 Conrinthians\" de Warren Lathem.  \"100 d\u00edas con 1 Corintios\" es un recorrido devocional a trav\u00e9s de la carta de Pablo a la iglesia de Corinto. Cada d\u00eda, mientras lees y meditas, puedes registrar tus ideas y pensamientos. Dr. Lathem ha escrito esto de una manera que invita y hace reflexionar.","og_url":"https:\/\/gracefilledreads.com\/es\/producto\/100-dias-con-1-de-corintios\/","og_site_name":"Grace Filled Reads","article_modified_time":"2024-12-14T16:14:49+00:00","og_image":[{"width":384,"height":544,"url":"https:\/\/gracefilledreads.com\/wp-content\/uploads\/2024\/11\/dqrwgy-front-shortedge-384-1.jpg","type":"image\/jpeg"}],"twitter_card":"summary_large_image","twitter_misc":{"Tiempo estimado de lectura":"1 minuto"},"schema":{"@context":"https:\/\/schema.org","@graph":[{"@type":"WebPage","@id":"https:\/\/gracefilledreads.com\/product\/100-dias-con-1-de-corintios\/","url":"https:\/\/gracefilledreads.com\/product\/100-dias-con-1-de-corintios\/","name":"100 D\u00edas con 1 de Corintios - Grace Filled Reads","isPartOf":{"@id":"https:\/\/gracefilledreads.com\/#website"},"primaryImageOfPage":{"@id":"https:\/\/gracefilledreads.com\/product\/100-dias-con-1-de-corintios\/#primaryimage"},"image":{"@id":"https:\/\/gracefilledreads.com\/product\/100-dias-con-1-de-corintios\/#primaryimage"},"thumbnailUrl":"https:\/\/gracefilledreads.com\/wp-content\/uploads\/2024\/11\/dqrwgy-front-shortedge-384-1.jpg","datePublished":"2024-11-21T17:37:47+00:00","dateModified":"2024-12-14T16:14:49+00:00","breadcrumb":{"@id":"https:\/\/gracefilledreads.com\/product\/100-dias-con-1-de-corintios\/#breadcrumb"},"inLanguage":"es","potentialAction":[{"@type":"ReadAction","target":["https:\/\/gracefilledreads.com\/product\/100-dias-con-1-de-corintios\/"]}]},{"@type":"ImageObject","inLanguage":"es","@id":"https:\/\/gracefilledreads.com\/product\/100-dias-con-1-de-corintios\/#primaryimage","url":"https:\/\/gracefilledreads.com\/wp-content\/uploads\/2024\/11\/dqrwgy-front-shortedge-384-1.jpg","contentUrl":"https:\/\/gracefilledreads.com\/wp-content\/uploads\/2024\/11\/dqrwgy-front-shortedge-384-1.jpg","width":384,"height":544},{"@type":"BreadcrumbList","@id":"https:\/\/gracefilledreads.com\/product\/100-dias-con-1-de-corintios\/#breadcrumb","itemListElement":[{"@type":"ListItem","position":1,"name":"Home","item":"https:\/\/gracefilledreads.com\/"},{"@type":"ListItem","position":2,"name":"Shop","item":"https:\/\/gracefilledreads.com\/shop\/"},{"@type":"ListItem","position":3,"name":"100 D\u00edas con 1 de Corintios"}]},{"@type":"WebSite","@id":"https:\/\/gracefilledreads.com\/#website","url":"https:\/\/gracefilledreads.com\/","name":"Grace Filled Reads","description":"Good Authors &amp; Transforming Messages","publisher":{"@id":"https:\/\/gracefilledreads.com\/#organization"},"potentialAction":[{"@type":"SearchAction","target":{"@type":"EntryPoint","urlTemplate":"https:\/\/gracefilledreads.com\/?s={search_term_string}"},"query-input":{"@type":"PropertyValueSpecification","valueRequired":true,"valueName":"search_term_string"}}],"inLanguage":"es"},{"@type":"Organization","@id":"https:\/\/gracefilledreads.com\/#organization","name":"Grace Filled Reads","url":"https:\/\/gracefilledreads.com\/","logo":{"@type":"ImageObject","inLanguage":"es","@id":"https:\/\/gracefilledreads.com\/#\/schema\/logo\/image\/","url":"https:\/\/gracefilledreads.com\/wp-content\/uploads\/2024\/11\/gracefilledreads-LOGO-2.svg","contentUrl":"https:\/\/gracefilledreads.com\/wp-content\/uploads\/2024\/11\/gracefilledreads-LOGO-2.svg","width":1008,"height":441,"caption":"Grace Filled Reads"},"image":{"@id":"https:\/\/gracefilledreads.com\/#\/schema\/logo\/image\/"}}]}},"_links":{"self":[{"href":"https:\/\/gracefilledreads.com\/es\/wp-json\/wp\/v2\/product\/1012","targetHints":{"allow":["GET"]}}],"collection":[{"href":"https:\/\/gracefilledreads.com\/es\/wp-json\/wp\/v2\/product"}],"about":[{"href":"https:\/\/gracefilledreads.com\/es\/wp-json\/wp\/v2\/types\/product"}],"wp:featuredmedia":[{"embeddable":true,"href":"https:\/\/gracefilledreads.com\/es\/wp-json\/wp\/v2\/media\/1013"}],"wp:attachment":[{"href":"https:\/\/gracefilledreads.com\/es\/wp-json\/wp\/v2\/media?parent=1012"}],"wp:term":[{"taxonomy":"product_brand","embeddable":true,"href":"https:\/\/gracefilledreads.com\/es\/wp-json\/wp\/v2\/product_brand?post=1012"},{"taxonomy":"product_cat","embeddable":true,"href":"https:\/\/gracefilledreads.com\/es\/wp-json\/wp\/v2\/product_cat?post=1012"},{"taxonomy":"product_tag","embeddable":true,"href":"https:\/\/gracefilledreads.com\/es\/wp-json\/wp\/v2\/product_tag?post=1012"}],"curies":[{"name":"wp","href":"https:\/\/api.w.org\/{rel}","templated":true}]}}