{"id":1964,"date":"2024-12-05T13:05:29","date_gmt":"2024-12-05T17:05:29","guid":{"rendered":"https:\/\/gracefilledreads.com\/product\/y-hay-esperanza\/"},"modified":"2025-01-18T13:52:07","modified_gmt":"2025-01-18T17:52:07","slug":"y-hay-esperanza","status":"publish","type":"product","link":"https:\/\/gracefilledreads.com\/es\/producto\/y-hay-esperanza\/","title":{"rendered":"Y Hay Esperanza"},"content":{"rendered":"<p><strong>Y Hay Esperanza<\/strong> es la historia de nuestro viaje en una vida de dolor y c\u00f3mo el Se\u00f1or nos cura incluso en este terrible viaje. Explora el dif\u00edcil viaje y ve c\u00f3mo se relaciona con tu propio viaje con el duelo. Examinamos cuidadosamente algunas lecciones muy importantes que aprendimos a lo largo del camino. Una caracter\u00edstica adicional son las 13 gu\u00edas de estudio al final del libro, lo que lo convierte en un gran recurso para el estudio en peque\u00f1os grupos.<\/p>\n<p>\u00abRecomiendo este libro\u00a0a cualquier persona que recorra el camino del duelo, ya sea el suyo propio o el de un ser querido. Es un compartir sincero de un viaje de duelo desde la experiencia de primera mano, y ofrece consejos \u00fatiles para navegar las aguas turbulentas y llenas de dolor de los r\u00e1pidos del duelo. &#8211; Dan W. Dunn, PhD.<\/p>\n<p><strong>Y Hay Esperanza <\/strong>es la versi\u00f3n en Espa\u00f1ol de &#8220;<a href=\"https:\/\/gracefilledreads.com\/product\/and-there-is-hope\/\"><strong>And There is Hope<\/strong><\/a>&#8221; de <strong>Warren Lathem<\/strong>.<\/p>\n<p>E-book at: <strong><a href=\"https:\/\/www.amazon.com\/-\/es\/Warren-Lathem-ebook\/dp\/B0DPLPKWGG\/ref=sr_1_3?__mk_es_US=%C3%85M%C3%85%C5%BD%C3%95%C3%91&amp;sr=8-3\" target=\"_blank\" rel=\"noopener\">Kindle version<\/a><\/strong> \/ <strong><a href=\"https:\/\/www.lulu.com\/shop\/warren-lathem\/y-hay-esperanza\/ebook\/product-7ke99dg.html?q=Warren+Lathem&amp;page=1&amp;pageSize=4\" target=\"_blank\" rel=\"noopener\">Lulu.com<\/a><\/strong><\/p>\n<p>About the Author: Dr. Warren Lathem, a Methodist pastor, North Georgia, USA, is the founder and president of Venezuela Now, Inc, a U.S. nonprofit organization that supports the ministries of the Wesleyan Seminary of Venezuela (founded in 2002), the five Wesley Medical Centers (founded in 2015) that treated 35,000 patients in 2021, and the Methodist Church of Venezuela that has grown to more than 10,000 members since its founding in 2007.<\/p>\n<p>Tambi\u00e9n en 2021, VNI envi\u00f3 casi un mill\u00f3n de comidas, 2 millones de d\u00f3lares en medicamentos a Venezuela y suficiente f\u00f3rmula infantil para ayudar a 150 beb\u00e9s en riesgo cada mes. Se desempe\u00f1\u00f3 durante 18 a\u00f1os como Ministro Principal de Mount Pisgah, Johns Creek, Georgia, donde durante su mandato la asistencia a los cultos aument\u00f3 de 75 a un promedio de m\u00e1s de 3000.<\/p>\n<p><a href=\"https:\/\/gracefilledreads.com\/authors-room\/\">Read more&gt;&gt;<\/a><\/p>","protected":false},"excerpt":{"rendered":"<p><strong>Y Hay Esperanza<\/strong> es la historia de nuestro viaje en una vida de dolor y c\u00f3mo el Se\u00f1or nos cura incluso en este terrible viaje. Explora el dif\u00edcil viaje y ve c\u00f3mo se relaciona con tu propio viaje con el duelo. Examinamos cuidadosamente algunas lecciones muy importantes que aprendimos a lo largo del camino. Una caracter\u00edstica adicional son las 13 gu\u00edas de estudio al final del libro, lo que lo convierte en un gran recurso para el estudio en peque\u00f1os grupos.<\/p>\n<p>\u00abRecomiendo este libro\u00a0a cualquier persona que recorra el camino del duelo, ya sea el suyo propio o el de un ser querido. Es un compartir sincero de un viaje de duelo desde la experiencia de primera mano, y ofrece consejos \u00fatiles para navegar las aguas turbulentas y llenas de dolor de los r\u00e1pidos del duelo. &#8211; Dan W. Dunn, PhD.<\/p>\n<p><strong>Y Hay Esperanza <\/strong>es la versi\u00f3n en Espa\u00f1ol de &#8220;<a href=\"https:\/\/gracefilledreads.com\/product\/and-there-is-hope\/\"><strong>And There is Hope<\/strong><\/a>&#8221; de <strong>Warren Lathem<\/strong>.<\/p>\n<p>E-book at: <strong><a href=\"https:\/\/www.amazon.com\/-\/es\/Warren-Lathem-ebook\/dp\/B0DPLPKWGG\/ref=sr_1_3?__mk_es_US=%C3%85M%C3%85%C5%BD%C3%95%C3%91&amp;sr=8-3\" target=\"_blank\" rel=\"noopener\">Kindle version<\/a><\/strong> \/ <strong><a href=\"https:\/\/www.lulu.com\/shop\/warren-lathem\/y-hay-esperanza\/ebook\/product-7ke99dg.html?q=Warren+Lathem&amp;page=1&amp;pageSize=4\" target=\"_blank\" rel=\"noopener\">Lulu.com<\/a><\/strong><\/p>\n<p>&nbsp;<\/p>","protected":false},"featured_media":1965,"template":"","meta":[],"product_brand":[],"product_cat":[20,17],"product_tag":[],"class_list":{"0":"post-1964","1":"product","2":"type-product","3":"status-publish","4":"has-post-thumbnail","6":"product_cat-spanish","7":"product_cat-warren-lathem","9":"first","10":"instock","11":"shipping-taxable","12":"purchasable","13":"product-type-simple"},"yoast_head":"<!-- This site is optimized with the Yoast SEO plugin v27.3 - https:\/\/yoast.com\/product\/yoast-seo-wordpress\/ -->\n<title>Y Hay Esperanza - Grace Filled Reads<\/title>\n<meta name=\"description\" content=\"Y Hay Esperanza, es la historia de nuestra jornada en una vida de dolor y de c\u00f3mo el Se\u00f1or nos sana. Explora y ve c\u00f3mo se relaciona con tu propia jornada.\" \/>\n<meta name=\"robots\" content=\"index, follow, max-snippet:-1, max-image-preview:large, max-video-preview:-1\" \/>\n<link rel=\"canonical\" href=\"https:\/\/gracefilledreads.com\/es\/producto\/y-hay-esperanza\/\" \/>\n<meta property=\"og:locale\" content=\"es_ES\" \/>\n<meta property=\"og:type\" content=\"article\" \/>\n<meta property=\"og:title\" content=\"Y Hay Esperanza - Grace Filled Reads\" \/>\n<meta property=\"og:description\" content=\"Y Hay Esperanza, es la historia de nuestra jornada en una vida de dolor y de c\u00f3mo el Se\u00f1or nos sana. Explora y ve c\u00f3mo se relaciona con tu propia jornada.\" \/>\n<meta property=\"og:url\" content=\"https:\/\/gracefilledreads.com\/es\/producto\/y-hay-esperanza\/\" \/>\n<meta property=\"og:site_name\" content=\"Grace Filled Reads\" \/>\n<meta property=\"article:modified_time\" content=\"2025-01-18T17:52:07+00:00\" \/>\n<meta property=\"og:image\" content=\"https:\/\/gracefilledreads.com\/wp-content\/uploads\/2024\/12\/2mq55rr-front-shortedge-384.jpg\" \/>\n\t<meta property=\"og:image:width\" content=\"384\" \/>\n\t<meta property=\"og:image:height\" content=\"576\" \/>\n\t<meta property=\"og:image:type\" content=\"image\/jpeg\" \/>\n<meta name=\"twitter:card\" content=\"summary_large_image\" \/>\n<meta name=\"twitter:label1\" content=\"Tiempo estimado de lectura\" \/>\n\t<meta name=\"twitter:data1\" content=\"2 minutos\" \/>\n<script type=\"application\/ld+json\" class=\"yoast-schema-graph\">{\"@context\":\"https:\\\/\\\/schema.org\",\"@graph\":[{\"@type\":\"WebPage\",\"@id\":\"https:\\\/\\\/gracefilledreads.com\\\/product\\\/y-hay-esperanza\\\/\",\"url\":\"https:\\\/\\\/gracefilledreads.com\\\/product\\\/y-hay-esperanza\\\/\",\"name\":\"Y Hay Esperanza - Grace Filled Reads\",\"isPartOf\":{\"@id\":\"https:\\\/\\\/gracefilledreads.com\\\/#website\"},\"primaryImageOfPage\":{\"@id\":\"https:\\\/\\\/gracefilledreads.com\\\/product\\\/y-hay-esperanza\\\/#primaryimage\"},\"image\":{\"@id\":\"https:\\\/\\\/gracefilledreads.com\\\/product\\\/y-hay-esperanza\\\/#primaryimage\"},\"thumbnailUrl\":\"https:\\\/\\\/gracefilledreads.com\\\/wp-content\\\/uploads\\\/2024\\\/12\\\/2mq55rr-front-shortedge-384.jpg\",\"datePublished\":\"2024-12-05T17:05:29+00:00\",\"dateModified\":\"2025-01-18T17:52:07+00:00\",\"description\":\"Y Hay Esperanza, es la historia de nuestra jornada en una vida de dolor y de c\u00f3mo el Se\u00f1or nos sana. Explora y ve c\u00f3mo se relaciona con tu propia jornada.\",\"breadcrumb\":{\"@id\":\"https:\\\/\\\/gracefilledreads.com\\\/product\\\/y-hay-esperanza\\\/#breadcrumb\"},\"inLanguage\":\"es\",\"potentialAction\":[{\"@type\":\"ReadAction\",\"target\":[\"https:\\\/\\\/gracefilledreads.com\\\/product\\\/y-hay-esperanza\\\/\"]}]},{\"@type\":\"ImageObject\",\"inLanguage\":\"es\",\"@id\":\"https:\\\/\\\/gracefilledreads.com\\\/product\\\/y-hay-esperanza\\\/#primaryimage\",\"url\":\"https:\\\/\\\/gracefilledreads.com\\\/wp-content\\\/uploads\\\/2024\\\/12\\\/2mq55rr-front-shortedge-384.jpg\",\"contentUrl\":\"https:\\\/\\\/gracefilledreads.com\\\/wp-content\\\/uploads\\\/2024\\\/12\\\/2mq55rr-front-shortedge-384.jpg\",\"width\":384,\"height\":576,\"caption\":\"Y Hay Esperanza\"},{\"@type\":\"BreadcrumbList\",\"@id\":\"https:\\\/\\\/gracefilledreads.com\\\/product\\\/y-hay-esperanza\\\/#breadcrumb\",\"itemListElement\":[{\"@type\":\"ListItem\",\"position\":1,\"name\":\"Home\",\"item\":\"https:\\\/\\\/gracefilledreads.com\\\/\"},{\"@type\":\"ListItem\",\"position\":2,\"name\":\"Shop\",\"item\":\"https:\\\/\\\/gracefilledreads.com\\\/shop\\\/\"},{\"@type\":\"ListItem\",\"position\":3,\"name\":\"Y Hay Esperanza\"}]},{\"@type\":\"WebSite\",\"@id\":\"https:\\\/\\\/gracefilledreads.com\\\/#website\",\"url\":\"https:\\\/\\\/gracefilledreads.com\\\/\",\"name\":\"Grace Filled Reads\",\"description\":\"Good Authors &amp; Transforming Messages\",\"publisher\":{\"@id\":\"https:\\\/\\\/gracefilledreads.com\\\/#organization\"},\"potentialAction\":[{\"@type\":\"SearchAction\",\"target\":{\"@type\":\"EntryPoint\",\"urlTemplate\":\"https:\\\/\\\/gracefilledreads.com\\\/?s={search_term_string}\"},\"query-input\":{\"@type\":\"PropertyValueSpecification\",\"valueRequired\":true,\"valueName\":\"search_term_string\"}}],\"inLanguage\":\"es\"},{\"@type\":\"Organization\",\"@id\":\"https:\\\/\\\/gracefilledreads.com\\\/#organization\",\"name\":\"Grace Filled Reads\",\"url\":\"https:\\\/\\\/gracefilledreads.com\\\/\",\"logo\":{\"@type\":\"ImageObject\",\"inLanguage\":\"es\",\"@id\":\"https:\\\/\\\/gracefilledreads.com\\\/#\\\/schema\\\/logo\\\/image\\\/\",\"url\":\"https:\\\/\\\/gracefilledreads.com\\\/wp-content\\\/uploads\\\/2024\\\/11\\\/gracefilledreads-LOGO-2.svg\",\"contentUrl\":\"https:\\\/\\\/gracefilledreads.com\\\/wp-content\\\/uploads\\\/2024\\\/11\\\/gracefilledreads-LOGO-2.svg\",\"width\":1008,\"height\":441,\"caption\":\"Grace Filled Reads\"},\"image\":{\"@id\":\"https:\\\/\\\/gracefilledreads.com\\\/#\\\/schema\\\/logo\\\/image\\\/\"}}]}<\/script>\n<!-- \/ Yoast SEO plugin. -->","yoast_head_json":{"title":"Y Hay Esperanza - Grace Filled Reads","description":"Y Hay Esperanza, es la historia de nuestra jornada en una vida de dolor y de c\u00f3mo el Se\u00f1or nos sana. Explora y ve c\u00f3mo se relaciona con tu propia jornada.","robots":{"index":"index","follow":"follow","max-snippet":"max-snippet:-1","max-image-preview":"max-image-preview:large","max-video-preview":"max-video-preview:-1"},"canonical":"https:\/\/gracefilledreads.com\/es\/producto\/y-hay-esperanza\/","og_locale":"es_ES","og_type":"article","og_title":"Y Hay Esperanza - Grace Filled Reads","og_description":"Y Hay Esperanza, es la historia de nuestra jornada en una vida de dolor y de c\u00f3mo el Se\u00f1or nos sana. Explora y ve c\u00f3mo se relaciona con tu propia jornada.","og_url":"https:\/\/gracefilledreads.com\/es\/producto\/y-hay-esperanza\/","og_site_name":"Grace Filled Reads","article_modified_time":"2025-01-18T17:52:07+00:00","og_image":[{"width":384,"height":576,"url":"https:\/\/gracefilledreads.com\/wp-content\/uploads\/2024\/12\/2mq55rr-front-shortedge-384.jpg","type":"image\/jpeg"}],"twitter_card":"summary_large_image","twitter_misc":{"Tiempo estimado de lectura":"2 minutos"},"schema":{"@context":"https:\/\/schema.org","@graph":[{"@type":"WebPage","@id":"https:\/\/gracefilledreads.com\/product\/y-hay-esperanza\/","url":"https:\/\/gracefilledreads.com\/product\/y-hay-esperanza\/","name":"Y Hay Esperanza - Grace Filled Reads","isPartOf":{"@id":"https:\/\/gracefilledreads.com\/#website"},"primaryImageOfPage":{"@id":"https:\/\/gracefilledreads.com\/product\/y-hay-esperanza\/#primaryimage"},"image":{"@id":"https:\/\/gracefilledreads.com\/product\/y-hay-esperanza\/#primaryimage"},"thumbnailUrl":"https:\/\/gracefilledreads.com\/wp-content\/uploads\/2024\/12\/2mq55rr-front-shortedge-384.jpg","datePublished":"2024-12-05T17:05:29+00:00","dateModified":"2025-01-18T17:52:07+00:00","description":"Y Hay Esperanza, es la historia de nuestra jornada en una vida de dolor y de c\u00f3mo el Se\u00f1or nos sana. Explora y ve c\u00f3mo se relaciona con tu propia jornada.","breadcrumb":{"@id":"https:\/\/gracefilledreads.com\/product\/y-hay-esperanza\/#breadcrumb"},"inLanguage":"es","potentialAction":[{"@type":"ReadAction","target":["https:\/\/gracefilledreads.com\/product\/y-hay-esperanza\/"]}]},{"@type":"ImageObject","inLanguage":"es","@id":"https:\/\/gracefilledreads.com\/product\/y-hay-esperanza\/#primaryimage","url":"https:\/\/gracefilledreads.com\/wp-content\/uploads\/2024\/12\/2mq55rr-front-shortedge-384.jpg","contentUrl":"https:\/\/gracefilledreads.com\/wp-content\/uploads\/2024\/12\/2mq55rr-front-shortedge-384.jpg","width":384,"height":576,"caption":"Y Hay Esperanza"},{"@type":"BreadcrumbList","@id":"https:\/\/gracefilledreads.com\/product\/y-hay-esperanza\/#breadcrumb","itemListElement":[{"@type":"ListItem","position":1,"name":"Home","item":"https:\/\/gracefilledreads.com\/"},{"@type":"ListItem","position":2,"name":"Shop","item":"https:\/\/gracefilledreads.com\/shop\/"},{"@type":"ListItem","position":3,"name":"Y Hay Esperanza"}]},{"@type":"WebSite","@id":"https:\/\/gracefilledreads.com\/#website","url":"https:\/\/gracefilledreads.com\/","name":"Grace Filled Reads","description":"Good Authors &amp; Transforming Messages","publisher":{"@id":"https:\/\/gracefilledreads.com\/#organization"},"potentialAction":[{"@type":"SearchAction","target":{"@type":"EntryPoint","urlTemplate":"https:\/\/gracefilledreads.com\/?s={search_term_string}"},"query-input":{"@type":"PropertyValueSpecification","valueRequired":true,"valueName":"search_term_string"}}],"inLanguage":"es"},{"@type":"Organization","@id":"https:\/\/gracefilledreads.com\/#organization","name":"Grace Filled Reads","url":"https:\/\/gracefilledreads.com\/","logo":{"@type":"ImageObject","inLanguage":"es","@id":"https:\/\/gracefilledreads.com\/#\/schema\/logo\/image\/","url":"https:\/\/gracefilledreads.com\/wp-content\/uploads\/2024\/11\/gracefilledreads-LOGO-2.svg","contentUrl":"https:\/\/gracefilledreads.com\/wp-content\/uploads\/2024\/11\/gracefilledreads-LOGO-2.svg","width":1008,"height":441,"caption":"Grace Filled Reads"},"image":{"@id":"https:\/\/gracefilledreads.com\/#\/schema\/logo\/image\/"}}]}},"_links":{"self":[{"href":"https:\/\/gracefilledreads.com\/es\/wp-json\/wp\/v2\/product\/1964","targetHints":{"allow":["GET"]}}],"collection":[{"href":"https:\/\/gracefilledreads.com\/es\/wp-json\/wp\/v2\/product"}],"about":[{"href":"https:\/\/gracefilledreads.com\/es\/wp-json\/wp\/v2\/types\/product"}],"wp:featuredmedia":[{"embeddable":true,"href":"https:\/\/gracefilledreads.com\/es\/wp-json\/wp\/v2\/media\/1965"}],"wp:attachment":[{"href":"https:\/\/gracefilledreads.com\/es\/wp-json\/wp\/v2\/media?parent=1964"}],"wp:term":[{"taxonomy":"product_brand","embeddable":true,"href":"https:\/\/gracefilledreads.com\/es\/wp-json\/wp\/v2\/product_brand?post=1964"},{"taxonomy":"product_cat","embeddable":true,"href":"https:\/\/gracefilledreads.com\/es\/wp-json\/wp\/v2\/product_cat?post=1964"},{"taxonomy":"product_tag","embeddable":true,"href":"https:\/\/gracefilledreads.com\/es\/wp-json\/wp\/v2\/product_tag?post=1964"}],"curies":[{"name":"wp","href":"https:\/\/api.w.org\/{rel}","templated":true}]}}