{"id":2385,"date":"2025-04-23T11:37:02","date_gmt":"2025-04-23T15:37:02","guid":{"rendered":"https:\/\/gracefilledreads.com\/product\/predicando-para-obtener-una-respuesta\/"},"modified":"2025-04-23T11:37:03","modified_gmt":"2025-04-23T15:37:03","slug":"predicando-para-obtener-una-respuesta","status":"publish","type":"product","link":"https:\/\/gracefilledreads.com\/es\/producto\/predicando-para-obtener-una-respuesta\/","title":{"rendered":"PREDICANDO PARA OBTENER UNA RESPUESTA"},"content":{"rendered":"<p>Este libro es el intento de dos predicadores por compartir lo que Dios les ha dado a entender acerca de esta  \u201cMagn\u00edfica Obsesi\u00f3n\u201d de sus vidas. Nuestra oraci\u00f3n es que el Esp\u00edritu Santo ponga este libro en las manos de predicadores \u00e1vidos que deseen, m\u00e1s que la vida misma, Glorificar a Jesucristo con su predicaci\u00f3n. \u00bfPara qu\u00e9? Para que el mundo entero pueda conocer al Salvador que nosotros hemos llegado a conocer y amar tan profundamente. S\u00ed, para que a trav\u00e9s de la \u201clocura de la predicaci\u00f3n\u201d muchos puedan ser salvos.<\/p>","protected":false},"excerpt":{"rendered":"<p>Este libro es el intento de dos predicadores por compartir lo que Dios les ha dado a entender acerca de esta  \u201cMagn\u00edfica Obsesi\u00f3n\u201d de sus vidas. Nuestra oraci\u00f3n es que el Esp\u00edritu Santo ponga este libro en las manos de predicadores \u00e1vidos que deseen, m\u00e1s que la vida misma, Glorificar a Jesucristo con su predicaci\u00f3n. \u00bfPara qu\u00e9? Para que el mundo entero pueda conocer al Salvador que nosotros hemos llegado a conocer y amar tan profundamente. S\u00ed, para que a trav\u00e9s de la \u201clocura de la predicaci\u00f3n\u201d muchos puedan ser salvos.<\/p>","protected":false},"featured_media":2386,"template":"","meta":[],"product_brand":[],"product_cat":[16],"product_tag":[],"class_list":{"0":"post-2385","1":"product","2":"type-product","3":"status-publish","4":"has-post-thumbnail","6":"product_cat-uncategorized","8":"first","9":"instock","10":"shipping-taxable","11":"purchasable","12":"product-type-simple"},"yoast_head":"<!-- This site is optimized with the Yoast SEO plugin v27.3 - https:\/\/yoast.com\/product\/yoast-seo-wordpress\/ -->\n<title>PREDICANDO PARA OBTENER UNA RESPUESTA - Grace Filled Reads<\/title>\n<meta name=\"robots\" content=\"index, follow, max-snippet:-1, max-image-preview:large, max-video-preview:-1\" \/>\n<link rel=\"canonical\" href=\"https:\/\/gracefilledreads.com\/es\/producto\/predicando-para-obtener-una-respuesta\/\" \/>\n<meta property=\"og:locale\" content=\"es_ES\" \/>\n<meta property=\"og:type\" content=\"article\" \/>\n<meta property=\"og:title\" content=\"PREDICANDO PARA OBTENER UNA RESPUESTA - Grace Filled Reads\" \/>\n<meta property=\"og:description\" content=\"Este libro es el intento de dos predicadores por compartir lo que Dios les ha dado a entender acerca de esta \u201cMagn\u00edfica Obsesi\u00f3n\u201d de sus vidas. Nuestra oraci\u00f3n es que el Esp\u00edritu Santo ponga este libro en las manos de predicadores \u00e1vidos que deseen, m\u00e1s que la vida misma, Glorificar a Jesucristo con su predicaci\u00f3n. \u00bfPara qu\u00e9? Para que el mundo entero pueda conocer al Salvador que nosotros hemos llegado a conocer y amar tan profundamente. S\u00ed, para que a trav\u00e9s de la \u201clocura de la predicaci\u00f3n\u201d muchos puedan ser salvos.\" \/>\n<meta property=\"og:url\" content=\"https:\/\/gracefilledreads.com\/es\/producto\/predicando-para-obtener-una-respuesta\/\" \/>\n<meta property=\"og:site_name\" content=\"Grace Filled Reads\" \/>\n<meta property=\"article:modified_time\" content=\"2025-04-23T15:37:03+00:00\" \/>\n<meta name=\"twitter:card\" content=\"summary_large_image\" \/>\n<script type=\"application\/ld+json\" class=\"yoast-schema-graph\">{\"@context\":\"https:\\\/\\\/schema.org\",\"@graph\":[{\"@type\":\"WebPage\",\"@id\":\"https:\\\/\\\/gracefilledreads.com\\\/product\\\/predicando-para-obtener-una-respuesta\\\/\",\"url\":\"https:\\\/\\\/gracefilledreads.com\\\/product\\\/predicando-para-obtener-una-respuesta\\\/\",\"name\":\"PREDICANDO PARA OBTENER UNA RESPUESTA - Grace Filled Reads\",\"isPartOf\":{\"@id\":\"https:\\\/\\\/gracefilledreads.com\\\/#website\"},\"primaryImageOfPage\":{\"@id\":\"https:\\\/\\\/gracefilledreads.com\\\/product\\\/predicando-para-obtener-una-respuesta\\\/#primaryimage\"},\"image\":{\"@id\":\"https:\\\/\\\/gracefilledreads.com\\\/product\\\/predicando-para-obtener-una-respuesta\\\/#primaryimage\"},\"thumbnailUrl\":\"https:\\\/\\\/gracefilledreads.com\\\/wp-content\\\/uploads\\\/2025\\\/04\\\/9562gz7-front-shortedge-384.jpg\",\"datePublished\":\"2025-04-23T15:37:02+00:00\",\"dateModified\":\"2025-04-23T15:37:03+00:00\",\"breadcrumb\":{\"@id\":\"https:\\\/\\\/gracefilledreads.com\\\/product\\\/predicando-para-obtener-una-respuesta\\\/#breadcrumb\"},\"inLanguage\":\"es\",\"potentialAction\":[{\"@type\":\"ReadAction\",\"target\":[\"https:\\\/\\\/gracefilledreads.com\\\/product\\\/predicando-para-obtener-una-respuesta\\\/\"]}]},{\"@type\":\"ImageObject\",\"inLanguage\":\"es\",\"@id\":\"https:\\\/\\\/gracefilledreads.com\\\/product\\\/predicando-para-obtener-una-respuesta\\\/#primaryimage\",\"url\":\"https:\\\/\\\/gracefilledreads.com\\\/wp-content\\\/uploads\\\/2025\\\/04\\\/9562gz7-front-shortedge-384.jpg\",\"contentUrl\":\"https:\\\/\\\/gracefilledreads.com\\\/wp-content\\\/uploads\\\/2025\\\/04\\\/9562gz7-front-shortedge-384.jpg\",\"width\":384,\"height\":593},{\"@type\":\"BreadcrumbList\",\"@id\":\"https:\\\/\\\/gracefilledreads.com\\\/product\\\/predicando-para-obtener-una-respuesta\\\/#breadcrumb\",\"itemListElement\":[{\"@type\":\"ListItem\",\"position\":1,\"name\":\"Home\",\"item\":\"https:\\\/\\\/gracefilledreads.com\\\/\"},{\"@type\":\"ListItem\",\"position\":2,\"name\":\"Shop\",\"item\":\"https:\\\/\\\/gracefilledreads.com\\\/shop\\\/\"},{\"@type\":\"ListItem\",\"position\":3,\"name\":\"PREDICANDO PARA OBTENER UNA RESPUESTA\"}]},{\"@type\":\"WebSite\",\"@id\":\"https:\\\/\\\/gracefilledreads.com\\\/#website\",\"url\":\"https:\\\/\\\/gracefilledreads.com\\\/\",\"name\":\"Grace Filled Reads\",\"description\":\"Good Authors &amp; Transforming Messages\",\"publisher\":{\"@id\":\"https:\\\/\\\/gracefilledreads.com\\\/#organization\"},\"potentialAction\":[{\"@type\":\"SearchAction\",\"target\":{\"@type\":\"EntryPoint\",\"urlTemplate\":\"https:\\\/\\\/gracefilledreads.com\\\/?s={search_term_string}\"},\"query-input\":{\"@type\":\"PropertyValueSpecification\",\"valueRequired\":true,\"valueName\":\"search_term_string\"}}],\"inLanguage\":\"es\"},{\"@type\":\"Organization\",\"@id\":\"https:\\\/\\\/gracefilledreads.com\\\/#organization\",\"name\":\"Grace Filled Reads\",\"url\":\"https:\\\/\\\/gracefilledreads.com\\\/\",\"logo\":{\"@type\":\"ImageObject\",\"inLanguage\":\"es\",\"@id\":\"https:\\\/\\\/gracefilledreads.com\\\/#\\\/schema\\\/logo\\\/image\\\/\",\"url\":\"https:\\\/\\\/gracefilledreads.com\\\/wp-content\\\/uploads\\\/2024\\\/11\\\/gracefilledreads-LOGO-2.svg\",\"contentUrl\":\"https:\\\/\\\/gracefilledreads.com\\\/wp-content\\\/uploads\\\/2024\\\/11\\\/gracefilledreads-LOGO-2.svg\",\"width\":1008,\"height\":441,\"caption\":\"Grace Filled Reads\"},\"image\":{\"@id\":\"https:\\\/\\\/gracefilledreads.com\\\/#\\\/schema\\\/logo\\\/image\\\/\"}}]}<\/script>\n<!-- \/ Yoast SEO plugin. -->","yoast_head_json":{"title":"PREDICANDO PARA OBTENER UNA RESPUESTA - Grace Filled Reads","robots":{"index":"index","follow":"follow","max-snippet":"max-snippet:-1","max-image-preview":"max-image-preview:large","max-video-preview":"max-video-preview:-1"},"canonical":"https:\/\/gracefilledreads.com\/es\/producto\/predicando-para-obtener-una-respuesta\/","og_locale":"es_ES","og_type":"article","og_title":"PREDICANDO PARA OBTENER UNA RESPUESTA - Grace Filled Reads","og_description":"Este libro es el intento de dos predicadores por compartir lo que Dios les ha dado a entender acerca de esta \u201cMagn\u00edfica Obsesi\u00f3n\u201d de sus vidas. Nuestra oraci\u00f3n es que el Esp\u00edritu Santo ponga este libro en las manos de predicadores \u00e1vidos que deseen, m\u00e1s que la vida misma, Glorificar a Jesucristo con su predicaci\u00f3n. \u00bfPara qu\u00e9? Para que el mundo entero pueda conocer al Salvador que nosotros hemos llegado a conocer y amar tan profundamente. S\u00ed, para que a trav\u00e9s de la \u201clocura de la predicaci\u00f3n\u201d muchos puedan ser salvos.","og_url":"https:\/\/gracefilledreads.com\/es\/producto\/predicando-para-obtener-una-respuesta\/","og_site_name":"Grace Filled Reads","article_modified_time":"2025-04-23T15:37:03+00:00","twitter_card":"summary_large_image","schema":{"@context":"https:\/\/schema.org","@graph":[{"@type":"WebPage","@id":"https:\/\/gracefilledreads.com\/product\/predicando-para-obtener-una-respuesta\/","url":"https:\/\/gracefilledreads.com\/product\/predicando-para-obtener-una-respuesta\/","name":"PREDICANDO PARA OBTENER UNA RESPUESTA - Grace Filled Reads","isPartOf":{"@id":"https:\/\/gracefilledreads.com\/#website"},"primaryImageOfPage":{"@id":"https:\/\/gracefilledreads.com\/product\/predicando-para-obtener-una-respuesta\/#primaryimage"},"image":{"@id":"https:\/\/gracefilledreads.com\/product\/predicando-para-obtener-una-respuesta\/#primaryimage"},"thumbnailUrl":"https:\/\/gracefilledreads.com\/wp-content\/uploads\/2025\/04\/9562gz7-front-shortedge-384.jpg","datePublished":"2025-04-23T15:37:02+00:00","dateModified":"2025-04-23T15:37:03+00:00","breadcrumb":{"@id":"https:\/\/gracefilledreads.com\/product\/predicando-para-obtener-una-respuesta\/#breadcrumb"},"inLanguage":"es","potentialAction":[{"@type":"ReadAction","target":["https:\/\/gracefilledreads.com\/product\/predicando-para-obtener-una-respuesta\/"]}]},{"@type":"ImageObject","inLanguage":"es","@id":"https:\/\/gracefilledreads.com\/product\/predicando-para-obtener-una-respuesta\/#primaryimage","url":"https:\/\/gracefilledreads.com\/wp-content\/uploads\/2025\/04\/9562gz7-front-shortedge-384.jpg","contentUrl":"https:\/\/gracefilledreads.com\/wp-content\/uploads\/2025\/04\/9562gz7-front-shortedge-384.jpg","width":384,"height":593},{"@type":"BreadcrumbList","@id":"https:\/\/gracefilledreads.com\/product\/predicando-para-obtener-una-respuesta\/#breadcrumb","itemListElement":[{"@type":"ListItem","position":1,"name":"Home","item":"https:\/\/gracefilledreads.com\/"},{"@type":"ListItem","position":2,"name":"Shop","item":"https:\/\/gracefilledreads.com\/shop\/"},{"@type":"ListItem","position":3,"name":"PREDICANDO PARA OBTENER UNA RESPUESTA"}]},{"@type":"WebSite","@id":"https:\/\/gracefilledreads.com\/#website","url":"https:\/\/gracefilledreads.com\/","name":"Grace Filled Reads","description":"Good Authors &amp; Transforming Messages","publisher":{"@id":"https:\/\/gracefilledreads.com\/#organization"},"potentialAction":[{"@type":"SearchAction","target":{"@type":"EntryPoint","urlTemplate":"https:\/\/gracefilledreads.com\/?s={search_term_string}"},"query-input":{"@type":"PropertyValueSpecification","valueRequired":true,"valueName":"search_term_string"}}],"inLanguage":"es"},{"@type":"Organization","@id":"https:\/\/gracefilledreads.com\/#organization","name":"Grace Filled Reads","url":"https:\/\/gracefilledreads.com\/","logo":{"@type":"ImageObject","inLanguage":"es","@id":"https:\/\/gracefilledreads.com\/#\/schema\/logo\/image\/","url":"https:\/\/gracefilledreads.com\/wp-content\/uploads\/2024\/11\/gracefilledreads-LOGO-2.svg","contentUrl":"https:\/\/gracefilledreads.com\/wp-content\/uploads\/2024\/11\/gracefilledreads-LOGO-2.svg","width":1008,"height":441,"caption":"Grace Filled Reads"},"image":{"@id":"https:\/\/gracefilledreads.com\/#\/schema\/logo\/image\/"}}]}},"_links":{"self":[{"href":"https:\/\/gracefilledreads.com\/es\/wp-json\/wp\/v2\/product\/2385","targetHints":{"allow":["GET"]}}],"collection":[{"href":"https:\/\/gracefilledreads.com\/es\/wp-json\/wp\/v2\/product"}],"about":[{"href":"https:\/\/gracefilledreads.com\/es\/wp-json\/wp\/v2\/types\/product"}],"wp:featuredmedia":[{"embeddable":true,"href":"https:\/\/gracefilledreads.com\/es\/wp-json\/wp\/v2\/media\/2386"}],"wp:attachment":[{"href":"https:\/\/gracefilledreads.com\/es\/wp-json\/wp\/v2\/media?parent=2385"}],"wp:term":[{"taxonomy":"product_brand","embeddable":true,"href":"https:\/\/gracefilledreads.com\/es\/wp-json\/wp\/v2\/product_brand?post=2385"},{"taxonomy":"product_cat","embeddable":true,"href":"https:\/\/gracefilledreads.com\/es\/wp-json\/wp\/v2\/product_cat?post=2385"},{"taxonomy":"product_tag","embeddable":true,"href":"https:\/\/gracefilledreads.com\/es\/wp-json\/wp\/v2\/product_tag?post=2385"}],"curies":[{"name":"wp","href":"https:\/\/api.w.org\/{rel}","templated":true}]}}