{"id":2389,"date":"2025-04-23T11:37:21","date_gmt":"2025-04-23T15:37:21","guid":{"rendered":"https:\/\/gracefilledreads.com\/product\/adoracion-transformadora\/"},"modified":"2025-04-23T11:37:22","modified_gmt":"2025-04-23T15:37:22","slug":"adoracion-transformadora","status":"publish","type":"product","link":"https:\/\/gracefilledreads.com\/es\/producto\/adoracion-transformadora\/","title":{"rendered":"Adoracion Transformadora"},"content":{"rendered":"<p>La Adoraci\u00f3n Transformacional Experimenta El Dios Divino, Trascendente e Inminente, La Adoraci\u00f3n de Transformaci\u00f3n Glorifica a Cristo, Nada de lo que hacemos como cuerpo de Cristo es m\u00e1s importante<br \/>\nque la adoraci\u00f3n. La Adoraci\u00f3n Corporativa, la Adoraci\u00f3n P\u00fablica se encuentra en el centro de la vida de la iglesia. Nuestras iglesias nunca ser\u00e1n mejor que nuestra experiencia de adoraci\u00f3n corporativa. Por esta raz\u00f3n el servicio de adoraci\u00f3n exige lo mejor que podamos aportar a la tarea.<\/p>","protected":false},"excerpt":{"rendered":"<p>La Adoraci\u00f3n Transformacional Experimenta El Dios Divino, Trascendente e Inminente, La Adoraci\u00f3n de Transformaci\u00f3n Glorifica a Cristo, Nada de lo que hacemos como cuerpo de Cristo es m\u00e1s importante<br \/>\nque la adoraci\u00f3n. La Adoraci\u00f3n Corporativa, la Adoraci\u00f3n P\u00fablica se encuentra en el centro de la vida de la iglesia. Nuestras iglesias nunca ser\u00e1n mejor que nuestra experiencia de adoraci\u00f3n corporativa. Por esta raz\u00f3n el servicio de adoraci\u00f3n exige lo mejor que podamos aportar a la tarea.<\/p>","protected":false},"featured_media":2390,"template":"","meta":[],"product_brand":[],"product_cat":[16],"product_tag":[],"class_list":{"0":"post-2389","1":"product","2":"type-product","3":"status-publish","4":"has-post-thumbnail","6":"product_cat-uncategorized","8":"first","9":"instock","10":"shipping-taxable","11":"purchasable","12":"product-type-simple"},"yoast_head":"<!-- This site is optimized with the Yoast SEO plugin v27.3 - https:\/\/yoast.com\/product\/yoast-seo-wordpress\/ -->\n<title>Adoracion Transformadora - Grace Filled Reads<\/title>\n<meta name=\"robots\" content=\"index, follow, max-snippet:-1, max-image-preview:large, max-video-preview:-1\" \/>\n<link rel=\"canonical\" href=\"https:\/\/gracefilledreads.com\/es\/producto\/adoracion-transformadora\/\" \/>\n<meta property=\"og:locale\" content=\"es_ES\" \/>\n<meta property=\"og:type\" content=\"article\" \/>\n<meta property=\"og:title\" content=\"Adoracion Transformadora - Grace Filled Reads\" \/>\n<meta property=\"og:description\" content=\"La Adoraci\u00f3n Transformacional Experimenta El Dios Divino, Trascendente e Inminente, La Adoraci\u00f3n de Transformaci\u00f3n Glorifica a Cristo, Nada de lo que hacemos como cuerpo de Cristo es m\u00e1s importante que la adoraci\u00f3n. La Adoraci\u00f3n Corporativa, la Adoraci\u00f3n P\u00fablica se encuentra en el centro de la vida de la iglesia. Nuestras iglesias nunca ser\u00e1n mejor que nuestra experiencia de adoraci\u00f3n corporativa. Por esta raz\u00f3n el servicio de adoraci\u00f3n exige lo mejor que podamos aportar a la tarea.\" \/>\n<meta property=\"og:url\" content=\"https:\/\/gracefilledreads.com\/es\/producto\/adoracion-transformadora\/\" \/>\n<meta property=\"og:site_name\" content=\"Grace Filled Reads\" \/>\n<meta property=\"article:modified_time\" content=\"2025-04-23T15:37:22+00:00\" \/>\n<meta name=\"twitter:card\" content=\"summary_large_image\" \/>\n<script type=\"application\/ld+json\" class=\"yoast-schema-graph\">{\"@context\":\"https:\\\/\\\/schema.org\",\"@graph\":[{\"@type\":\"WebPage\",\"@id\":\"https:\\\/\\\/gracefilledreads.com\\\/product\\\/adoracion-transformadora\\\/\",\"url\":\"https:\\\/\\\/gracefilledreads.com\\\/product\\\/adoracion-transformadora\\\/\",\"name\":\"Adoracion Transformadora - Grace Filled Reads\",\"isPartOf\":{\"@id\":\"https:\\\/\\\/gracefilledreads.com\\\/#website\"},\"primaryImageOfPage\":{\"@id\":\"https:\\\/\\\/gracefilledreads.com\\\/product\\\/adoracion-transformadora\\\/#primaryimage\"},\"image\":{\"@id\":\"https:\\\/\\\/gracefilledreads.com\\\/product\\\/adoracion-transformadora\\\/#primaryimage\"},\"thumbnailUrl\":\"https:\\\/\\\/gracefilledreads.com\\\/wp-content\\\/uploads\\\/2025\\\/04\\\/7k6mprv-front-shortedge-384.jpg\",\"datePublished\":\"2025-04-23T15:37:21+00:00\",\"dateModified\":\"2025-04-23T15:37:22+00:00\",\"breadcrumb\":{\"@id\":\"https:\\\/\\\/gracefilledreads.com\\\/product\\\/adoracion-transformadora\\\/#breadcrumb\"},\"inLanguage\":\"es\",\"potentialAction\":[{\"@type\":\"ReadAction\",\"target\":[\"https:\\\/\\\/gracefilledreads.com\\\/product\\\/adoracion-transformadora\\\/\"]}]},{\"@type\":\"ImageObject\",\"inLanguage\":\"es\",\"@id\":\"https:\\\/\\\/gracefilledreads.com\\\/product\\\/adoracion-transformadora\\\/#primaryimage\",\"url\":\"https:\\\/\\\/gracefilledreads.com\\\/wp-content\\\/uploads\\\/2025\\\/04\\\/7k6mprv-front-shortedge-384.jpg\",\"contentUrl\":\"https:\\\/\\\/gracefilledreads.com\\\/wp-content\\\/uploads\\\/2025\\\/04\\\/7k6mprv-front-shortedge-384.jpg\",\"width\":384,\"height\":576},{\"@type\":\"BreadcrumbList\",\"@id\":\"https:\\\/\\\/gracefilledreads.com\\\/product\\\/adoracion-transformadora\\\/#breadcrumb\",\"itemListElement\":[{\"@type\":\"ListItem\",\"position\":1,\"name\":\"Home\",\"item\":\"https:\\\/\\\/gracefilledreads.com\\\/\"},{\"@type\":\"ListItem\",\"position\":2,\"name\":\"Shop\",\"item\":\"https:\\\/\\\/gracefilledreads.com\\\/shop\\\/\"},{\"@type\":\"ListItem\",\"position\":3,\"name\":\"Adoracion Transformadora\"}]},{\"@type\":\"WebSite\",\"@id\":\"https:\\\/\\\/gracefilledreads.com\\\/#website\",\"url\":\"https:\\\/\\\/gracefilledreads.com\\\/\",\"name\":\"Grace Filled Reads\",\"description\":\"Good Authors &amp; Transforming Messages\",\"publisher\":{\"@id\":\"https:\\\/\\\/gracefilledreads.com\\\/#organization\"},\"potentialAction\":[{\"@type\":\"SearchAction\",\"target\":{\"@type\":\"EntryPoint\",\"urlTemplate\":\"https:\\\/\\\/gracefilledreads.com\\\/?s={search_term_string}\"},\"query-input\":{\"@type\":\"PropertyValueSpecification\",\"valueRequired\":true,\"valueName\":\"search_term_string\"}}],\"inLanguage\":\"es\"},{\"@type\":\"Organization\",\"@id\":\"https:\\\/\\\/gracefilledreads.com\\\/#organization\",\"name\":\"Grace Filled Reads\",\"url\":\"https:\\\/\\\/gracefilledreads.com\\\/\",\"logo\":{\"@type\":\"ImageObject\",\"inLanguage\":\"es\",\"@id\":\"https:\\\/\\\/gracefilledreads.com\\\/#\\\/schema\\\/logo\\\/image\\\/\",\"url\":\"https:\\\/\\\/gracefilledreads.com\\\/wp-content\\\/uploads\\\/2024\\\/11\\\/gracefilledreads-LOGO-2.svg\",\"contentUrl\":\"https:\\\/\\\/gracefilledreads.com\\\/wp-content\\\/uploads\\\/2024\\\/11\\\/gracefilledreads-LOGO-2.svg\",\"width\":1008,\"height\":441,\"caption\":\"Grace Filled Reads\"},\"image\":{\"@id\":\"https:\\\/\\\/gracefilledreads.com\\\/#\\\/schema\\\/logo\\\/image\\\/\"}}]}<\/script>\n<!-- \/ Yoast SEO plugin. -->","yoast_head_json":{"title":"Adoracion Transformadora - Grace Filled Reads","robots":{"index":"index","follow":"follow","max-snippet":"max-snippet:-1","max-image-preview":"max-image-preview:large","max-video-preview":"max-video-preview:-1"},"canonical":"https:\/\/gracefilledreads.com\/es\/producto\/adoracion-transformadora\/","og_locale":"es_ES","og_type":"article","og_title":"Adoracion Transformadora - Grace Filled Reads","og_description":"La Adoraci\u00f3n Transformacional Experimenta El Dios Divino, Trascendente e Inminente, La Adoraci\u00f3n de Transformaci\u00f3n Glorifica a Cristo, Nada de lo que hacemos como cuerpo de Cristo es m\u00e1s importante que la adoraci\u00f3n. La Adoraci\u00f3n Corporativa, la Adoraci\u00f3n P\u00fablica se encuentra en el centro de la vida de la iglesia. Nuestras iglesias nunca ser\u00e1n mejor que nuestra experiencia de adoraci\u00f3n corporativa. Por esta raz\u00f3n el servicio de adoraci\u00f3n exige lo mejor que podamos aportar a la tarea.","og_url":"https:\/\/gracefilledreads.com\/es\/producto\/adoracion-transformadora\/","og_site_name":"Grace Filled Reads","article_modified_time":"2025-04-23T15:37:22+00:00","twitter_card":"summary_large_image","schema":{"@context":"https:\/\/schema.org","@graph":[{"@type":"WebPage","@id":"https:\/\/gracefilledreads.com\/product\/adoracion-transformadora\/","url":"https:\/\/gracefilledreads.com\/product\/adoracion-transformadora\/","name":"Adoracion Transformadora - Grace Filled Reads","isPartOf":{"@id":"https:\/\/gracefilledreads.com\/#website"},"primaryImageOfPage":{"@id":"https:\/\/gracefilledreads.com\/product\/adoracion-transformadora\/#primaryimage"},"image":{"@id":"https:\/\/gracefilledreads.com\/product\/adoracion-transformadora\/#primaryimage"},"thumbnailUrl":"https:\/\/gracefilledreads.com\/wp-content\/uploads\/2025\/04\/7k6mprv-front-shortedge-384.jpg","datePublished":"2025-04-23T15:37:21+00:00","dateModified":"2025-04-23T15:37:22+00:00","breadcrumb":{"@id":"https:\/\/gracefilledreads.com\/product\/adoracion-transformadora\/#breadcrumb"},"inLanguage":"es","potentialAction":[{"@type":"ReadAction","target":["https:\/\/gracefilledreads.com\/product\/adoracion-transformadora\/"]}]},{"@type":"ImageObject","inLanguage":"es","@id":"https:\/\/gracefilledreads.com\/product\/adoracion-transformadora\/#primaryimage","url":"https:\/\/gracefilledreads.com\/wp-content\/uploads\/2025\/04\/7k6mprv-front-shortedge-384.jpg","contentUrl":"https:\/\/gracefilledreads.com\/wp-content\/uploads\/2025\/04\/7k6mprv-front-shortedge-384.jpg","width":384,"height":576},{"@type":"BreadcrumbList","@id":"https:\/\/gracefilledreads.com\/product\/adoracion-transformadora\/#breadcrumb","itemListElement":[{"@type":"ListItem","position":1,"name":"Home","item":"https:\/\/gracefilledreads.com\/"},{"@type":"ListItem","position":2,"name":"Shop","item":"https:\/\/gracefilledreads.com\/shop\/"},{"@type":"ListItem","position":3,"name":"Adoracion Transformadora"}]},{"@type":"WebSite","@id":"https:\/\/gracefilledreads.com\/#website","url":"https:\/\/gracefilledreads.com\/","name":"Grace Filled Reads","description":"Good Authors &amp; Transforming Messages","publisher":{"@id":"https:\/\/gracefilledreads.com\/#organization"},"potentialAction":[{"@type":"SearchAction","target":{"@type":"EntryPoint","urlTemplate":"https:\/\/gracefilledreads.com\/?s={search_term_string}"},"query-input":{"@type":"PropertyValueSpecification","valueRequired":true,"valueName":"search_term_string"}}],"inLanguage":"es"},{"@type":"Organization","@id":"https:\/\/gracefilledreads.com\/#organization","name":"Grace Filled Reads","url":"https:\/\/gracefilledreads.com\/","logo":{"@type":"ImageObject","inLanguage":"es","@id":"https:\/\/gracefilledreads.com\/#\/schema\/logo\/image\/","url":"https:\/\/gracefilledreads.com\/wp-content\/uploads\/2024\/11\/gracefilledreads-LOGO-2.svg","contentUrl":"https:\/\/gracefilledreads.com\/wp-content\/uploads\/2024\/11\/gracefilledreads-LOGO-2.svg","width":1008,"height":441,"caption":"Grace Filled Reads"},"image":{"@id":"https:\/\/gracefilledreads.com\/#\/schema\/logo\/image\/"}}]}},"_links":{"self":[{"href":"https:\/\/gracefilledreads.com\/es\/wp-json\/wp\/v2\/product\/2389","targetHints":{"allow":["GET"]}}],"collection":[{"href":"https:\/\/gracefilledreads.com\/es\/wp-json\/wp\/v2\/product"}],"about":[{"href":"https:\/\/gracefilledreads.com\/es\/wp-json\/wp\/v2\/types\/product"}],"wp:featuredmedia":[{"embeddable":true,"href":"https:\/\/gracefilledreads.com\/es\/wp-json\/wp\/v2\/media\/2390"}],"wp:attachment":[{"href":"https:\/\/gracefilledreads.com\/es\/wp-json\/wp\/v2\/media?parent=2389"}],"wp:term":[{"taxonomy":"product_brand","embeddable":true,"href":"https:\/\/gracefilledreads.com\/es\/wp-json\/wp\/v2\/product_brand?post=2389"},{"taxonomy":"product_cat","embeddable":true,"href":"https:\/\/gracefilledreads.com\/es\/wp-json\/wp\/v2\/product_cat?post=2389"},{"taxonomy":"product_tag","embeddable":true,"href":"https:\/\/gracefilledreads.com\/es\/wp-json\/wp\/v2\/product_tag?post=2389"}],"curies":[{"name":"wp","href":"https:\/\/api.w.org\/{rel}","templated":true}]}}