{"id":2410,"date":"2025-05-15T14:58:55","date_gmt":"2025-05-15T18:58:55","guid":{"rendered":"https:\/\/gracefilledreads.com\/product\/cartas-de-amor\/"},"modified":"2025-05-15T14:58:57","modified_gmt":"2025-05-15T18:58:57","slug":"cartas-de-amor","status":"publish","type":"product","link":"https:\/\/gracefilledreads.com\/es\/producto\/cartas-de-amor\/","title":{"rendered":"Cartas de Amor"},"content":{"rendered":"<p>Las tres ep\u00edstolas de Juan, tradicionalmente atribuidas al ap\u00f3stol Juan, ofrecen una rica base para el estudio devocional en las primeras comunidades cristianas. Escritas en torno a los a\u00f1os 64-66 d.C., estas ep\u00edstolas abordan importantes cuestiones teol\u00f3gicas y \u00e9ticas a las que se enfrentaban los creyentes de \u00c9feso, en particular sobre la naturaleza de Cristo y las relaciones comunitarias entre sus seguidores. Cada ep\u00edstola tiene un prop\u00f3sito distinto: mientras que 1 Juan hace hincapi\u00e9 en vivir a la luz de Dios mediante el amor y la verdad, 2 Juan advierte contra las falsas ense\u00f1anzas dirigidas a una congregaci\u00f3n espec\u00edfica, y 3 Juan elogia a Gayo por su hospitalidad en medio de la oposici\u00f3n de Di\u00f3trefes (Pastori, s.f.). Esta exploraci\u00f3n devocional anima a los lectores a reflexionar sobre los temas intemporales que encierran estos textos. El \u00e9nfasis en la koinon\u00eda -la comuni\u00f3n con Dios y con los dem\u00e1s- es una llamada permanente a los cristianos contempor\u00e1neos para que fomenten una aut\u00e9ntica comunidad mediante el amor y el apoyo.<\/p>","protected":false},"excerpt":{"rendered":"<p>Las tres ep\u00edstolas de Juan, tradicionalmente atribuidas al ap\u00f3stol Juan, ofrecen una rica base para el estudio devocional en las primeras comunidades cristianas. Escritas en torno a los a\u00f1os 64-66 d.C., estas ep\u00edstolas abordan importantes cuestiones teol\u00f3gicas y \u00e9ticas a las que se enfrentaban los creyentes de \u00c9feso, en particular sobre la naturaleza de Cristo y las relaciones comunitarias entre sus seguidores. Cada ep\u00edstola tiene un prop\u00f3sito distinto: mientras que 1 Juan hace hincapi\u00e9 en vivir a la luz de Dios mediante el amor y la verdad, 2 Juan advierte contra las falsas ense\u00f1anzas dirigidas a una congregaci\u00f3n espec\u00edfica, y 3 Juan elogia a Gayo por su hospitalidad en medio de la oposici\u00f3n de Di\u00f3trefes (Pastori, s.f.). Esta exploraci\u00f3n devocional anima a los lectores a reflexionar sobre los temas intemporales que encierran estos textos. El \u00e9nfasis en la koinon\u00eda -la comuni\u00f3n con Dios y con los dem\u00e1s- es una llamada permanente a los cristianos contempor\u00e1neos para que fomenten una aut\u00e9ntica comunidad mediante el amor y el apoyo.<\/p>","protected":false},"featured_media":2411,"template":"","meta":[],"product_brand":[],"product_cat":[16],"product_tag":[],"class_list":{"0":"post-2410","1":"product","2":"type-product","3":"status-publish","4":"has-post-thumbnail","6":"product_cat-uncategorized","8":"first","9":"instock","10":"shipping-taxable","11":"purchasable","12":"product-type-simple"},"yoast_head":"<!-- This site is optimized with the Yoast SEO plugin v27.3 - https:\/\/yoast.com\/product\/yoast-seo-wordpress\/ -->\n<title>Cartas de Amor - Grace Filled Reads<\/title>\n<meta name=\"robots\" content=\"index, follow, max-snippet:-1, max-image-preview:large, max-video-preview:-1\" \/>\n<link rel=\"canonical\" href=\"https:\/\/gracefilledreads.com\/es\/producto\/cartas-de-amor\/\" \/>\n<meta property=\"og:locale\" content=\"es_ES\" \/>\n<meta property=\"og:type\" content=\"article\" \/>\n<meta property=\"og:title\" content=\"Cartas de Amor - Grace Filled Reads\" \/>\n<meta property=\"og:description\" content=\"Las tres ep\u00edstolas de Juan, tradicionalmente atribuidas al ap\u00f3stol Juan, ofrecen una rica base para el estudio devocional en las primeras comunidades cristianas. Escritas en torno a los a\u00f1os 64-66 d.C., estas ep\u00edstolas abordan importantes cuestiones teol\u00f3gicas y \u00e9ticas a las que se enfrentaban los creyentes de \u00c9feso, en particular sobre la naturaleza de Cristo y las relaciones comunitarias entre sus seguidores. Cada ep\u00edstola tiene un prop\u00f3sito distinto: mientras que 1 Juan hace hincapi\u00e9 en vivir a la luz de Dios mediante el amor y la verdad, 2 Juan advierte contra las falsas ense\u00f1anzas dirigidas a una congregaci\u00f3n espec\u00edfica, y 3 Juan elogia a Gayo por su hospitalidad en medio de la oposici\u00f3n de Di\u00f3trefes (Pastori, s.f.). Esta exploraci\u00f3n devocional anima a los lectores a reflexionar sobre los temas intemporales que encierran estos textos. El \u00e9nfasis en la koinon\u00eda -la comuni\u00f3n con Dios y con los dem\u00e1s- es una llamada permanente a los cristianos contempor\u00e1neos para que fomenten una aut\u00e9ntica comunidad mediante el amor y el apoyo.\" \/>\n<meta property=\"og:url\" content=\"https:\/\/gracefilledreads.com\/es\/producto\/cartas-de-amor\/\" \/>\n<meta property=\"og:site_name\" content=\"Grace Filled Reads\" \/>\n<meta property=\"article:modified_time\" content=\"2025-05-15T18:58:57+00:00\" \/>\n<meta name=\"twitter:card\" content=\"summary_large_image\" \/>\n<meta name=\"twitter:label1\" content=\"Tiempo estimado de lectura\" \/>\n\t<meta name=\"twitter:data1\" content=\"1 minuto\" \/>\n<script type=\"application\/ld+json\" class=\"yoast-schema-graph\">{\"@context\":\"https:\\\/\\\/schema.org\",\"@graph\":[{\"@type\":\"WebPage\",\"@id\":\"https:\\\/\\\/gracefilledreads.com\\\/product\\\/cartas-de-amor\\\/\",\"url\":\"https:\\\/\\\/gracefilledreads.com\\\/product\\\/cartas-de-amor\\\/\",\"name\":\"Cartas de Amor - Grace Filled Reads\",\"isPartOf\":{\"@id\":\"https:\\\/\\\/gracefilledreads.com\\\/#website\"},\"primaryImageOfPage\":{\"@id\":\"https:\\\/\\\/gracefilledreads.com\\\/product\\\/cartas-de-amor\\\/#primaryimage\"},\"image\":{\"@id\":\"https:\\\/\\\/gracefilledreads.com\\\/product\\\/cartas-de-amor\\\/#primaryimage\"},\"thumbnailUrl\":\"https:\\\/\\\/gracefilledreads.com\\\/wp-content\\\/uploads\\\/2025\\\/05\\\/w4y4q8y-front-shortedge-384.jpg\",\"datePublished\":\"2025-05-15T18:58:55+00:00\",\"dateModified\":\"2025-05-15T18:58:57+00:00\",\"breadcrumb\":{\"@id\":\"https:\\\/\\\/gracefilledreads.com\\\/product\\\/cartas-de-amor\\\/#breadcrumb\"},\"inLanguage\":\"es\",\"potentialAction\":[{\"@type\":\"ReadAction\",\"target\":[\"https:\\\/\\\/gracefilledreads.com\\\/product\\\/cartas-de-amor\\\/\"]}]},{\"@type\":\"ImageObject\",\"inLanguage\":\"es\",\"@id\":\"https:\\\/\\\/gracefilledreads.com\\\/product\\\/cartas-de-amor\\\/#primaryimage\",\"url\":\"https:\\\/\\\/gracefilledreads.com\\\/wp-content\\\/uploads\\\/2025\\\/05\\\/w4y4q8y-front-shortedge-384.jpg\",\"contentUrl\":\"https:\\\/\\\/gracefilledreads.com\\\/wp-content\\\/uploads\\\/2025\\\/05\\\/w4y4q8y-front-shortedge-384.jpg\",\"width\":384,\"height\":576},{\"@type\":\"BreadcrumbList\",\"@id\":\"https:\\\/\\\/gracefilledreads.com\\\/product\\\/cartas-de-amor\\\/#breadcrumb\",\"itemListElement\":[{\"@type\":\"ListItem\",\"position\":1,\"name\":\"Home\",\"item\":\"https:\\\/\\\/gracefilledreads.com\\\/\"},{\"@type\":\"ListItem\",\"position\":2,\"name\":\"Shop\",\"item\":\"https:\\\/\\\/gracefilledreads.com\\\/shop\\\/\"},{\"@type\":\"ListItem\",\"position\":3,\"name\":\"Cartas de Amor\"}]},{\"@type\":\"WebSite\",\"@id\":\"https:\\\/\\\/gracefilledreads.com\\\/#website\",\"url\":\"https:\\\/\\\/gracefilledreads.com\\\/\",\"name\":\"Grace Filled Reads\",\"description\":\"Good Authors &amp; Transforming Messages\",\"publisher\":{\"@id\":\"https:\\\/\\\/gracefilledreads.com\\\/#organization\"},\"potentialAction\":[{\"@type\":\"SearchAction\",\"target\":{\"@type\":\"EntryPoint\",\"urlTemplate\":\"https:\\\/\\\/gracefilledreads.com\\\/?s={search_term_string}\"},\"query-input\":{\"@type\":\"PropertyValueSpecification\",\"valueRequired\":true,\"valueName\":\"search_term_string\"}}],\"inLanguage\":\"es\"},{\"@type\":\"Organization\",\"@id\":\"https:\\\/\\\/gracefilledreads.com\\\/#organization\",\"name\":\"Grace Filled Reads\",\"url\":\"https:\\\/\\\/gracefilledreads.com\\\/\",\"logo\":{\"@type\":\"ImageObject\",\"inLanguage\":\"es\",\"@id\":\"https:\\\/\\\/gracefilledreads.com\\\/#\\\/schema\\\/logo\\\/image\\\/\",\"url\":\"https:\\\/\\\/gracefilledreads.com\\\/wp-content\\\/uploads\\\/2024\\\/11\\\/gracefilledreads-LOGO-2.svg\",\"contentUrl\":\"https:\\\/\\\/gracefilledreads.com\\\/wp-content\\\/uploads\\\/2024\\\/11\\\/gracefilledreads-LOGO-2.svg\",\"width\":1008,\"height\":441,\"caption\":\"Grace Filled Reads\"},\"image\":{\"@id\":\"https:\\\/\\\/gracefilledreads.com\\\/#\\\/schema\\\/logo\\\/image\\\/\"}}]}<\/script>\n<!-- \/ Yoast SEO plugin. -->","yoast_head_json":{"title":"Cartas de Amor - Grace Filled Reads","robots":{"index":"index","follow":"follow","max-snippet":"max-snippet:-1","max-image-preview":"max-image-preview:large","max-video-preview":"max-video-preview:-1"},"canonical":"https:\/\/gracefilledreads.com\/es\/producto\/cartas-de-amor\/","og_locale":"es_ES","og_type":"article","og_title":"Cartas de Amor - Grace Filled Reads","og_description":"Las tres ep\u00edstolas de Juan, tradicionalmente atribuidas al ap\u00f3stol Juan, ofrecen una rica base para el estudio devocional en las primeras comunidades cristianas. Escritas en torno a los a\u00f1os 64-66 d.C., estas ep\u00edstolas abordan importantes cuestiones teol\u00f3gicas y \u00e9ticas a las que se enfrentaban los creyentes de \u00c9feso, en particular sobre la naturaleza de Cristo y las relaciones comunitarias entre sus seguidores. Cada ep\u00edstola tiene un prop\u00f3sito distinto: mientras que 1 Juan hace hincapi\u00e9 en vivir a la luz de Dios mediante el amor y la verdad, 2 Juan advierte contra las falsas ense\u00f1anzas dirigidas a una congregaci\u00f3n espec\u00edfica, y 3 Juan elogia a Gayo por su hospitalidad en medio de la oposici\u00f3n de Di\u00f3trefes (Pastori, s.f.). Esta exploraci\u00f3n devocional anima a los lectores a reflexionar sobre los temas intemporales que encierran estos textos. El \u00e9nfasis en la koinon\u00eda -la comuni\u00f3n con Dios y con los dem\u00e1s- es una llamada permanente a los cristianos contempor\u00e1neos para que fomenten una aut\u00e9ntica comunidad mediante el amor y el apoyo.","og_url":"https:\/\/gracefilledreads.com\/es\/producto\/cartas-de-amor\/","og_site_name":"Grace Filled Reads","article_modified_time":"2025-05-15T18:58:57+00:00","twitter_card":"summary_large_image","twitter_misc":{"Tiempo estimado de lectura":"1 minuto"},"schema":{"@context":"https:\/\/schema.org","@graph":[{"@type":"WebPage","@id":"https:\/\/gracefilledreads.com\/product\/cartas-de-amor\/","url":"https:\/\/gracefilledreads.com\/product\/cartas-de-amor\/","name":"Cartas de Amor - Grace Filled Reads","isPartOf":{"@id":"https:\/\/gracefilledreads.com\/#website"},"primaryImageOfPage":{"@id":"https:\/\/gracefilledreads.com\/product\/cartas-de-amor\/#primaryimage"},"image":{"@id":"https:\/\/gracefilledreads.com\/product\/cartas-de-amor\/#primaryimage"},"thumbnailUrl":"https:\/\/gracefilledreads.com\/wp-content\/uploads\/2025\/05\/w4y4q8y-front-shortedge-384.jpg","datePublished":"2025-05-15T18:58:55+00:00","dateModified":"2025-05-15T18:58:57+00:00","breadcrumb":{"@id":"https:\/\/gracefilledreads.com\/product\/cartas-de-amor\/#breadcrumb"},"inLanguage":"es","potentialAction":[{"@type":"ReadAction","target":["https:\/\/gracefilledreads.com\/product\/cartas-de-amor\/"]}]},{"@type":"ImageObject","inLanguage":"es","@id":"https:\/\/gracefilledreads.com\/product\/cartas-de-amor\/#primaryimage","url":"https:\/\/gracefilledreads.com\/wp-content\/uploads\/2025\/05\/w4y4q8y-front-shortedge-384.jpg","contentUrl":"https:\/\/gracefilledreads.com\/wp-content\/uploads\/2025\/05\/w4y4q8y-front-shortedge-384.jpg","width":384,"height":576},{"@type":"BreadcrumbList","@id":"https:\/\/gracefilledreads.com\/product\/cartas-de-amor\/#breadcrumb","itemListElement":[{"@type":"ListItem","position":1,"name":"Home","item":"https:\/\/gracefilledreads.com\/"},{"@type":"ListItem","position":2,"name":"Shop","item":"https:\/\/gracefilledreads.com\/shop\/"},{"@type":"ListItem","position":3,"name":"Cartas de Amor"}]},{"@type":"WebSite","@id":"https:\/\/gracefilledreads.com\/#website","url":"https:\/\/gracefilledreads.com\/","name":"Grace Filled Reads","description":"Good Authors &amp; Transforming Messages","publisher":{"@id":"https:\/\/gracefilledreads.com\/#organization"},"potentialAction":[{"@type":"SearchAction","target":{"@type":"EntryPoint","urlTemplate":"https:\/\/gracefilledreads.com\/?s={search_term_string}"},"query-input":{"@type":"PropertyValueSpecification","valueRequired":true,"valueName":"search_term_string"}}],"inLanguage":"es"},{"@type":"Organization","@id":"https:\/\/gracefilledreads.com\/#organization","name":"Grace Filled Reads","url":"https:\/\/gracefilledreads.com\/","logo":{"@type":"ImageObject","inLanguage":"es","@id":"https:\/\/gracefilledreads.com\/#\/schema\/logo\/image\/","url":"https:\/\/gracefilledreads.com\/wp-content\/uploads\/2024\/11\/gracefilledreads-LOGO-2.svg","contentUrl":"https:\/\/gracefilledreads.com\/wp-content\/uploads\/2024\/11\/gracefilledreads-LOGO-2.svg","width":1008,"height":441,"caption":"Grace Filled Reads"},"image":{"@id":"https:\/\/gracefilledreads.com\/#\/schema\/logo\/image\/"}}]}},"_links":{"self":[{"href":"https:\/\/gracefilledreads.com\/es\/wp-json\/wp\/v2\/product\/2410","targetHints":{"allow":["GET"]}}],"collection":[{"href":"https:\/\/gracefilledreads.com\/es\/wp-json\/wp\/v2\/product"}],"about":[{"href":"https:\/\/gracefilledreads.com\/es\/wp-json\/wp\/v2\/types\/product"}],"wp:featuredmedia":[{"embeddable":true,"href":"https:\/\/gracefilledreads.com\/es\/wp-json\/wp\/v2\/media\/2411"}],"wp:attachment":[{"href":"https:\/\/gracefilledreads.com\/es\/wp-json\/wp\/v2\/media?parent=2410"}],"wp:term":[{"taxonomy":"product_brand","embeddable":true,"href":"https:\/\/gracefilledreads.com\/es\/wp-json\/wp\/v2\/product_brand?post=2410"},{"taxonomy":"product_cat","embeddable":true,"href":"https:\/\/gracefilledreads.com\/es\/wp-json\/wp\/v2\/product_cat?post=2410"},{"taxonomy":"product_tag","embeddable":true,"href":"https:\/\/gracefilledreads.com\/es\/wp-json\/wp\/v2\/product_tag?post=2410"}],"curies":[{"name":"wp","href":"https:\/\/api.w.org\/{rel}","templated":true}]}}