{"id":2453,"date":"2025-09-06T15:15:58","date_gmt":"2025-09-06T19:15:58","guid":{"rendered":"https:\/\/gracefilledreads.com\/?post_type=product&#038;p=2453"},"modified":"2025-09-06T15:16:53","modified_gmt":"2025-09-06T19:16:53","slug":"ebook-and-there-is-hope","status":"publish","type":"product","link":"https:\/\/gracefilledreads.com\/es\/producto\/ebook-and-there-is-hope\/","title":{"rendered":"eBook: And There is Hope"},"content":{"rendered":"<p>Este libro es la historia de nuestro viaje a lo largo de una vida de dolor y de c\u00f3mo el Se\u00f1or nos sana incluso en este terrible viaje. Explore el dif\u00edcil viaje y vea c\u00f3mo se relaciona con su propio viaje con el dolor. Examinamos cuidadosamente algunas lecciones muy importantes que aprendimos a lo largo del camino. Una caracter\u00edstica adicional son las 13 gu\u00edas de estudio al final del libro, lo que lo convierte en un gran recurso para el estudio en grupos peque\u00f1os.<\/p>\n<p>Dan W. Dunn, PhD. Recomiendo este libro a cualquier persona que est\u00e9 atravesando el camino del duelo, ya sea por su propio dolor o por el dolor de un ser querido. Es una forma sincera de compartir un viaje de duelo a partir de una experiencia de primera mano y ofrece consejos \u00fatiles sobre c\u00f3mo navegar por las aguas turbulentas y dolorosas de los r\u00e1pidos del luto.<\/p>","protected":false},"excerpt":{"rendered":"<p>Este libro es la historia de nuestro viaje a lo largo de una vida de dolor y de c\u00f3mo el Se\u00f1or nos sana incluso en este terrible viaje. Explore el dif\u00edcil viaje y vea c\u00f3mo se relaciona con su propio viaje con el dolor. Examinamos cuidadosamente algunas lecciones muy importantes que aprendimos a lo largo del camino. Una caracter\u00edstica adicional son las 13 gu\u00edas de estudio al final del libro, lo que lo convierte en un gran recurso para el estudio en grupos peque\u00f1os.<\/p>\n<p>Dan W. Dunn, PhD. Recomiendo este libro a cualquier persona que est\u00e9 atravesando el camino del duelo, ya sea por su propio dolor o por el dolor de un ser querido. Es una forma sincera de compartir un viaje de duelo a partir de una experiencia de primera mano y ofrece consejos \u00fatiles sobre c\u00f3mo navegar por las aguas turbulentas y dolorosas de los r\u00e1pidos del luto.<\/p>","protected":false},"featured_media":970,"template":"","meta":[],"product_brand":[],"product_cat":[21,19,17],"product_tag":[],"class_list":{"0":"post-2453","1":"product","2":"type-product","3":"status-publish","4":"has-post-thumbnail","6":"product_cat-ebook","7":"product_cat-english","8":"product_cat-warren-lathem","10":"first","11":"instock","12":"downloadable","13":"virtual","14":"sold-individually","15":"purchasable","16":"product-type-simple"},"yoast_head":"<!-- This site is optimized with the Yoast SEO plugin v27.3 - https:\/\/yoast.com\/product\/yoast-seo-wordpress\/ -->\n<title>eBook: And There is Hope - Grace Filled Reads<\/title>\n<meta name=\"description\" content=\"Dan W. Dunn, PhD. I recommend this book to anyone walking the path of grief, either their own grief or the grief of someone they love.\" \/>\n<meta name=\"robots\" content=\"index, follow, max-snippet:-1, max-image-preview:large, max-video-preview:-1\" \/>\n<link rel=\"canonical\" href=\"https:\/\/gracefilledreads.com\/es\/producto\/ebook-and-there-is-hope\/\" \/>\n<meta property=\"og:locale\" content=\"es_ES\" \/>\n<meta property=\"og:type\" content=\"article\" \/>\n<meta property=\"og:title\" content=\"eBook: And There is Hope - Grace Filled Reads\" \/>\n<meta property=\"og:description\" content=\"Dan W. Dunn, PhD. I recommend this book to anyone walking the path of grief, either their own grief or the grief of someone they love.\" \/>\n<meta property=\"og:url\" content=\"https:\/\/gracefilledreads.com\/es\/producto\/ebook-and-there-is-hope\/\" \/>\n<meta property=\"og:site_name\" content=\"Grace Filled Reads\" \/>\n<meta property=\"article:modified_time\" content=\"2025-09-06T19:16:53+00:00\" \/>\n<meta property=\"og:image\" content=\"https:\/\/gracefilledreads.com\/wp-content\/uploads\/2024\/11\/84r24we-front-shortedge-384-1.jpg\" \/>\n\t<meta property=\"og:image:width\" content=\"384\" \/>\n\t<meta property=\"og:image:height\" content=\"576\" \/>\n\t<meta property=\"og:image:type\" content=\"image\/jpeg\" \/>\n<meta name=\"twitter:card\" content=\"summary_large_image\" \/>\n<meta name=\"twitter:label1\" content=\"Tiempo estimado de lectura\" \/>\n\t<meta name=\"twitter:data1\" content=\"1 minuto\" \/>\n<script type=\"application\/ld+json\" class=\"yoast-schema-graph\">{\"@context\":\"https:\\\/\\\/schema.org\",\"@graph\":[{\"@type\":\"WebPage\",\"@id\":\"https:\\\/\\\/gracefilledreads.com\\\/product\\\/ebook-and-there-is-hope\\\/\",\"url\":\"https:\\\/\\\/gracefilledreads.com\\\/product\\\/ebook-and-there-is-hope\\\/\",\"name\":\"eBook: And There is Hope - Grace Filled Reads\",\"isPartOf\":{\"@id\":\"https:\\\/\\\/gracefilledreads.com\\\/#website\"},\"primaryImageOfPage\":{\"@id\":\"https:\\\/\\\/gracefilledreads.com\\\/product\\\/ebook-and-there-is-hope\\\/#primaryimage\"},\"image\":{\"@id\":\"https:\\\/\\\/gracefilledreads.com\\\/product\\\/ebook-and-there-is-hope\\\/#primaryimage\"},\"thumbnailUrl\":\"https:\\\/\\\/gracefilledreads.com\\\/wp-content\\\/uploads\\\/2024\\\/11\\\/84r24we-front-shortedge-384-1.jpg\",\"datePublished\":\"2025-09-06T19:15:58+00:00\",\"dateModified\":\"2025-09-06T19:16:53+00:00\",\"description\":\"Dan W. Dunn, PhD. I recommend this book to anyone walking the path of grief, either their own grief or the grief of someone they love.\",\"breadcrumb\":{\"@id\":\"https:\\\/\\\/gracefilledreads.com\\\/product\\\/ebook-and-there-is-hope\\\/#breadcrumb\"},\"inLanguage\":\"es\",\"potentialAction\":[{\"@type\":\"ReadAction\",\"target\":[\"https:\\\/\\\/gracefilledreads.com\\\/product\\\/ebook-and-there-is-hope\\\/\"]}]},{\"@type\":\"ImageObject\",\"inLanguage\":\"es\",\"@id\":\"https:\\\/\\\/gracefilledreads.com\\\/product\\\/ebook-and-there-is-hope\\\/#primaryimage\",\"url\":\"https:\\\/\\\/gracefilledreads.com\\\/wp-content\\\/uploads\\\/2024\\\/11\\\/84r24we-front-shortedge-384-1.jpg\",\"contentUrl\":\"https:\\\/\\\/gracefilledreads.com\\\/wp-content\\\/uploads\\\/2024\\\/11\\\/84r24we-front-shortedge-384-1.jpg\",\"width\":384,\"height\":576},{\"@type\":\"BreadcrumbList\",\"@id\":\"https:\\\/\\\/gracefilledreads.com\\\/product\\\/ebook-and-there-is-hope\\\/#breadcrumb\",\"itemListElement\":[{\"@type\":\"ListItem\",\"position\":1,\"name\":\"Home\",\"item\":\"https:\\\/\\\/gracefilledreads.com\\\/\"},{\"@type\":\"ListItem\",\"position\":2,\"name\":\"Shop\",\"item\":\"https:\\\/\\\/gracefilledreads.com\\\/shop\\\/\"},{\"@type\":\"ListItem\",\"position\":3,\"name\":\"eBook: And There is Hope\"}]},{\"@type\":\"WebSite\",\"@id\":\"https:\\\/\\\/gracefilledreads.com\\\/#website\",\"url\":\"https:\\\/\\\/gracefilledreads.com\\\/\",\"name\":\"Grace Filled Reads\",\"description\":\"Good Authors &amp; Transforming Messages\",\"publisher\":{\"@id\":\"https:\\\/\\\/gracefilledreads.com\\\/#organization\"},\"potentialAction\":[{\"@type\":\"SearchAction\",\"target\":{\"@type\":\"EntryPoint\",\"urlTemplate\":\"https:\\\/\\\/gracefilledreads.com\\\/?s={search_term_string}\"},\"query-input\":{\"@type\":\"PropertyValueSpecification\",\"valueRequired\":true,\"valueName\":\"search_term_string\"}}],\"inLanguage\":\"es\"},{\"@type\":\"Organization\",\"@id\":\"https:\\\/\\\/gracefilledreads.com\\\/#organization\",\"name\":\"Grace Filled Reads\",\"url\":\"https:\\\/\\\/gracefilledreads.com\\\/\",\"logo\":{\"@type\":\"ImageObject\",\"inLanguage\":\"es\",\"@id\":\"https:\\\/\\\/gracefilledreads.com\\\/#\\\/schema\\\/logo\\\/image\\\/\",\"url\":\"https:\\\/\\\/gracefilledreads.com\\\/wp-content\\\/uploads\\\/2024\\\/11\\\/gracefilledreads-LOGO-2.svg\",\"contentUrl\":\"https:\\\/\\\/gracefilledreads.com\\\/wp-content\\\/uploads\\\/2024\\\/11\\\/gracefilledreads-LOGO-2.svg\",\"width\":1008,\"height\":441,\"caption\":\"Grace Filled Reads\"},\"image\":{\"@id\":\"https:\\\/\\\/gracefilledreads.com\\\/#\\\/schema\\\/logo\\\/image\\\/\"}}]}<\/script>\n<!-- \/ Yoast SEO plugin. -->","yoast_head_json":{"title":"eBook: And There is Hope - Grace Filled Reads","description":"Dan W. Dunn, PhD. I recommend this book to anyone walking the path of grief, either their own grief or the grief of someone they love.","robots":{"index":"index","follow":"follow","max-snippet":"max-snippet:-1","max-image-preview":"max-image-preview:large","max-video-preview":"max-video-preview:-1"},"canonical":"https:\/\/gracefilledreads.com\/es\/producto\/ebook-and-there-is-hope\/","og_locale":"es_ES","og_type":"article","og_title":"eBook: And There is Hope - Grace Filled Reads","og_description":"Dan W. Dunn, PhD. I recommend this book to anyone walking the path of grief, either their own grief or the grief of someone they love.","og_url":"https:\/\/gracefilledreads.com\/es\/producto\/ebook-and-there-is-hope\/","og_site_name":"Grace Filled Reads","article_modified_time":"2025-09-06T19:16:53+00:00","og_image":[{"width":384,"height":576,"url":"https:\/\/gracefilledreads.com\/wp-content\/uploads\/2024\/11\/84r24we-front-shortedge-384-1.jpg","type":"image\/jpeg"}],"twitter_card":"summary_large_image","twitter_misc":{"Tiempo estimado de lectura":"1 minuto"},"schema":{"@context":"https:\/\/schema.org","@graph":[{"@type":"WebPage","@id":"https:\/\/gracefilledreads.com\/product\/ebook-and-there-is-hope\/","url":"https:\/\/gracefilledreads.com\/product\/ebook-and-there-is-hope\/","name":"eBook: And There is Hope - Grace Filled Reads","isPartOf":{"@id":"https:\/\/gracefilledreads.com\/#website"},"primaryImageOfPage":{"@id":"https:\/\/gracefilledreads.com\/product\/ebook-and-there-is-hope\/#primaryimage"},"image":{"@id":"https:\/\/gracefilledreads.com\/product\/ebook-and-there-is-hope\/#primaryimage"},"thumbnailUrl":"https:\/\/gracefilledreads.com\/wp-content\/uploads\/2024\/11\/84r24we-front-shortedge-384-1.jpg","datePublished":"2025-09-06T19:15:58+00:00","dateModified":"2025-09-06T19:16:53+00:00","description":"Dan W. Dunn, PhD. I recommend this book to anyone walking the path of grief, either their own grief or the grief of someone they love.","breadcrumb":{"@id":"https:\/\/gracefilledreads.com\/product\/ebook-and-there-is-hope\/#breadcrumb"},"inLanguage":"es","potentialAction":[{"@type":"ReadAction","target":["https:\/\/gracefilledreads.com\/product\/ebook-and-there-is-hope\/"]}]},{"@type":"ImageObject","inLanguage":"es","@id":"https:\/\/gracefilledreads.com\/product\/ebook-and-there-is-hope\/#primaryimage","url":"https:\/\/gracefilledreads.com\/wp-content\/uploads\/2024\/11\/84r24we-front-shortedge-384-1.jpg","contentUrl":"https:\/\/gracefilledreads.com\/wp-content\/uploads\/2024\/11\/84r24we-front-shortedge-384-1.jpg","width":384,"height":576},{"@type":"BreadcrumbList","@id":"https:\/\/gracefilledreads.com\/product\/ebook-and-there-is-hope\/#breadcrumb","itemListElement":[{"@type":"ListItem","position":1,"name":"Home","item":"https:\/\/gracefilledreads.com\/"},{"@type":"ListItem","position":2,"name":"Shop","item":"https:\/\/gracefilledreads.com\/shop\/"},{"@type":"ListItem","position":3,"name":"eBook: And There is Hope"}]},{"@type":"WebSite","@id":"https:\/\/gracefilledreads.com\/#website","url":"https:\/\/gracefilledreads.com\/","name":"Grace Filled Reads","description":"Good Authors &amp; Transforming Messages","publisher":{"@id":"https:\/\/gracefilledreads.com\/#organization"},"potentialAction":[{"@type":"SearchAction","target":{"@type":"EntryPoint","urlTemplate":"https:\/\/gracefilledreads.com\/?s={search_term_string}"},"query-input":{"@type":"PropertyValueSpecification","valueRequired":true,"valueName":"search_term_string"}}],"inLanguage":"es"},{"@type":"Organization","@id":"https:\/\/gracefilledreads.com\/#organization","name":"Grace Filled Reads","url":"https:\/\/gracefilledreads.com\/","logo":{"@type":"ImageObject","inLanguage":"es","@id":"https:\/\/gracefilledreads.com\/#\/schema\/logo\/image\/","url":"https:\/\/gracefilledreads.com\/wp-content\/uploads\/2024\/11\/gracefilledreads-LOGO-2.svg","contentUrl":"https:\/\/gracefilledreads.com\/wp-content\/uploads\/2024\/11\/gracefilledreads-LOGO-2.svg","width":1008,"height":441,"caption":"Grace Filled Reads"},"image":{"@id":"https:\/\/gracefilledreads.com\/#\/schema\/logo\/image\/"}}]}},"_links":{"self":[{"href":"https:\/\/gracefilledreads.com\/es\/wp-json\/wp\/v2\/product\/2453","targetHints":{"allow":["GET"]}}],"collection":[{"href":"https:\/\/gracefilledreads.com\/es\/wp-json\/wp\/v2\/product"}],"about":[{"href":"https:\/\/gracefilledreads.com\/es\/wp-json\/wp\/v2\/types\/product"}],"wp:featuredmedia":[{"embeddable":true,"href":"https:\/\/gracefilledreads.com\/es\/wp-json\/wp\/v2\/media\/970"}],"wp:attachment":[{"href":"https:\/\/gracefilledreads.com\/es\/wp-json\/wp\/v2\/media?parent=2453"}],"wp:term":[{"taxonomy":"product_brand","embeddable":true,"href":"https:\/\/gracefilledreads.com\/es\/wp-json\/wp\/v2\/product_brand?post=2453"},{"taxonomy":"product_cat","embeddable":true,"href":"https:\/\/gracefilledreads.com\/es\/wp-json\/wp\/v2\/product_cat?post=2453"},{"taxonomy":"product_tag","embeddable":true,"href":"https:\/\/gracefilledreads.com\/es\/wp-json\/wp\/v2\/product_tag?post=2453"}],"curies":[{"name":"wp","href":"https:\/\/api.w.org\/{rel}","templated":true}]}}