{"id":2464,"date":"2025-10-23T20:30:24","date_gmt":"2025-10-24T00:30:24","guid":{"rendered":"https:\/\/gracefilledreads.com\/product\/susurros-de-fuego\/"},"modified":"2025-10-23T20:30:26","modified_gmt":"2025-10-24T00:30:26","slug":"susurros-de-fuego","status":"publish","type":"product","link":"https:\/\/gracefilledreads.com\/es\/producto\/susurros-de-fuego\/","title":{"rendered":"SUSURROS DE FUEGO"},"content":{"rendered":"<p>Este libro me ha bendecido enormemente, y se lo recomiendo encarecidamente. Para algunos, este libro confirmar\u00e1 su apertura a la obra del Esp\u00edritu a trav\u00e9s de profec\u00edas, visiones y sue\u00f1os. Para otros, les animar\u00e1 a examinar m\u00e1s de cerca las ra\u00edces b\u00edblicas, teol\u00f3gicas e hist\u00f3ricas del Esp\u00edritu que habla al pueblo de Dios de estas maneras. \u00a0Para todos nosotros, ofrece un tratamiento equilibrado de este tema e incluye historias de personas comunes y corrientes que se han enriquecido en su camino de fe a trav\u00e9s de una profec\u00eda, un sue\u00f1o o una visi\u00f3n.<br \/>\nDan W. Dunn, PhD<\/p>","protected":false},"excerpt":{"rendered":"<p>Este libro me ha bendecido enormemente, y se lo recomiendo encarecidamente. Para algunos, este libro confirmar\u00e1 su apertura a la obra del Esp\u00edritu a trav\u00e9s de profec\u00edas, visiones y sue\u00f1os. Para otros, les animar\u00e1 a examinar m\u00e1s de cerca las ra\u00edces b\u00edblicas, teol\u00f3gicas e hist\u00f3ricas del Esp\u00edritu que habla al pueblo de Dios de estas maneras. \u00a0Para todos nosotros, ofrece un tratamiento equilibrado de este tema e incluye historias de personas comunes y corrientes que se han enriquecido en su camino de fe a trav\u00e9s de una profec\u00eda, un sue\u00f1o o una visi\u00f3n.<br \/>\nDan W. Dunn, PhD<\/p>","protected":false},"featured_media":2465,"template":"","meta":[],"product_brand":[],"product_cat":[16],"product_tag":[],"class_list":{"0":"post-2464","1":"product","2":"type-product","3":"status-publish","4":"has-post-thumbnail","6":"product_cat-uncategorized","8":"first","9":"instock","10":"shipping-taxable","11":"purchasable","12":"product-type-simple"},"yoast_head":"<!-- This site is optimized with the Yoast SEO plugin v27.3 - https:\/\/yoast.com\/product\/yoast-seo-wordpress\/ -->\n<title>SUSURROS DE FUEGO - Grace Filled Reads<\/title>\n<meta name=\"robots\" content=\"index, follow, max-snippet:-1, max-image-preview:large, max-video-preview:-1\" \/>\n<link rel=\"canonical\" href=\"https:\/\/gracefilledreads.com\/es\/producto\/susurros-de-fuego\/\" \/>\n<meta property=\"og:locale\" content=\"es_ES\" \/>\n<meta property=\"og:type\" content=\"article\" \/>\n<meta property=\"og:title\" content=\"SUSURROS DE FUEGO - Grace Filled Reads\" \/>\n<meta property=\"og:description\" content=\"Este libro me ha bendecido enormemente, y se lo recomiendo encarecidamente. Para algunos, este libro confirmar\u00e1 su apertura a la obra del Esp\u00edritu a trav\u00e9s de profec\u00edas, visiones y sue\u00f1os. Para otros, les animar\u00e1 a examinar m\u00e1s de cerca las ra\u00edces b\u00edblicas, teol\u00f3gicas e hist\u00f3ricas del Esp\u00edritu que habla al pueblo de Dios de estas maneras. \u00a0Para todos nosotros, ofrece un tratamiento equilibrado de este tema e incluye historias de personas comunes y corrientes que se han enriquecido en su camino de fe a trav\u00e9s de una profec\u00eda, un sue\u00f1o o una visi\u00f3n. Dan W. Dunn, PhD\" \/>\n<meta property=\"og:url\" content=\"https:\/\/gracefilledreads.com\/es\/producto\/susurros-de-fuego\/\" \/>\n<meta property=\"og:site_name\" content=\"Grace Filled Reads\" \/>\n<meta property=\"article:modified_time\" content=\"2025-10-24T00:30:26+00:00\" \/>\n<meta name=\"twitter:card\" content=\"summary_large_image\" \/>\n<meta name=\"twitter:label1\" content=\"Tiempo estimado de lectura\" \/>\n\t<meta name=\"twitter:data1\" content=\"1 minuto\" \/>\n<script type=\"application\/ld+json\" class=\"yoast-schema-graph\">{\"@context\":\"https:\\\/\\\/schema.org\",\"@graph\":[{\"@type\":\"WebPage\",\"@id\":\"https:\\\/\\\/gracefilledreads.com\\\/product\\\/susurros-de-fuego\\\/\",\"url\":\"https:\\\/\\\/gracefilledreads.com\\\/product\\\/susurros-de-fuego\\\/\",\"name\":\"SUSURROS DE FUEGO - Grace Filled Reads\",\"isPartOf\":{\"@id\":\"https:\\\/\\\/gracefilledreads.com\\\/#website\"},\"primaryImageOfPage\":{\"@id\":\"https:\\\/\\\/gracefilledreads.com\\\/product\\\/susurros-de-fuego\\\/#primaryimage\"},\"image\":{\"@id\":\"https:\\\/\\\/gracefilledreads.com\\\/product\\\/susurros-de-fuego\\\/#primaryimage\"},\"thumbnailUrl\":\"https:\\\/\\\/gracefilledreads.com\\\/wp-content\\\/uploads\\\/2025\\\/10\\\/m2zjzgn-front-shortedge-384.jpg\",\"datePublished\":\"2025-10-24T00:30:24+00:00\",\"dateModified\":\"2025-10-24T00:30:26+00:00\",\"breadcrumb\":{\"@id\":\"https:\\\/\\\/gracefilledreads.com\\\/product\\\/susurros-de-fuego\\\/#breadcrumb\"},\"inLanguage\":\"es\",\"potentialAction\":[{\"@type\":\"ReadAction\",\"target\":[\"https:\\\/\\\/gracefilledreads.com\\\/product\\\/susurros-de-fuego\\\/\"]}]},{\"@type\":\"ImageObject\",\"inLanguage\":\"es\",\"@id\":\"https:\\\/\\\/gracefilledreads.com\\\/product\\\/susurros-de-fuego\\\/#primaryimage\",\"url\":\"https:\\\/\\\/gracefilledreads.com\\\/wp-content\\\/uploads\\\/2025\\\/10\\\/m2zjzgn-front-shortedge-384.jpg\",\"contentUrl\":\"https:\\\/\\\/gracefilledreads.com\\\/wp-content\\\/uploads\\\/2025\\\/10\\\/m2zjzgn-front-shortedge-384.jpg\",\"width\":384,\"height\":544},{\"@type\":\"BreadcrumbList\",\"@id\":\"https:\\\/\\\/gracefilledreads.com\\\/product\\\/susurros-de-fuego\\\/#breadcrumb\",\"itemListElement\":[{\"@type\":\"ListItem\",\"position\":1,\"name\":\"Home\",\"item\":\"https:\\\/\\\/gracefilledreads.com\\\/\"},{\"@type\":\"ListItem\",\"position\":2,\"name\":\"Shop\",\"item\":\"https:\\\/\\\/gracefilledreads.com\\\/shop\\\/\"},{\"@type\":\"ListItem\",\"position\":3,\"name\":\"SUSURROS DE FUEGO\"}]},{\"@type\":\"WebSite\",\"@id\":\"https:\\\/\\\/gracefilledreads.com\\\/#website\",\"url\":\"https:\\\/\\\/gracefilledreads.com\\\/\",\"name\":\"Grace Filled Reads\",\"description\":\"Good Authors &amp; Transforming Messages\",\"publisher\":{\"@id\":\"https:\\\/\\\/gracefilledreads.com\\\/#organization\"},\"potentialAction\":[{\"@type\":\"SearchAction\",\"target\":{\"@type\":\"EntryPoint\",\"urlTemplate\":\"https:\\\/\\\/gracefilledreads.com\\\/?s={search_term_string}\"},\"query-input\":{\"@type\":\"PropertyValueSpecification\",\"valueRequired\":true,\"valueName\":\"search_term_string\"}}],\"inLanguage\":\"es\"},{\"@type\":\"Organization\",\"@id\":\"https:\\\/\\\/gracefilledreads.com\\\/#organization\",\"name\":\"Grace Filled Reads\",\"url\":\"https:\\\/\\\/gracefilledreads.com\\\/\",\"logo\":{\"@type\":\"ImageObject\",\"inLanguage\":\"es\",\"@id\":\"https:\\\/\\\/gracefilledreads.com\\\/#\\\/schema\\\/logo\\\/image\\\/\",\"url\":\"https:\\\/\\\/gracefilledreads.com\\\/wp-content\\\/uploads\\\/2024\\\/11\\\/gracefilledreads-LOGO-2.svg\",\"contentUrl\":\"https:\\\/\\\/gracefilledreads.com\\\/wp-content\\\/uploads\\\/2024\\\/11\\\/gracefilledreads-LOGO-2.svg\",\"width\":1008,\"height\":441,\"caption\":\"Grace Filled Reads\"},\"image\":{\"@id\":\"https:\\\/\\\/gracefilledreads.com\\\/#\\\/schema\\\/logo\\\/image\\\/\"}}]}<\/script>\n<!-- \/ Yoast SEO plugin. -->","yoast_head_json":{"title":"SUSURROS DE FUEGO - Grace Filled Reads","robots":{"index":"index","follow":"follow","max-snippet":"max-snippet:-1","max-image-preview":"max-image-preview:large","max-video-preview":"max-video-preview:-1"},"canonical":"https:\/\/gracefilledreads.com\/es\/producto\/susurros-de-fuego\/","og_locale":"es_ES","og_type":"article","og_title":"SUSURROS DE FUEGO - Grace Filled Reads","og_description":"Este libro me ha bendecido enormemente, y se lo recomiendo encarecidamente. Para algunos, este libro confirmar\u00e1 su apertura a la obra del Esp\u00edritu a trav\u00e9s de profec\u00edas, visiones y sue\u00f1os. Para otros, les animar\u00e1 a examinar m\u00e1s de cerca las ra\u00edces b\u00edblicas, teol\u00f3gicas e hist\u00f3ricas del Esp\u00edritu que habla al pueblo de Dios de estas maneras. \u00a0Para todos nosotros, ofrece un tratamiento equilibrado de este tema e incluye historias de personas comunes y corrientes que se han enriquecido en su camino de fe a trav\u00e9s de una profec\u00eda, un sue\u00f1o o una visi\u00f3n. Dan W. Dunn, PhD","og_url":"https:\/\/gracefilledreads.com\/es\/producto\/susurros-de-fuego\/","og_site_name":"Grace Filled Reads","article_modified_time":"2025-10-24T00:30:26+00:00","twitter_card":"summary_large_image","twitter_misc":{"Tiempo estimado de lectura":"1 minuto"},"schema":{"@context":"https:\/\/schema.org","@graph":[{"@type":"WebPage","@id":"https:\/\/gracefilledreads.com\/product\/susurros-de-fuego\/","url":"https:\/\/gracefilledreads.com\/product\/susurros-de-fuego\/","name":"SUSURROS DE FUEGO - Grace Filled Reads","isPartOf":{"@id":"https:\/\/gracefilledreads.com\/#website"},"primaryImageOfPage":{"@id":"https:\/\/gracefilledreads.com\/product\/susurros-de-fuego\/#primaryimage"},"image":{"@id":"https:\/\/gracefilledreads.com\/product\/susurros-de-fuego\/#primaryimage"},"thumbnailUrl":"https:\/\/gracefilledreads.com\/wp-content\/uploads\/2025\/10\/m2zjzgn-front-shortedge-384.jpg","datePublished":"2025-10-24T00:30:24+00:00","dateModified":"2025-10-24T00:30:26+00:00","breadcrumb":{"@id":"https:\/\/gracefilledreads.com\/product\/susurros-de-fuego\/#breadcrumb"},"inLanguage":"es","potentialAction":[{"@type":"ReadAction","target":["https:\/\/gracefilledreads.com\/product\/susurros-de-fuego\/"]}]},{"@type":"ImageObject","inLanguage":"es","@id":"https:\/\/gracefilledreads.com\/product\/susurros-de-fuego\/#primaryimage","url":"https:\/\/gracefilledreads.com\/wp-content\/uploads\/2025\/10\/m2zjzgn-front-shortedge-384.jpg","contentUrl":"https:\/\/gracefilledreads.com\/wp-content\/uploads\/2025\/10\/m2zjzgn-front-shortedge-384.jpg","width":384,"height":544},{"@type":"BreadcrumbList","@id":"https:\/\/gracefilledreads.com\/product\/susurros-de-fuego\/#breadcrumb","itemListElement":[{"@type":"ListItem","position":1,"name":"Home","item":"https:\/\/gracefilledreads.com\/"},{"@type":"ListItem","position":2,"name":"Shop","item":"https:\/\/gracefilledreads.com\/shop\/"},{"@type":"ListItem","position":3,"name":"SUSURROS DE FUEGO"}]},{"@type":"WebSite","@id":"https:\/\/gracefilledreads.com\/#website","url":"https:\/\/gracefilledreads.com\/","name":"Grace Filled Reads","description":"Good Authors &amp; Transforming Messages","publisher":{"@id":"https:\/\/gracefilledreads.com\/#organization"},"potentialAction":[{"@type":"SearchAction","target":{"@type":"EntryPoint","urlTemplate":"https:\/\/gracefilledreads.com\/?s={search_term_string}"},"query-input":{"@type":"PropertyValueSpecification","valueRequired":true,"valueName":"search_term_string"}}],"inLanguage":"es"},{"@type":"Organization","@id":"https:\/\/gracefilledreads.com\/#organization","name":"Grace Filled Reads","url":"https:\/\/gracefilledreads.com\/","logo":{"@type":"ImageObject","inLanguage":"es","@id":"https:\/\/gracefilledreads.com\/#\/schema\/logo\/image\/","url":"https:\/\/gracefilledreads.com\/wp-content\/uploads\/2024\/11\/gracefilledreads-LOGO-2.svg","contentUrl":"https:\/\/gracefilledreads.com\/wp-content\/uploads\/2024\/11\/gracefilledreads-LOGO-2.svg","width":1008,"height":441,"caption":"Grace Filled Reads"},"image":{"@id":"https:\/\/gracefilledreads.com\/#\/schema\/logo\/image\/"}}]}},"_links":{"self":[{"href":"https:\/\/gracefilledreads.com\/es\/wp-json\/wp\/v2\/product\/2464","targetHints":{"allow":["GET"]}}],"collection":[{"href":"https:\/\/gracefilledreads.com\/es\/wp-json\/wp\/v2\/product"}],"about":[{"href":"https:\/\/gracefilledreads.com\/es\/wp-json\/wp\/v2\/types\/product"}],"wp:featuredmedia":[{"embeddable":true,"href":"https:\/\/gracefilledreads.com\/es\/wp-json\/wp\/v2\/media\/2465"}],"wp:attachment":[{"href":"https:\/\/gracefilledreads.com\/es\/wp-json\/wp\/v2\/media?parent=2464"}],"wp:term":[{"taxonomy":"product_brand","embeddable":true,"href":"https:\/\/gracefilledreads.com\/es\/wp-json\/wp\/v2\/product_brand?post=2464"},{"taxonomy":"product_cat","embeddable":true,"href":"https:\/\/gracefilledreads.com\/es\/wp-json\/wp\/v2\/product_cat?post=2464"},{"taxonomy":"product_tag","embeddable":true,"href":"https:\/\/gracefilledreads.com\/es\/wp-json\/wp\/v2\/product_tag?post=2464"}],"curies":[{"name":"wp","href":"https:\/\/api.w.org\/{rel}","templated":true}]}}