{"id":917,"date":"2024-11-20T12:07:17","date_gmt":"2024-11-20T16:07:17","guid":{"rendered":"https:\/\/gracefilledreads.com\/product\/preaching-for-a-response\/"},"modified":"2024-11-23T19:53:19","modified_gmt":"2024-11-23T23:53:19","slug":"preaching-for-a-response","status":"publish","type":"product","link":"https:\/\/gracefilledreads.com\/es\/producto\/preaching-for-a-response\/","title":{"rendered":"PREACHING FOR A RESPONSE"},"content":{"rendered":"<p>Este libro es el intento de dos predicadores de compartir lo que Dios les ha dado para que entiendan esta magn\u00edfica obsesi\u00f3n de sus vidas. Su oraci\u00f3n es que el Esp\u00edritu Santo ponga esto en manos de predicadores hambrientos cuyas vidas glorifiquen a Jesucristo en su predicaci\u00f3n. \u00bfPor qu\u00e9? Queremos que todo el mundo conozca al Salvador que hemos llegado a conocer y amar.<\/p>","protected":false},"excerpt":{"rendered":"<p>Este libro es el intento de dos predicadores de compartir lo que Dios les ha dado para que entiendan esta magn\u00edfica obsesi\u00f3n de sus vidas. Su oraci\u00f3n es que el Esp\u00edritu Santo ponga esto en manos de predicadores hambrientos cuyas vidas glorifiquen a Jesucristo en su predicaci\u00f3n. \u00bfPor qu\u00e9? Queremos que todo el mundo conozca al Salvador que hemos llegado a conocer y amar.<\/p>","protected":false},"featured_media":918,"template":"","meta":[],"product_brand":[],"product_cat":[18,19,24,17],"product_tag":[],"class_list":{"0":"post-917","1":"product","2":"type-product","3":"status-publish","4":"has-post-thumbnail","6":"product_cat-dan-w-dunn","7":"product_cat-english","8":"product_cat-leadership","9":"product_cat-warren-lathem","11":"first","12":"instock","13":"shipping-taxable","14":"purchasable","15":"product-type-simple"},"yoast_head":"<!-- This site is optimized with the Yoast SEO plugin v27.3 - https:\/\/yoast.com\/product\/yoast-seo-wordpress\/ -->\n<title>PREACHING FOR A RESPONSE - Grace Filled Reads<\/title>\n<meta name=\"robots\" content=\"index, follow, max-snippet:-1, max-image-preview:large, max-video-preview:-1\" \/>\n<link rel=\"canonical\" href=\"https:\/\/gracefilledreads.com\/es\/producto\/preaching-for-a-response\/\" \/>\n<meta property=\"og:locale\" content=\"es_ES\" \/>\n<meta property=\"og:type\" content=\"article\" \/>\n<meta property=\"og:title\" content=\"PREACHING FOR A RESPONSE - Grace Filled Reads\" \/>\n<meta property=\"og:description\" content=\"This book is the attempt of two preaches to share what God has given them to understand in this magnificent obsession of their lives. Their prayer is that the Holy Spirit will deliver this into the hands of hungry preachers whose lives will glorify Jesus Christ in their preaching. Why? We want the whole world to know the Savior we have come to know and love.\" \/>\n<meta property=\"og:url\" content=\"https:\/\/gracefilledreads.com\/es\/producto\/preaching-for-a-response\/\" \/>\n<meta property=\"og:site_name\" content=\"Grace Filled Reads\" \/>\n<meta property=\"article:modified_time\" content=\"2024-11-23T23:53:19+00:00\" \/>\n<meta property=\"og:image\" content=\"https:\/\/gracefilledreads.com\/wp-content\/uploads\/2024\/11\/45rnkw6-front-shortedge-384-1.jpg\" \/>\n\t<meta property=\"og:image:width\" content=\"384\" \/>\n\t<meta property=\"og:image:height\" content=\"593\" \/>\n\t<meta property=\"og:image:type\" content=\"image\/jpeg\" \/>\n<meta name=\"twitter:card\" content=\"summary_large_image\" \/>\n<script type=\"application\/ld+json\" class=\"yoast-schema-graph\">{\"@context\":\"https:\\\/\\\/schema.org\",\"@graph\":[{\"@type\":\"WebPage\",\"@id\":\"https:\\\/\\\/gracefilledreads.com\\\/product\\\/preaching-for-a-response\\\/\",\"url\":\"https:\\\/\\\/gracefilledreads.com\\\/product\\\/preaching-for-a-response\\\/\",\"name\":\"PREACHING FOR A RESPONSE - Grace Filled Reads\",\"isPartOf\":{\"@id\":\"https:\\\/\\\/gracefilledreads.com\\\/#website\"},\"primaryImageOfPage\":{\"@id\":\"https:\\\/\\\/gracefilledreads.com\\\/product\\\/preaching-for-a-response\\\/#primaryimage\"},\"image\":{\"@id\":\"https:\\\/\\\/gracefilledreads.com\\\/product\\\/preaching-for-a-response\\\/#primaryimage\"},\"thumbnailUrl\":\"https:\\\/\\\/gracefilledreads.com\\\/wp-content\\\/uploads\\\/2024\\\/11\\\/45rnkw6-front-shortedge-384-1.jpg\",\"datePublished\":\"2024-11-20T16:07:17+00:00\",\"dateModified\":\"2024-11-23T23:53:19+00:00\",\"breadcrumb\":{\"@id\":\"https:\\\/\\\/gracefilledreads.com\\\/product\\\/preaching-for-a-response\\\/#breadcrumb\"},\"inLanguage\":\"es\",\"potentialAction\":[{\"@type\":\"ReadAction\",\"target\":[\"https:\\\/\\\/gracefilledreads.com\\\/product\\\/preaching-for-a-response\\\/\"]}]},{\"@type\":\"ImageObject\",\"inLanguage\":\"es\",\"@id\":\"https:\\\/\\\/gracefilledreads.com\\\/product\\\/preaching-for-a-response\\\/#primaryimage\",\"url\":\"https:\\\/\\\/gracefilledreads.com\\\/wp-content\\\/uploads\\\/2024\\\/11\\\/45rnkw6-front-shortedge-384-1.jpg\",\"contentUrl\":\"https:\\\/\\\/gracefilledreads.com\\\/wp-content\\\/uploads\\\/2024\\\/11\\\/45rnkw6-front-shortedge-384-1.jpg\",\"width\":384,\"height\":593},{\"@type\":\"BreadcrumbList\",\"@id\":\"https:\\\/\\\/gracefilledreads.com\\\/product\\\/preaching-for-a-response\\\/#breadcrumb\",\"itemListElement\":[{\"@type\":\"ListItem\",\"position\":1,\"name\":\"Home\",\"item\":\"https:\\\/\\\/gracefilledreads.com\\\/\"},{\"@type\":\"ListItem\",\"position\":2,\"name\":\"Shop\",\"item\":\"https:\\\/\\\/gracefilledreads.com\\\/shop\\\/\"},{\"@type\":\"ListItem\",\"position\":3,\"name\":\"PREACHING FOR A RESPONSE\"}]},{\"@type\":\"WebSite\",\"@id\":\"https:\\\/\\\/gracefilledreads.com\\\/#website\",\"url\":\"https:\\\/\\\/gracefilledreads.com\\\/\",\"name\":\"Grace Filled Reads\",\"description\":\"Good Authors &amp; Transforming Messages\",\"publisher\":{\"@id\":\"https:\\\/\\\/gracefilledreads.com\\\/#organization\"},\"potentialAction\":[{\"@type\":\"SearchAction\",\"target\":{\"@type\":\"EntryPoint\",\"urlTemplate\":\"https:\\\/\\\/gracefilledreads.com\\\/?s={search_term_string}\"},\"query-input\":{\"@type\":\"PropertyValueSpecification\",\"valueRequired\":true,\"valueName\":\"search_term_string\"}}],\"inLanguage\":\"es\"},{\"@type\":\"Organization\",\"@id\":\"https:\\\/\\\/gracefilledreads.com\\\/#organization\",\"name\":\"Grace Filled Reads\",\"url\":\"https:\\\/\\\/gracefilledreads.com\\\/\",\"logo\":{\"@type\":\"ImageObject\",\"inLanguage\":\"es\",\"@id\":\"https:\\\/\\\/gracefilledreads.com\\\/#\\\/schema\\\/logo\\\/image\\\/\",\"url\":\"https:\\\/\\\/gracefilledreads.com\\\/wp-content\\\/uploads\\\/2024\\\/11\\\/gracefilledreads-LOGO-2.svg\",\"contentUrl\":\"https:\\\/\\\/gracefilledreads.com\\\/wp-content\\\/uploads\\\/2024\\\/11\\\/gracefilledreads-LOGO-2.svg\",\"width\":1008,\"height\":441,\"caption\":\"Grace Filled Reads\"},\"image\":{\"@id\":\"https:\\\/\\\/gracefilledreads.com\\\/#\\\/schema\\\/logo\\\/image\\\/\"}}]}<\/script>\n<!-- \/ Yoast SEO plugin. -->","yoast_head_json":{"title":"PREACHING FOR A RESPONSE - Grace Filled Reads","robots":{"index":"index","follow":"follow","max-snippet":"max-snippet:-1","max-image-preview":"max-image-preview:large","max-video-preview":"max-video-preview:-1"},"canonical":"https:\/\/gracefilledreads.com\/es\/producto\/preaching-for-a-response\/","og_locale":"es_ES","og_type":"article","og_title":"PREACHING FOR A RESPONSE - Grace Filled Reads","og_description":"This book is the attempt of two preaches to share what God has given them to understand in this magnificent obsession of their lives. Their prayer is that the Holy Spirit will deliver this into the hands of hungry preachers whose lives will glorify Jesus Christ in their preaching. Why? We want the whole world to know the Savior we have come to know and love.","og_url":"https:\/\/gracefilledreads.com\/es\/producto\/preaching-for-a-response\/","og_site_name":"Grace Filled Reads","article_modified_time":"2024-11-23T23:53:19+00:00","og_image":[{"width":384,"height":593,"url":"https:\/\/gracefilledreads.com\/wp-content\/uploads\/2024\/11\/45rnkw6-front-shortedge-384-1.jpg","type":"image\/jpeg"}],"twitter_card":"summary_large_image","schema":{"@context":"https:\/\/schema.org","@graph":[{"@type":"WebPage","@id":"https:\/\/gracefilledreads.com\/product\/preaching-for-a-response\/","url":"https:\/\/gracefilledreads.com\/product\/preaching-for-a-response\/","name":"PREACHING FOR A RESPONSE - Grace Filled Reads","isPartOf":{"@id":"https:\/\/gracefilledreads.com\/#website"},"primaryImageOfPage":{"@id":"https:\/\/gracefilledreads.com\/product\/preaching-for-a-response\/#primaryimage"},"image":{"@id":"https:\/\/gracefilledreads.com\/product\/preaching-for-a-response\/#primaryimage"},"thumbnailUrl":"https:\/\/gracefilledreads.com\/wp-content\/uploads\/2024\/11\/45rnkw6-front-shortedge-384-1.jpg","datePublished":"2024-11-20T16:07:17+00:00","dateModified":"2024-11-23T23:53:19+00:00","breadcrumb":{"@id":"https:\/\/gracefilledreads.com\/product\/preaching-for-a-response\/#breadcrumb"},"inLanguage":"es","potentialAction":[{"@type":"ReadAction","target":["https:\/\/gracefilledreads.com\/product\/preaching-for-a-response\/"]}]},{"@type":"ImageObject","inLanguage":"es","@id":"https:\/\/gracefilledreads.com\/product\/preaching-for-a-response\/#primaryimage","url":"https:\/\/gracefilledreads.com\/wp-content\/uploads\/2024\/11\/45rnkw6-front-shortedge-384-1.jpg","contentUrl":"https:\/\/gracefilledreads.com\/wp-content\/uploads\/2024\/11\/45rnkw6-front-shortedge-384-1.jpg","width":384,"height":593},{"@type":"BreadcrumbList","@id":"https:\/\/gracefilledreads.com\/product\/preaching-for-a-response\/#breadcrumb","itemListElement":[{"@type":"ListItem","position":1,"name":"Home","item":"https:\/\/gracefilledreads.com\/"},{"@type":"ListItem","position":2,"name":"Shop","item":"https:\/\/gracefilledreads.com\/shop\/"},{"@type":"ListItem","position":3,"name":"PREACHING FOR A RESPONSE"}]},{"@type":"WebSite","@id":"https:\/\/gracefilledreads.com\/#website","url":"https:\/\/gracefilledreads.com\/","name":"Grace Filled Reads","description":"Good Authors &amp; Transforming Messages","publisher":{"@id":"https:\/\/gracefilledreads.com\/#organization"},"potentialAction":[{"@type":"SearchAction","target":{"@type":"EntryPoint","urlTemplate":"https:\/\/gracefilledreads.com\/?s={search_term_string}"},"query-input":{"@type":"PropertyValueSpecification","valueRequired":true,"valueName":"search_term_string"}}],"inLanguage":"es"},{"@type":"Organization","@id":"https:\/\/gracefilledreads.com\/#organization","name":"Grace Filled Reads","url":"https:\/\/gracefilledreads.com\/","logo":{"@type":"ImageObject","inLanguage":"es","@id":"https:\/\/gracefilledreads.com\/#\/schema\/logo\/image\/","url":"https:\/\/gracefilledreads.com\/wp-content\/uploads\/2024\/11\/gracefilledreads-LOGO-2.svg","contentUrl":"https:\/\/gracefilledreads.com\/wp-content\/uploads\/2024\/11\/gracefilledreads-LOGO-2.svg","width":1008,"height":441,"caption":"Grace Filled Reads"},"image":{"@id":"https:\/\/gracefilledreads.com\/#\/schema\/logo\/image\/"}}]}},"_links":{"self":[{"href":"https:\/\/gracefilledreads.com\/es\/wp-json\/wp\/v2\/product\/917","targetHints":{"allow":["GET"]}}],"collection":[{"href":"https:\/\/gracefilledreads.com\/es\/wp-json\/wp\/v2\/product"}],"about":[{"href":"https:\/\/gracefilledreads.com\/es\/wp-json\/wp\/v2\/types\/product"}],"wp:featuredmedia":[{"embeddable":true,"href":"https:\/\/gracefilledreads.com\/es\/wp-json\/wp\/v2\/media\/918"}],"wp:attachment":[{"href":"https:\/\/gracefilledreads.com\/es\/wp-json\/wp\/v2\/media?parent=917"}],"wp:term":[{"taxonomy":"product_brand","embeddable":true,"href":"https:\/\/gracefilledreads.com\/es\/wp-json\/wp\/v2\/product_brand?post=917"},{"taxonomy":"product_cat","embeddable":true,"href":"https:\/\/gracefilledreads.com\/es\/wp-json\/wp\/v2\/product_cat?post=917"},{"taxonomy":"product_tag","embeddable":true,"href":"https:\/\/gracefilledreads.com\/es\/wp-json\/wp\/v2\/product_tag?post=917"}],"curies":[{"name":"wp","href":"https:\/\/api.w.org\/{rel}","templated":true}]}}