{"id":982,"date":"2024-11-21T13:26:31","date_gmt":"2024-11-21T17:26:31","guid":{"rendered":"https:\/\/gracefilledreads.com\/product\/un-mejor-camino\/"},"modified":"2024-12-14T12:24:49","modified_gmt":"2024-12-14T16:24:49","slug":"un-mejor-camino","status":"publish","type":"product","link":"https:\/\/gracefilledreads.com\/es\/producto\/un-mejor-camino\/","title":{"rendered":"Un Mejor Camino"},"content":{"rendered":"<p>Spanish version of the book<a href=\"https:\/\/gracefilledreads.com\/product\/a-better-way\/\"><strong>A Better Way<\/strong><\/a>&#8221; de <strong>Warren Lathem <\/strong>y<strong> Dan W, Dunn<\/strong>.<\/p>\n<p>Un erudito declara simplemente que el tema es &#8220;Cristo es mejor&#8221;. No cabe duda de que se puede rastrear ese hilo teol\u00f3gico a lo largo del libro. No hay duda de que el autor proclama la supremac\u00eda de Cristo. Pero va m\u00e1s all\u00e1. Algunos sugieren que el Libro debe leerse como un serm\u00f3n o una serie de sermones en los que se dan a conocer las grandes verdades de la revelaci\u00f3n de la salvaci\u00f3n en Cristo y, adem\u00e1s, cu\u00e1les son las implicaciones para nuestras vidas. Incluso hay quien sugiere que el tema central de Hebreos es la santificaci\u00f3n del seguidor de Jes\u00fas.<\/p>","protected":false},"excerpt":{"rendered":"<p>Spanish version of the book<a href=\"https:\/\/gracefilledreads.com\/product\/a-better-way\/\"><strong>A Better Way<\/strong><\/a>&#8221; de <strong>Warren Lathem <\/strong>y<strong> Dan W, Dunn<\/strong>.<\/p>\n<p>Un erudito declara simplemente que el tema es &#8220;Cristo es mejor&#8221;. No cabe duda de que se puede rastrear ese hilo teol\u00f3gico a lo largo del libro. No hay duda de que el autor proclama la supremac\u00eda de Cristo. Pero va m\u00e1s all\u00e1. Algunos sugieren que el Libro debe leerse como un serm\u00f3n o una serie de sermones en los que se dan a conocer las grandes verdades de la revelaci\u00f3n de la salvaci\u00f3n en Cristo y, adem\u00e1s, cu\u00e1les son las implicaciones para nuestras vidas. Incluso hay quien sugiere que el tema central de Hebreos es la santificaci\u00f3n del seguidor de Jes\u00fas.<\/p>","protected":false},"featured_media":983,"template":"","meta":[],"product_brand":[],"product_cat":[18,23,20,17],"product_tag":[],"class_list":{"0":"post-982","1":"product","2":"type-product","3":"status-publish","4":"has-post-thumbnail","6":"product_cat-dan-w-dunn","7":"product_cat-devotional","8":"product_cat-spanish","9":"product_cat-warren-lathem","11":"first","12":"instock","13":"shipping-taxable","14":"purchasable","15":"product-type-simple"},"yoast_head":"<!-- This site is optimized with the Yoast SEO plugin v27.3 - https:\/\/yoast.com\/product\/yoast-seo-wordpress\/ -->\n<title>Un Mejor Camino - Grace Filled Reads<\/title>\n<meta name=\"robots\" content=\"index, follow, max-snippet:-1, max-image-preview:large, max-video-preview:-1\" \/>\n<link rel=\"canonical\" href=\"https:\/\/gracefilledreads.com\/es\/producto\/un-mejor-camino\/\" \/>\n<meta property=\"og:locale\" content=\"es_ES\" \/>\n<meta property=\"og:type\" content=\"article\" \/>\n<meta property=\"og:title\" content=\"Un Mejor Camino - Grace Filled Reads\" \/>\n<meta property=\"og:description\" content=\"Versi\u00f3n en Espa\u00f1ol de &quot;A Better Way&quot; de Warren Lathem y Dan W, Dunn.  Un erudito declara simplemente que el tema es &quot;Cristo es mejor&quot;. No cabe duda de que se puede rastrear ese hilo teol\u00f3gico a lo largo del libro. No hay duda de que el autor proclama la supremac\u00eda de Cristo. Pero va m\u00e1s all\u00e1. Algunos sugieren que el Libro debe leerse como un serm\u00f3n o una serie de sermones en los que se dan a conocer las grandes verdades de la revelaci\u00f3n de la salvaci\u00f3n en Cristo y, adem\u00e1s, cu\u00e1les son las implicaciones para nuestras vidas. Incluso hay quien sugiere que el tema central de Hebreos es la santificaci\u00f3n del seguidor de Jes\u00fas.\" \/>\n<meta property=\"og:url\" content=\"https:\/\/gracefilledreads.com\/es\/producto\/un-mejor-camino\/\" \/>\n<meta property=\"og:site_name\" content=\"Grace Filled Reads\" \/>\n<meta property=\"article:modified_time\" content=\"2024-12-14T16:24:49+00:00\" \/>\n<meta property=\"og:image\" content=\"https:\/\/gracefilledreads.com\/wp-content\/uploads\/2024\/11\/kvnv56m-front-shortedge-384-1.jpg\" \/>\n\t<meta property=\"og:image:width\" content=\"384\" \/>\n\t<meta property=\"og:image:height\" content=\"544\" \/>\n\t<meta property=\"og:image:type\" content=\"image\/jpeg\" \/>\n<meta name=\"twitter:card\" content=\"summary_large_image\" \/>\n<meta name=\"twitter:label1\" content=\"Tiempo estimado de lectura\" \/>\n\t<meta name=\"twitter:data1\" content=\"1 minuto\" \/>\n<script type=\"application\/ld+json\" class=\"yoast-schema-graph\">{\"@context\":\"https:\\\/\\\/schema.org\",\"@graph\":[{\"@type\":\"WebPage\",\"@id\":\"https:\\\/\\\/gracefilledreads.com\\\/product\\\/un-mejor-camino\\\/\",\"url\":\"https:\\\/\\\/gracefilledreads.com\\\/product\\\/un-mejor-camino\\\/\",\"name\":\"Un Mejor Camino - Grace Filled Reads\",\"isPartOf\":{\"@id\":\"https:\\\/\\\/gracefilledreads.com\\\/#website\"},\"primaryImageOfPage\":{\"@id\":\"https:\\\/\\\/gracefilledreads.com\\\/product\\\/un-mejor-camino\\\/#primaryimage\"},\"image\":{\"@id\":\"https:\\\/\\\/gracefilledreads.com\\\/product\\\/un-mejor-camino\\\/#primaryimage\"},\"thumbnailUrl\":\"https:\\\/\\\/gracefilledreads.com\\\/wp-content\\\/uploads\\\/2024\\\/11\\\/kvnv56m-front-shortedge-384-1.jpg\",\"datePublished\":\"2024-11-21T17:26:31+00:00\",\"dateModified\":\"2024-12-14T16:24:49+00:00\",\"breadcrumb\":{\"@id\":\"https:\\\/\\\/gracefilledreads.com\\\/product\\\/un-mejor-camino\\\/#breadcrumb\"},\"inLanguage\":\"es\",\"potentialAction\":[{\"@type\":\"ReadAction\",\"target\":[\"https:\\\/\\\/gracefilledreads.com\\\/product\\\/un-mejor-camino\\\/\"]}]},{\"@type\":\"ImageObject\",\"inLanguage\":\"es\",\"@id\":\"https:\\\/\\\/gracefilledreads.com\\\/product\\\/un-mejor-camino\\\/#primaryimage\",\"url\":\"https:\\\/\\\/gracefilledreads.com\\\/wp-content\\\/uploads\\\/2024\\\/11\\\/kvnv56m-front-shortedge-384-1.jpg\",\"contentUrl\":\"https:\\\/\\\/gracefilledreads.com\\\/wp-content\\\/uploads\\\/2024\\\/11\\\/kvnv56m-front-shortedge-384-1.jpg\",\"width\":384,\"height\":544},{\"@type\":\"BreadcrumbList\",\"@id\":\"https:\\\/\\\/gracefilledreads.com\\\/product\\\/un-mejor-camino\\\/#breadcrumb\",\"itemListElement\":[{\"@type\":\"ListItem\",\"position\":1,\"name\":\"Home\",\"item\":\"https:\\\/\\\/gracefilledreads.com\\\/\"},{\"@type\":\"ListItem\",\"position\":2,\"name\":\"Shop\",\"item\":\"https:\\\/\\\/gracefilledreads.com\\\/shop\\\/\"},{\"@type\":\"ListItem\",\"position\":3,\"name\":\"Un Mejor Camino\"}]},{\"@type\":\"WebSite\",\"@id\":\"https:\\\/\\\/gracefilledreads.com\\\/#website\",\"url\":\"https:\\\/\\\/gracefilledreads.com\\\/\",\"name\":\"Grace Filled Reads\",\"description\":\"Good Authors &amp; Transforming Messages\",\"publisher\":{\"@id\":\"https:\\\/\\\/gracefilledreads.com\\\/#organization\"},\"potentialAction\":[{\"@type\":\"SearchAction\",\"target\":{\"@type\":\"EntryPoint\",\"urlTemplate\":\"https:\\\/\\\/gracefilledreads.com\\\/?s={search_term_string}\"},\"query-input\":{\"@type\":\"PropertyValueSpecification\",\"valueRequired\":true,\"valueName\":\"search_term_string\"}}],\"inLanguage\":\"es\"},{\"@type\":\"Organization\",\"@id\":\"https:\\\/\\\/gracefilledreads.com\\\/#organization\",\"name\":\"Grace Filled Reads\",\"url\":\"https:\\\/\\\/gracefilledreads.com\\\/\",\"logo\":{\"@type\":\"ImageObject\",\"inLanguage\":\"es\",\"@id\":\"https:\\\/\\\/gracefilledreads.com\\\/#\\\/schema\\\/logo\\\/image\\\/\",\"url\":\"https:\\\/\\\/gracefilledreads.com\\\/wp-content\\\/uploads\\\/2024\\\/11\\\/gracefilledreads-LOGO-2.svg\",\"contentUrl\":\"https:\\\/\\\/gracefilledreads.com\\\/wp-content\\\/uploads\\\/2024\\\/11\\\/gracefilledreads-LOGO-2.svg\",\"width\":1008,\"height\":441,\"caption\":\"Grace Filled Reads\"},\"image\":{\"@id\":\"https:\\\/\\\/gracefilledreads.com\\\/#\\\/schema\\\/logo\\\/image\\\/\"}}]}<\/script>\n<!-- \/ Yoast SEO plugin. -->","yoast_head_json":{"title":"Un Mejor Camino - Grace Filled Reads","robots":{"index":"index","follow":"follow","max-snippet":"max-snippet:-1","max-image-preview":"max-image-preview:large","max-video-preview":"max-video-preview:-1"},"canonical":"https:\/\/gracefilledreads.com\/es\/producto\/un-mejor-camino\/","og_locale":"es_ES","og_type":"article","og_title":"Un Mejor Camino - Grace Filled Reads","og_description":"Versi\u00f3n en Espa\u00f1ol de \"A Better Way\" de Warren Lathem y Dan W, Dunn.  Un erudito declara simplemente que el tema es \"Cristo es mejor\". No cabe duda de que se puede rastrear ese hilo teol\u00f3gico a lo largo del libro. No hay duda de que el autor proclama la supremac\u00eda de Cristo. Pero va m\u00e1s all\u00e1. Algunos sugieren que el Libro debe leerse como un serm\u00f3n o una serie de sermones en los que se dan a conocer las grandes verdades de la revelaci\u00f3n de la salvaci\u00f3n en Cristo y, adem\u00e1s, cu\u00e1les son las implicaciones para nuestras vidas. Incluso hay quien sugiere que el tema central de Hebreos es la santificaci\u00f3n del seguidor de Jes\u00fas.","og_url":"https:\/\/gracefilledreads.com\/es\/producto\/un-mejor-camino\/","og_site_name":"Grace Filled Reads","article_modified_time":"2024-12-14T16:24:49+00:00","og_image":[{"width":384,"height":544,"url":"https:\/\/gracefilledreads.com\/wp-content\/uploads\/2024\/11\/kvnv56m-front-shortedge-384-1.jpg","type":"image\/jpeg"}],"twitter_card":"summary_large_image","twitter_misc":{"Tiempo estimado de lectura":"1 minuto"},"schema":{"@context":"https:\/\/schema.org","@graph":[{"@type":"WebPage","@id":"https:\/\/gracefilledreads.com\/product\/un-mejor-camino\/","url":"https:\/\/gracefilledreads.com\/product\/un-mejor-camino\/","name":"Un Mejor Camino - Grace Filled Reads","isPartOf":{"@id":"https:\/\/gracefilledreads.com\/#website"},"primaryImageOfPage":{"@id":"https:\/\/gracefilledreads.com\/product\/un-mejor-camino\/#primaryimage"},"image":{"@id":"https:\/\/gracefilledreads.com\/product\/un-mejor-camino\/#primaryimage"},"thumbnailUrl":"https:\/\/gracefilledreads.com\/wp-content\/uploads\/2024\/11\/kvnv56m-front-shortedge-384-1.jpg","datePublished":"2024-11-21T17:26:31+00:00","dateModified":"2024-12-14T16:24:49+00:00","breadcrumb":{"@id":"https:\/\/gracefilledreads.com\/product\/un-mejor-camino\/#breadcrumb"},"inLanguage":"es","potentialAction":[{"@type":"ReadAction","target":["https:\/\/gracefilledreads.com\/product\/un-mejor-camino\/"]}]},{"@type":"ImageObject","inLanguage":"es","@id":"https:\/\/gracefilledreads.com\/product\/un-mejor-camino\/#primaryimage","url":"https:\/\/gracefilledreads.com\/wp-content\/uploads\/2024\/11\/kvnv56m-front-shortedge-384-1.jpg","contentUrl":"https:\/\/gracefilledreads.com\/wp-content\/uploads\/2024\/11\/kvnv56m-front-shortedge-384-1.jpg","width":384,"height":544},{"@type":"BreadcrumbList","@id":"https:\/\/gracefilledreads.com\/product\/un-mejor-camino\/#breadcrumb","itemListElement":[{"@type":"ListItem","position":1,"name":"Home","item":"https:\/\/gracefilledreads.com\/"},{"@type":"ListItem","position":2,"name":"Shop","item":"https:\/\/gracefilledreads.com\/shop\/"},{"@type":"ListItem","position":3,"name":"Un Mejor Camino"}]},{"@type":"WebSite","@id":"https:\/\/gracefilledreads.com\/#website","url":"https:\/\/gracefilledreads.com\/","name":"Grace Filled Reads","description":"Good Authors &amp; Transforming Messages","publisher":{"@id":"https:\/\/gracefilledreads.com\/#organization"},"potentialAction":[{"@type":"SearchAction","target":{"@type":"EntryPoint","urlTemplate":"https:\/\/gracefilledreads.com\/?s={search_term_string}"},"query-input":{"@type":"PropertyValueSpecification","valueRequired":true,"valueName":"search_term_string"}}],"inLanguage":"es"},{"@type":"Organization","@id":"https:\/\/gracefilledreads.com\/#organization","name":"Grace Filled Reads","url":"https:\/\/gracefilledreads.com\/","logo":{"@type":"ImageObject","inLanguage":"es","@id":"https:\/\/gracefilledreads.com\/#\/schema\/logo\/image\/","url":"https:\/\/gracefilledreads.com\/wp-content\/uploads\/2024\/11\/gracefilledreads-LOGO-2.svg","contentUrl":"https:\/\/gracefilledreads.com\/wp-content\/uploads\/2024\/11\/gracefilledreads-LOGO-2.svg","width":1008,"height":441,"caption":"Grace Filled Reads"},"image":{"@id":"https:\/\/gracefilledreads.com\/#\/schema\/logo\/image\/"}}]}},"_links":{"self":[{"href":"https:\/\/gracefilledreads.com\/es\/wp-json\/wp\/v2\/product\/982","targetHints":{"allow":["GET"]}}],"collection":[{"href":"https:\/\/gracefilledreads.com\/es\/wp-json\/wp\/v2\/product"}],"about":[{"href":"https:\/\/gracefilledreads.com\/es\/wp-json\/wp\/v2\/types\/product"}],"wp:featuredmedia":[{"embeddable":true,"href":"https:\/\/gracefilledreads.com\/es\/wp-json\/wp\/v2\/media\/983"}],"wp:attachment":[{"href":"https:\/\/gracefilledreads.com\/es\/wp-json\/wp\/v2\/media?parent=982"}],"wp:term":[{"taxonomy":"product_brand","embeddable":true,"href":"https:\/\/gracefilledreads.com\/es\/wp-json\/wp\/v2\/product_brand?post=982"},{"taxonomy":"product_cat","embeddable":true,"href":"https:\/\/gracefilledreads.com\/es\/wp-json\/wp\/v2\/product_cat?post=982"},{"taxonomy":"product_tag","embeddable":true,"href":"https:\/\/gracefilledreads.com\/es\/wp-json\/wp\/v2\/product_tag?post=982"}],"curies":[{"name":"wp","href":"https:\/\/api.w.org\/{rel}","templated":true}]}}