{"id":988,"date":"2024-11-21T13:27:41","date_gmt":"2024-11-21T17:27:41","guid":{"rendered":"https:\/\/gracefilledreads.com\/product\/llamados-a-ser-su-pueblo-santo\/"},"modified":"2024-12-14T12:19:42","modified_gmt":"2024-12-14T16:19:42","slug":"llamados-a-ser-su-pueblo-santo","status":"publish","type":"product","link":"https:\/\/gracefilledreads.com\/es\/producto\/llamados-a-ser-su-pueblo-santo\/","title":{"rendered":"Llamados a ser su pueblo santo"},"content":{"rendered":"<p>Spanish version of the book<a href=\"https:\/\/gracefilledreads.com\/product\/called-to-be-his-holy-people\/\"><strong>Called to be His Holy People<\/strong><\/a>&#8221; de <strong>Warren Lathem<\/strong>.<\/p>\n<p>&#8220;Llamados a ser Su Pueblo Santo&#8221; &#8211; Uno de los grandes gozos de nuestra vida ha sido la relaci\u00f3n que el Se\u00f1or nos ha dado con la iglesia en Venezuela. Esta relaci\u00f3n surgi\u00f3 de una tragedia, pero Dios ha convertido nuestro dolor en alegr\u00eda. Lo m\u00e1s destacado de nuestros 50 a\u00f1os de ministerio han sido los m\u00e1s de 20 a\u00f1os que hemos vivido, amado y servido con el pueblo de Dios en Venezuela. Estos devocionales en Romanos son producto de esa vida compartida. Ruego que tambi\u00e9n te sean \u00fatiles.<\/p>","protected":false},"excerpt":{"rendered":"<p>Spanish version of the book<a href=\"https:\/\/gracefilledreads.com\/product\/called-to-be-his-holy-people\/\"><strong>Called to be His Holy People<\/strong><\/a>&#8221; de <strong>Warren Lathem<\/strong>.<\/p>\n<p>&#8220;Llamados a ser Su Pueblo Santo&#8221; &#8211; Uno de los grandes gozos de nuestra vida ha sido la relaci\u00f3n que el Se\u00f1or nos ha dado con la iglesia en Venezuela. Esta relaci\u00f3n surgi\u00f3 de una tragedia, pero Dios ha convertido nuestro dolor en alegr\u00eda. Lo m\u00e1s destacado de nuestros 50 a\u00f1os de ministerio han sido los m\u00e1s de 20 a\u00f1os que hemos vivido, amado y servido con el pueblo de Dios en Venezuela. Estos devocionales en Romanos son producto de esa vida compartida. Ruego que tambi\u00e9n te sean \u00fatiles.<\/p>","protected":false},"featured_media":989,"template":"","meta":[],"product_brand":[],"product_cat":[23,20,17],"product_tag":[],"class_list":{"0":"post-988","1":"product","2":"type-product","3":"status-publish","4":"has-post-thumbnail","6":"product_cat-devotional","7":"product_cat-spanish","8":"product_cat-warren-lathem","10":"first","11":"instock","12":"shipping-taxable","13":"purchasable","14":"product-type-simple"},"yoast_head":"<!-- This site is optimized with the Yoast SEO plugin v27.3 - https:\/\/yoast.com\/product\/yoast-seo-wordpress\/ -->\n<title>Llamados a ser su pueblo santo - Grace Filled Reads<\/title>\n<meta name=\"robots\" content=\"index, follow, max-snippet:-1, max-image-preview:large, max-video-preview:-1\" \/>\n<link rel=\"canonical\" href=\"https:\/\/gracefilledreads.com\/es\/producto\/llamados-a-ser-su-pueblo-santo\/\" \/>\n<meta property=\"og:locale\" content=\"es_ES\" \/>\n<meta property=\"og:type\" content=\"article\" \/>\n<meta property=\"og:title\" content=\"Llamados a ser su pueblo santo - Grace Filled Reads\" \/>\n<meta property=\"og:description\" content=\"Versi\u00f3n en Espa\u00f1ol de &quot;Called to be His Holy People&quot; de Warren Lathem.  &quot;Llamados a ser Su Pueblo Santo&quot; - Uno de los grandes gozos de nuestra vida ha sido la relaci\u00f3n que el Se\u00f1or nos ha dado con la iglesia en Venezuela. Esta relaci\u00f3n surgi\u00f3 de una tragedia, pero Dios ha convertido nuestro dolor en alegr\u00eda. Lo m\u00e1s destacado de nuestros 50 a\u00f1os de ministerio han sido los m\u00e1s de 20 a\u00f1os que hemos vivido, amado y servido con el pueblo de Dios en Venezuela. Estos devocionales en Romanos son producto de esa vida compartida. Ruego que tambi\u00e9n te sean \u00fatiles.\" \/>\n<meta property=\"og:url\" content=\"https:\/\/gracefilledreads.com\/es\/producto\/llamados-a-ser-su-pueblo-santo\/\" \/>\n<meta property=\"og:site_name\" content=\"Grace Filled Reads\" \/>\n<meta property=\"article:modified_time\" content=\"2024-12-14T16:19:42+00:00\" \/>\n<meta property=\"og:image\" content=\"https:\/\/gracefilledreads.com\/wp-content\/uploads\/2024\/11\/7rkjrr-front-shortedge-384-1.jpg\" \/>\n\t<meta property=\"og:image:width\" content=\"384\" \/>\n\t<meta property=\"og:image:height\" content=\"544\" \/>\n\t<meta property=\"og:image:type\" content=\"image\/jpeg\" \/>\n<meta name=\"twitter:card\" content=\"summary_large_image\" \/>\n<meta name=\"twitter:label1\" content=\"Tiempo estimado de lectura\" \/>\n\t<meta name=\"twitter:data1\" content=\"1 minuto\" \/>\n<script type=\"application\/ld+json\" class=\"yoast-schema-graph\">{\"@context\":\"https:\\\/\\\/schema.org\",\"@graph\":[{\"@type\":\"WebPage\",\"@id\":\"https:\\\/\\\/gracefilledreads.com\\\/product\\\/llamados-a-ser-su-pueblo-santo\\\/\",\"url\":\"https:\\\/\\\/gracefilledreads.com\\\/product\\\/llamados-a-ser-su-pueblo-santo\\\/\",\"name\":\"Llamados a ser su pueblo santo - Grace Filled Reads\",\"isPartOf\":{\"@id\":\"https:\\\/\\\/gracefilledreads.com\\\/#website\"},\"primaryImageOfPage\":{\"@id\":\"https:\\\/\\\/gracefilledreads.com\\\/product\\\/llamados-a-ser-su-pueblo-santo\\\/#primaryimage\"},\"image\":{\"@id\":\"https:\\\/\\\/gracefilledreads.com\\\/product\\\/llamados-a-ser-su-pueblo-santo\\\/#primaryimage\"},\"thumbnailUrl\":\"https:\\\/\\\/gracefilledreads.com\\\/wp-content\\\/uploads\\\/2024\\\/11\\\/7rkjrr-front-shortedge-384-1.jpg\",\"datePublished\":\"2024-11-21T17:27:41+00:00\",\"dateModified\":\"2024-12-14T16:19:42+00:00\",\"breadcrumb\":{\"@id\":\"https:\\\/\\\/gracefilledreads.com\\\/product\\\/llamados-a-ser-su-pueblo-santo\\\/#breadcrumb\"},\"inLanguage\":\"es\",\"potentialAction\":[{\"@type\":\"ReadAction\",\"target\":[\"https:\\\/\\\/gracefilledreads.com\\\/product\\\/llamados-a-ser-su-pueblo-santo\\\/\"]}]},{\"@type\":\"ImageObject\",\"inLanguage\":\"es\",\"@id\":\"https:\\\/\\\/gracefilledreads.com\\\/product\\\/llamados-a-ser-su-pueblo-santo\\\/#primaryimage\",\"url\":\"https:\\\/\\\/gracefilledreads.com\\\/wp-content\\\/uploads\\\/2024\\\/11\\\/7rkjrr-front-shortedge-384-1.jpg\",\"contentUrl\":\"https:\\\/\\\/gracefilledreads.com\\\/wp-content\\\/uploads\\\/2024\\\/11\\\/7rkjrr-front-shortedge-384-1.jpg\",\"width\":384,\"height\":544},{\"@type\":\"BreadcrumbList\",\"@id\":\"https:\\\/\\\/gracefilledreads.com\\\/product\\\/llamados-a-ser-su-pueblo-santo\\\/#breadcrumb\",\"itemListElement\":[{\"@type\":\"ListItem\",\"position\":1,\"name\":\"Home\",\"item\":\"https:\\\/\\\/gracefilledreads.com\\\/\"},{\"@type\":\"ListItem\",\"position\":2,\"name\":\"Shop\",\"item\":\"https:\\\/\\\/gracefilledreads.com\\\/shop\\\/\"},{\"@type\":\"ListItem\",\"position\":3,\"name\":\"Llamados a ser su pueblo santo\"}]},{\"@type\":\"WebSite\",\"@id\":\"https:\\\/\\\/gracefilledreads.com\\\/#website\",\"url\":\"https:\\\/\\\/gracefilledreads.com\\\/\",\"name\":\"Grace Filled Reads\",\"description\":\"Good Authors &amp; Transforming Messages\",\"publisher\":{\"@id\":\"https:\\\/\\\/gracefilledreads.com\\\/#organization\"},\"potentialAction\":[{\"@type\":\"SearchAction\",\"target\":{\"@type\":\"EntryPoint\",\"urlTemplate\":\"https:\\\/\\\/gracefilledreads.com\\\/?s={search_term_string}\"},\"query-input\":{\"@type\":\"PropertyValueSpecification\",\"valueRequired\":true,\"valueName\":\"search_term_string\"}}],\"inLanguage\":\"es\"},{\"@type\":\"Organization\",\"@id\":\"https:\\\/\\\/gracefilledreads.com\\\/#organization\",\"name\":\"Grace Filled Reads\",\"url\":\"https:\\\/\\\/gracefilledreads.com\\\/\",\"logo\":{\"@type\":\"ImageObject\",\"inLanguage\":\"es\",\"@id\":\"https:\\\/\\\/gracefilledreads.com\\\/#\\\/schema\\\/logo\\\/image\\\/\",\"url\":\"https:\\\/\\\/gracefilledreads.com\\\/wp-content\\\/uploads\\\/2024\\\/11\\\/gracefilledreads-LOGO-2.svg\",\"contentUrl\":\"https:\\\/\\\/gracefilledreads.com\\\/wp-content\\\/uploads\\\/2024\\\/11\\\/gracefilledreads-LOGO-2.svg\",\"width\":1008,\"height\":441,\"caption\":\"Grace Filled Reads\"},\"image\":{\"@id\":\"https:\\\/\\\/gracefilledreads.com\\\/#\\\/schema\\\/logo\\\/image\\\/\"}}]}<\/script>\n<!-- \/ Yoast SEO plugin. -->","yoast_head_json":{"title":"Llamados a ser su pueblo santo - Grace Filled Reads","robots":{"index":"index","follow":"follow","max-snippet":"max-snippet:-1","max-image-preview":"max-image-preview:large","max-video-preview":"max-video-preview:-1"},"canonical":"https:\/\/gracefilledreads.com\/es\/producto\/llamados-a-ser-su-pueblo-santo\/","og_locale":"es_ES","og_type":"article","og_title":"Llamados a ser su pueblo santo - Grace Filled Reads","og_description":"Versi\u00f3n en Espa\u00f1ol de \"Called to be His Holy People\" de Warren Lathem.  \"Llamados a ser Su Pueblo Santo\" - Uno de los grandes gozos de nuestra vida ha sido la relaci\u00f3n que el Se\u00f1or nos ha dado con la iglesia en Venezuela. Esta relaci\u00f3n surgi\u00f3 de una tragedia, pero Dios ha convertido nuestro dolor en alegr\u00eda. Lo m\u00e1s destacado de nuestros 50 a\u00f1os de ministerio han sido los m\u00e1s de 20 a\u00f1os que hemos vivido, amado y servido con el pueblo de Dios en Venezuela. Estos devocionales en Romanos son producto de esa vida compartida. Ruego que tambi\u00e9n te sean \u00fatiles.","og_url":"https:\/\/gracefilledreads.com\/es\/producto\/llamados-a-ser-su-pueblo-santo\/","og_site_name":"Grace Filled Reads","article_modified_time":"2024-12-14T16:19:42+00:00","og_image":[{"width":384,"height":544,"url":"https:\/\/gracefilledreads.com\/wp-content\/uploads\/2024\/11\/7rkjrr-front-shortedge-384-1.jpg","type":"image\/jpeg"}],"twitter_card":"summary_large_image","twitter_misc":{"Tiempo estimado de lectura":"1 minuto"},"schema":{"@context":"https:\/\/schema.org","@graph":[{"@type":"WebPage","@id":"https:\/\/gracefilledreads.com\/product\/llamados-a-ser-su-pueblo-santo\/","url":"https:\/\/gracefilledreads.com\/product\/llamados-a-ser-su-pueblo-santo\/","name":"Llamados a ser su pueblo santo - Grace Filled Reads","isPartOf":{"@id":"https:\/\/gracefilledreads.com\/#website"},"primaryImageOfPage":{"@id":"https:\/\/gracefilledreads.com\/product\/llamados-a-ser-su-pueblo-santo\/#primaryimage"},"image":{"@id":"https:\/\/gracefilledreads.com\/product\/llamados-a-ser-su-pueblo-santo\/#primaryimage"},"thumbnailUrl":"https:\/\/gracefilledreads.com\/wp-content\/uploads\/2024\/11\/7rkjrr-front-shortedge-384-1.jpg","datePublished":"2024-11-21T17:27:41+00:00","dateModified":"2024-12-14T16:19:42+00:00","breadcrumb":{"@id":"https:\/\/gracefilledreads.com\/product\/llamados-a-ser-su-pueblo-santo\/#breadcrumb"},"inLanguage":"es","potentialAction":[{"@type":"ReadAction","target":["https:\/\/gracefilledreads.com\/product\/llamados-a-ser-su-pueblo-santo\/"]}]},{"@type":"ImageObject","inLanguage":"es","@id":"https:\/\/gracefilledreads.com\/product\/llamados-a-ser-su-pueblo-santo\/#primaryimage","url":"https:\/\/gracefilledreads.com\/wp-content\/uploads\/2024\/11\/7rkjrr-front-shortedge-384-1.jpg","contentUrl":"https:\/\/gracefilledreads.com\/wp-content\/uploads\/2024\/11\/7rkjrr-front-shortedge-384-1.jpg","width":384,"height":544},{"@type":"BreadcrumbList","@id":"https:\/\/gracefilledreads.com\/product\/llamados-a-ser-su-pueblo-santo\/#breadcrumb","itemListElement":[{"@type":"ListItem","position":1,"name":"Home","item":"https:\/\/gracefilledreads.com\/"},{"@type":"ListItem","position":2,"name":"Shop","item":"https:\/\/gracefilledreads.com\/shop\/"},{"@type":"ListItem","position":3,"name":"Llamados a ser su pueblo santo"}]},{"@type":"WebSite","@id":"https:\/\/gracefilledreads.com\/#website","url":"https:\/\/gracefilledreads.com\/","name":"Grace Filled Reads","description":"Good Authors &amp; Transforming Messages","publisher":{"@id":"https:\/\/gracefilledreads.com\/#organization"},"potentialAction":[{"@type":"SearchAction","target":{"@type":"EntryPoint","urlTemplate":"https:\/\/gracefilledreads.com\/?s={search_term_string}"},"query-input":{"@type":"PropertyValueSpecification","valueRequired":true,"valueName":"search_term_string"}}],"inLanguage":"es"},{"@type":"Organization","@id":"https:\/\/gracefilledreads.com\/#organization","name":"Grace Filled Reads","url":"https:\/\/gracefilledreads.com\/","logo":{"@type":"ImageObject","inLanguage":"es","@id":"https:\/\/gracefilledreads.com\/#\/schema\/logo\/image\/","url":"https:\/\/gracefilledreads.com\/wp-content\/uploads\/2024\/11\/gracefilledreads-LOGO-2.svg","contentUrl":"https:\/\/gracefilledreads.com\/wp-content\/uploads\/2024\/11\/gracefilledreads-LOGO-2.svg","width":1008,"height":441,"caption":"Grace Filled Reads"},"image":{"@id":"https:\/\/gracefilledreads.com\/#\/schema\/logo\/image\/"}}]}},"_links":{"self":[{"href":"https:\/\/gracefilledreads.com\/es\/wp-json\/wp\/v2\/product\/988","targetHints":{"allow":["GET"]}}],"collection":[{"href":"https:\/\/gracefilledreads.com\/es\/wp-json\/wp\/v2\/product"}],"about":[{"href":"https:\/\/gracefilledreads.com\/es\/wp-json\/wp\/v2\/types\/product"}],"wp:featuredmedia":[{"embeddable":true,"href":"https:\/\/gracefilledreads.com\/es\/wp-json\/wp\/v2\/media\/989"}],"wp:attachment":[{"href":"https:\/\/gracefilledreads.com\/es\/wp-json\/wp\/v2\/media?parent=988"}],"wp:term":[{"taxonomy":"product_brand","embeddable":true,"href":"https:\/\/gracefilledreads.com\/es\/wp-json\/wp\/v2\/product_brand?post=988"},{"taxonomy":"product_cat","embeddable":true,"href":"https:\/\/gracefilledreads.com\/es\/wp-json\/wp\/v2\/product_cat?post=988"},{"taxonomy":"product_tag","embeddable":true,"href":"https:\/\/gracefilledreads.com\/es\/wp-json\/wp\/v2\/product_tag?post=988"}],"curies":[{"name":"wp","href":"https:\/\/api.w.org\/{rel}","templated":true}]}}