{"id":990,"date":"2024-11-21T13:28:02","date_gmt":"2024-11-21T17:28:02","guid":{"rendered":"https:\/\/gracefilledreads.com\/product\/hechos-del-espiritu-santo\/"},"modified":"2024-12-14T12:19:28","modified_gmt":"2024-12-14T16:19:28","slug":"hechos-del-espiritu-santo","status":"publish","type":"product","link":"https:\/\/gracefilledreads.com\/es\/producto\/hechos-del-espiritu-santo\/","title":{"rendered":"Hechos del Espiritu Santo"},"content":{"rendered":"<p>Spanish version of the book<a href=\"https:\/\/gracefilledreads.com\/product\/acts-of-the-holy-spirit\/\"><strong>Acts of the Holy Spirit<\/strong><\/a>&#8221; de <strong>Warren Lathem<\/strong>.<\/p>\n<p>Esta es una gu\u00eda devocional para la lectura del Libro de los Hechos. Leer\u00e1s un cap\u00edtulo al d\u00eda de Hechos de los Ap\u00f3stoles. Luego leer\u00e1s un breve devocional basado en ese cap\u00edtulo. Confiamos en que te sentir\u00e1s capacitado para ser testigo como lo fueron los primeros ap\u00f3stoles.<\/p>\n<p>Es mi oraci\u00f3n que el lector tenga una experiencia profunda de la llenura del Esp\u00edritu Santo y vea los resultados en su vida y ministerio. Puesto que el Libro de los Hechos no tiene conclusi\u00f3n, \u00a1los Hechos del Esp\u00edritu Santo contin\u00faan a trav\u00e9s de usted!<\/p>","protected":false},"excerpt":{"rendered":"<p>Spanish version of the book<a href=\"https:\/\/gracefilledreads.com\/product\/acts-of-the-holy-spirit\/\"><strong>Acts of the Holy Spirit<\/strong><\/a>&#8221; de <strong>Warren Lathem<\/strong>.<\/p>\n<p>Esta es una gu\u00eda devocional para la lectura del Libro de los Hechos. Leer\u00e1s un cap\u00edtulo al d\u00eda de Hechos de los Ap\u00f3stoles. Luego leer\u00e1s un breve devocional basado en ese cap\u00edtulo. Confiamos en que te sentir\u00e1s capacitado para ser testigo como lo fueron los primeros ap\u00f3stoles.<\/p>\n<p>Es mi oraci\u00f3n que el lector tenga una experiencia profunda de la llenura del Esp\u00edritu Santo y vea los resultados en su vida y ministerio. Puesto que el Libro de los Hechos no tiene conclusi\u00f3n, \u00a1los Hechos del Esp\u00edritu Santo contin\u00faan a trav\u00e9s de usted!<\/p>","protected":false},"featured_media":991,"template":"","meta":[],"product_brand":[],"product_cat":[23,20,17],"product_tag":[],"class_list":{"0":"post-990","1":"product","2":"type-product","3":"status-publish","4":"has-post-thumbnail","6":"product_cat-devotional","7":"product_cat-spanish","8":"product_cat-warren-lathem","10":"first","11":"instock","12":"shipping-taxable","13":"purchasable","14":"product-type-simple"},"yoast_head":"<!-- This site is optimized with the Yoast SEO plugin v27.3 - https:\/\/yoast.com\/product\/yoast-seo-wordpress\/ -->\n<title>Hechos del Espiritu Santo - Grace Filled Reads<\/title>\n<meta name=\"robots\" content=\"index, follow, max-snippet:-1, max-image-preview:large, max-video-preview:-1\" \/>\n<link rel=\"canonical\" href=\"https:\/\/gracefilledreads.com\/es\/producto\/hechos-del-espiritu-santo\/\" \/>\n<meta property=\"og:locale\" content=\"es_ES\" \/>\n<meta property=\"og:type\" content=\"article\" \/>\n<meta property=\"og:title\" content=\"Hechos del Espiritu Santo - Grace Filled Reads\" \/>\n<meta property=\"og:description\" content=\"Versi\u00f3n en Espa\u00f1ol de &quot;Acts of the Holy Spirit&quot; de Warren Lathem.  Esta es una gu\u00eda devocional para la lectura del Libro de los Hechos. Leer\u00e1s un cap\u00edtulo al d\u00eda de Hechos de los Ap\u00f3stoles. Luego leer\u00e1s un breve devocional basado en ese cap\u00edtulo. Confiamos en que te sentir\u00e1s capacitado para ser testigo como lo fueron los primeros ap\u00f3stoles.  Es mi oraci\u00f3n que el lector tenga una experiencia profunda de la llenura del Esp\u00edritu Santo y vea los resultados en su vida y ministerio. Puesto que el Libro de los Hechos no tiene conclusi\u00f3n, \u00a1los Hechos del Esp\u00edritu Santo contin\u00faan a trav\u00e9s de usted!\" \/>\n<meta property=\"og:url\" content=\"https:\/\/gracefilledreads.com\/es\/producto\/hechos-del-espiritu-santo\/\" \/>\n<meta property=\"og:site_name\" content=\"Grace Filled Reads\" \/>\n<meta property=\"article:modified_time\" content=\"2024-12-14T16:19:28+00:00\" \/>\n<meta property=\"og:image\" content=\"https:\/\/gracefilledreads.com\/wp-content\/uploads\/2024\/11\/9n5jrv-front-shortedge-384-1.jpg\" \/>\n\t<meta property=\"og:image:width\" content=\"384\" \/>\n\t<meta property=\"og:image:height\" content=\"544\" \/>\n\t<meta property=\"og:image:type\" content=\"image\/jpeg\" \/>\n<meta name=\"twitter:card\" content=\"summary_large_image\" \/>\n<meta name=\"twitter:label1\" content=\"Tiempo estimado de lectura\" \/>\n\t<meta name=\"twitter:data1\" content=\"1 minuto\" \/>\n<script type=\"application\/ld+json\" class=\"yoast-schema-graph\">{\"@context\":\"https:\\\/\\\/schema.org\",\"@graph\":[{\"@type\":\"WebPage\",\"@id\":\"https:\\\/\\\/gracefilledreads.com\\\/product\\\/hechos-del-espiritu-santo\\\/\",\"url\":\"https:\\\/\\\/gracefilledreads.com\\\/product\\\/hechos-del-espiritu-santo\\\/\",\"name\":\"Hechos del Espiritu Santo - Grace Filled Reads\",\"isPartOf\":{\"@id\":\"https:\\\/\\\/gracefilledreads.com\\\/#website\"},\"primaryImageOfPage\":{\"@id\":\"https:\\\/\\\/gracefilledreads.com\\\/product\\\/hechos-del-espiritu-santo\\\/#primaryimage\"},\"image\":{\"@id\":\"https:\\\/\\\/gracefilledreads.com\\\/product\\\/hechos-del-espiritu-santo\\\/#primaryimage\"},\"thumbnailUrl\":\"https:\\\/\\\/gracefilledreads.com\\\/wp-content\\\/uploads\\\/2024\\\/11\\\/9n5jrv-front-shortedge-384-1.jpg\",\"datePublished\":\"2024-11-21T17:28:02+00:00\",\"dateModified\":\"2024-12-14T16:19:28+00:00\",\"breadcrumb\":{\"@id\":\"https:\\\/\\\/gracefilledreads.com\\\/product\\\/hechos-del-espiritu-santo\\\/#breadcrumb\"},\"inLanguage\":\"es\",\"potentialAction\":[{\"@type\":\"ReadAction\",\"target\":[\"https:\\\/\\\/gracefilledreads.com\\\/product\\\/hechos-del-espiritu-santo\\\/\"]}]},{\"@type\":\"ImageObject\",\"inLanguage\":\"es\",\"@id\":\"https:\\\/\\\/gracefilledreads.com\\\/product\\\/hechos-del-espiritu-santo\\\/#primaryimage\",\"url\":\"https:\\\/\\\/gracefilledreads.com\\\/wp-content\\\/uploads\\\/2024\\\/11\\\/9n5jrv-front-shortedge-384-1.jpg\",\"contentUrl\":\"https:\\\/\\\/gracefilledreads.com\\\/wp-content\\\/uploads\\\/2024\\\/11\\\/9n5jrv-front-shortedge-384-1.jpg\",\"width\":384,\"height\":544},{\"@type\":\"BreadcrumbList\",\"@id\":\"https:\\\/\\\/gracefilledreads.com\\\/product\\\/hechos-del-espiritu-santo\\\/#breadcrumb\",\"itemListElement\":[{\"@type\":\"ListItem\",\"position\":1,\"name\":\"Home\",\"item\":\"https:\\\/\\\/gracefilledreads.com\\\/\"},{\"@type\":\"ListItem\",\"position\":2,\"name\":\"Shop\",\"item\":\"https:\\\/\\\/gracefilledreads.com\\\/shop\\\/\"},{\"@type\":\"ListItem\",\"position\":3,\"name\":\"Hechos del Espiritu Santo\"}]},{\"@type\":\"WebSite\",\"@id\":\"https:\\\/\\\/gracefilledreads.com\\\/#website\",\"url\":\"https:\\\/\\\/gracefilledreads.com\\\/\",\"name\":\"Grace Filled Reads\",\"description\":\"Good Authors &amp; Transforming Messages\",\"publisher\":{\"@id\":\"https:\\\/\\\/gracefilledreads.com\\\/#organization\"},\"potentialAction\":[{\"@type\":\"SearchAction\",\"target\":{\"@type\":\"EntryPoint\",\"urlTemplate\":\"https:\\\/\\\/gracefilledreads.com\\\/?s={search_term_string}\"},\"query-input\":{\"@type\":\"PropertyValueSpecification\",\"valueRequired\":true,\"valueName\":\"search_term_string\"}}],\"inLanguage\":\"es\"},{\"@type\":\"Organization\",\"@id\":\"https:\\\/\\\/gracefilledreads.com\\\/#organization\",\"name\":\"Grace Filled Reads\",\"url\":\"https:\\\/\\\/gracefilledreads.com\\\/\",\"logo\":{\"@type\":\"ImageObject\",\"inLanguage\":\"es\",\"@id\":\"https:\\\/\\\/gracefilledreads.com\\\/#\\\/schema\\\/logo\\\/image\\\/\",\"url\":\"https:\\\/\\\/gracefilledreads.com\\\/wp-content\\\/uploads\\\/2024\\\/11\\\/gracefilledreads-LOGO-2.svg\",\"contentUrl\":\"https:\\\/\\\/gracefilledreads.com\\\/wp-content\\\/uploads\\\/2024\\\/11\\\/gracefilledreads-LOGO-2.svg\",\"width\":1008,\"height\":441,\"caption\":\"Grace Filled Reads\"},\"image\":{\"@id\":\"https:\\\/\\\/gracefilledreads.com\\\/#\\\/schema\\\/logo\\\/image\\\/\"}}]}<\/script>\n<!-- \/ Yoast SEO plugin. -->","yoast_head_json":{"title":"Hechos del Espiritu Santo - Grace Filled Reads","robots":{"index":"index","follow":"follow","max-snippet":"max-snippet:-1","max-image-preview":"max-image-preview:large","max-video-preview":"max-video-preview:-1"},"canonical":"https:\/\/gracefilledreads.com\/es\/producto\/hechos-del-espiritu-santo\/","og_locale":"es_ES","og_type":"article","og_title":"Hechos del Espiritu Santo - Grace Filled Reads","og_description":"Versi\u00f3n en Espa\u00f1ol de \"Acts of the Holy Spirit\" de Warren Lathem.  Esta es una gu\u00eda devocional para la lectura del Libro de los Hechos. Leer\u00e1s un cap\u00edtulo al d\u00eda de Hechos de los Ap\u00f3stoles. Luego leer\u00e1s un breve devocional basado en ese cap\u00edtulo. Confiamos en que te sentir\u00e1s capacitado para ser testigo como lo fueron los primeros ap\u00f3stoles.  Es mi oraci\u00f3n que el lector tenga una experiencia profunda de la llenura del Esp\u00edritu Santo y vea los resultados en su vida y ministerio. Puesto que el Libro de los Hechos no tiene conclusi\u00f3n, \u00a1los Hechos del Esp\u00edritu Santo contin\u00faan a trav\u00e9s de usted!","og_url":"https:\/\/gracefilledreads.com\/es\/producto\/hechos-del-espiritu-santo\/","og_site_name":"Grace Filled Reads","article_modified_time":"2024-12-14T16:19:28+00:00","og_image":[{"width":384,"height":544,"url":"https:\/\/gracefilledreads.com\/wp-content\/uploads\/2024\/11\/9n5jrv-front-shortedge-384-1.jpg","type":"image\/jpeg"}],"twitter_card":"summary_large_image","twitter_misc":{"Tiempo estimado de lectura":"1 minuto"},"schema":{"@context":"https:\/\/schema.org","@graph":[{"@type":"WebPage","@id":"https:\/\/gracefilledreads.com\/product\/hechos-del-espiritu-santo\/","url":"https:\/\/gracefilledreads.com\/product\/hechos-del-espiritu-santo\/","name":"Hechos del Espiritu Santo - Grace Filled Reads","isPartOf":{"@id":"https:\/\/gracefilledreads.com\/#website"},"primaryImageOfPage":{"@id":"https:\/\/gracefilledreads.com\/product\/hechos-del-espiritu-santo\/#primaryimage"},"image":{"@id":"https:\/\/gracefilledreads.com\/product\/hechos-del-espiritu-santo\/#primaryimage"},"thumbnailUrl":"https:\/\/gracefilledreads.com\/wp-content\/uploads\/2024\/11\/9n5jrv-front-shortedge-384-1.jpg","datePublished":"2024-11-21T17:28:02+00:00","dateModified":"2024-12-14T16:19:28+00:00","breadcrumb":{"@id":"https:\/\/gracefilledreads.com\/product\/hechos-del-espiritu-santo\/#breadcrumb"},"inLanguage":"es","potentialAction":[{"@type":"ReadAction","target":["https:\/\/gracefilledreads.com\/product\/hechos-del-espiritu-santo\/"]}]},{"@type":"ImageObject","inLanguage":"es","@id":"https:\/\/gracefilledreads.com\/product\/hechos-del-espiritu-santo\/#primaryimage","url":"https:\/\/gracefilledreads.com\/wp-content\/uploads\/2024\/11\/9n5jrv-front-shortedge-384-1.jpg","contentUrl":"https:\/\/gracefilledreads.com\/wp-content\/uploads\/2024\/11\/9n5jrv-front-shortedge-384-1.jpg","width":384,"height":544},{"@type":"BreadcrumbList","@id":"https:\/\/gracefilledreads.com\/product\/hechos-del-espiritu-santo\/#breadcrumb","itemListElement":[{"@type":"ListItem","position":1,"name":"Home","item":"https:\/\/gracefilledreads.com\/"},{"@type":"ListItem","position":2,"name":"Shop","item":"https:\/\/gracefilledreads.com\/shop\/"},{"@type":"ListItem","position":3,"name":"Hechos del Espiritu Santo"}]},{"@type":"WebSite","@id":"https:\/\/gracefilledreads.com\/#website","url":"https:\/\/gracefilledreads.com\/","name":"Grace Filled Reads","description":"Good Authors &amp; Transforming Messages","publisher":{"@id":"https:\/\/gracefilledreads.com\/#organization"},"potentialAction":[{"@type":"SearchAction","target":{"@type":"EntryPoint","urlTemplate":"https:\/\/gracefilledreads.com\/?s={search_term_string}"},"query-input":{"@type":"PropertyValueSpecification","valueRequired":true,"valueName":"search_term_string"}}],"inLanguage":"es"},{"@type":"Organization","@id":"https:\/\/gracefilledreads.com\/#organization","name":"Grace Filled Reads","url":"https:\/\/gracefilledreads.com\/","logo":{"@type":"ImageObject","inLanguage":"es","@id":"https:\/\/gracefilledreads.com\/#\/schema\/logo\/image\/","url":"https:\/\/gracefilledreads.com\/wp-content\/uploads\/2024\/11\/gracefilledreads-LOGO-2.svg","contentUrl":"https:\/\/gracefilledreads.com\/wp-content\/uploads\/2024\/11\/gracefilledreads-LOGO-2.svg","width":1008,"height":441,"caption":"Grace Filled Reads"},"image":{"@id":"https:\/\/gracefilledreads.com\/#\/schema\/logo\/image\/"}}]}},"_links":{"self":[{"href":"https:\/\/gracefilledreads.com\/es\/wp-json\/wp\/v2\/product\/990","targetHints":{"allow":["GET"]}}],"collection":[{"href":"https:\/\/gracefilledreads.com\/es\/wp-json\/wp\/v2\/product"}],"about":[{"href":"https:\/\/gracefilledreads.com\/es\/wp-json\/wp\/v2\/types\/product"}],"wp:featuredmedia":[{"embeddable":true,"href":"https:\/\/gracefilledreads.com\/es\/wp-json\/wp\/v2\/media\/991"}],"wp:attachment":[{"href":"https:\/\/gracefilledreads.com\/es\/wp-json\/wp\/v2\/media?parent=990"}],"wp:term":[{"taxonomy":"product_brand","embeddable":true,"href":"https:\/\/gracefilledreads.com\/es\/wp-json\/wp\/v2\/product_brand?post=990"},{"taxonomy":"product_cat","embeddable":true,"href":"https:\/\/gracefilledreads.com\/es\/wp-json\/wp\/v2\/product_cat?post=990"},{"taxonomy":"product_tag","embeddable":true,"href":"https:\/\/gracefilledreads.com\/es\/wp-json\/wp\/v2\/product_tag?post=990"}],"curies":[{"name":"wp","href":"https:\/\/api.w.org\/{rel}","templated":true}]}}