{"id":996,"date":"2024-11-21T13:35:07","date_gmt":"2024-11-21T17:35:07","guid":{"rendered":"https:\/\/gracefilledreads.com\/product\/that-you-might-believe\/"},"modified":"2024-12-08T13:25:31","modified_gmt":"2024-12-08T17:25:31","slug":"that-you-might-believe","status":"publish","type":"product","link":"https:\/\/gracefilledreads.com\/es\/producto\/that-you-might-believe\/","title":{"rendered":"That You Might Believe"},"content":{"rendered":"<p>Gu\u00eda Devocional del Evangelio de Juan<\/p>\n<p>Juan ha escrito este relato del evangelio desde la perspectiva del evangelista. Su intenci\u00f3n al relatar la vida y el ministerio de Jes\u00fas es producir fe y vida.<\/p>\n<p>El escritor del Evangelio de Juan era conocido como \u201cJuan el Evangelista\u201d. Es a los grandes evangelistas que impactaron mi vida a quienes dedico este libro. La primera evangelista que conoc\u00ed fue mi madre, Leila Youngblood Lathem. Ella me llev\u00f3 a Jes\u00fas una tarde de domingo en diciembre de 1960. El primer pastor que conoc\u00ed y el m\u00e1s influyente en mi vida fue el reverendo John Ozley, quien se convirti\u00f3 en mi pastor cuando yo ten\u00eda apenas 7 a\u00f1os. Mientras escribo esto, el hermano John sigue siendo mi pastor a pesar de que ahora tiene m\u00e1s de 90 a\u00f1os. Su ministerio siempre fue productivo en la evangelizaci\u00f3n.<\/p>\n<p>Hay muchos contempor\u00e1neos que han pasado sus vidas alcanzando a los perdidos con el Evangelio. Doy gracias por ellos. Por esos hijos e hijas en la fe en Venezuela que sirven para traer a miles a la fe en Cristo, estoy muy agradecido.<\/p>\n<p>Este libro est\u00e1 dedicado a todos ellos y a todos aquellos que descubrir\u00e1n su llamado a la evangelizaci\u00f3n y alcanzar\u00e1n las naciones con la Buena Nueva de Jes\u00fas.<\/p>","protected":false},"excerpt":{"rendered":"<p>Gu\u00eda Devocional del Evangelio de Juan<\/p>\n<p>Juan ha escrito este relato del evangelio desde la perspectiva del evangelista. Su intenci\u00f3n al relatar la vida y el ministerio de Jes\u00fas es producir fe y vida.<\/p>\n<p>El escritor del Evangelio de Juan era conocido como \u201cJuan el Evangelista\u201d. Es a los grandes evangelistas que impactaron mi vida a quienes dedico este libro. La primera evangelista que conoc\u00ed fue mi madre, Leila Youngblood Lathem. Ella me llev\u00f3 a Jes\u00fas una tarde de domingo en diciembre de 1960. El primer pastor que conoc\u00ed y el m\u00e1s influyente en mi vida fue el reverendo John Ozley, quien se convirti\u00f3 en mi pastor cuando yo ten\u00eda apenas 7 a\u00f1os. Mientras escribo esto, el hermano John sigue siendo mi pastor a pesar de que ahora tiene m\u00e1s de 90 a\u00f1os. Su ministerio siempre fue productivo en la evangelizaci\u00f3n.<\/p>\n<p>Hay muchos contempor\u00e1neos que han pasado sus vidas alcanzando a los perdidos con el Evangelio. Doy gracias por ellos. Por esos hijos e hijas en la fe en Venezuela que sirven para traer a miles a la fe en Cristo, estoy muy agradecido.<\/p>\n<p>Este libro est\u00e1 dedicado a todos ellos y a todos aquellos que descubrir\u00e1n su llamado a la evangelizaci\u00f3n y alcanzar\u00e1n las naciones con la Buena Nueva de Jes\u00fas.<\/p>","protected":false},"featured_media":997,"template":"","meta":[],"product_brand":[],"product_cat":[23,19,17],"product_tag":[],"class_list":{"0":"post-996","1":"product","2":"type-product","3":"status-publish","4":"has-post-thumbnail","6":"product_cat-devotional","7":"product_cat-english","8":"product_cat-warren-lathem","10":"first","11":"instock","12":"shipping-taxable","13":"purchasable","14":"product-type-simple"},"yoast_head":"<!-- This site is optimized with the Yoast SEO plugin v27.3 - https:\/\/yoast.com\/product\/yoast-seo-wordpress\/ -->\n<title>That You Might Believe - Grace Filled Reads<\/title>\n<meta name=\"robots\" content=\"index, follow, max-snippet:-1, max-image-preview:large, max-video-preview:-1\" \/>\n<link rel=\"canonical\" href=\"https:\/\/gracefilledreads.com\/es\/producto\/that-you-might-believe\/\" \/>\n<meta property=\"og:locale\" content=\"es_ES\" \/>\n<meta property=\"og:type\" content=\"article\" \/>\n<meta property=\"og:title\" content=\"That You Might Believe - Grace Filled Reads\" \/>\n<meta property=\"og:description\" content=\"Devotional Guide to the Gospel of John  John has written this gospel account from the perspective of the evangelist. His intention in recounting the life and ministry of Jesus is to produce belief and life.  The writer of John&#039;s Gospel was known as &quot;John the Evangelist&quot;. It is to the great evangelists who impacted my life that I dedicate this book. The first evangelist I met was my mother, Leila Youngblood Lathem. She led me to Jesus one Sunday afternoon in December 1960. The first pastor I met and the most influential in my life was Reverend John Ozley, who became my pastor when I was just 7 years old. As I write this, Brother John is still my pastor even though he is now over 90 years old. His ministry was always productive in evangelism.  There are many contemporaries who have spent their lives reaching the lost with the Gospel. I give thanks for them. For those sons and daughters in the faith in Venezuela who serve to bring thousands to faith in Christ, I am very thankful.  This book is dedicated to all of them and to those who will discover their call to evangelism and reach the nations with the Good News of Jesus.\" \/>\n<meta property=\"og:url\" content=\"https:\/\/gracefilledreads.com\/es\/producto\/that-you-might-believe\/\" \/>\n<meta property=\"og:site_name\" content=\"Grace Filled Reads\" \/>\n<meta property=\"article:modified_time\" content=\"2024-12-08T17:25:31+00:00\" \/>\n<meta property=\"og:image\" content=\"https:\/\/gracefilledreads.com\/wp-content\/uploads\/2024\/11\/pqmkmv-front-shortedge-384-1.jpg\" \/>\n\t<meta property=\"og:image:width\" content=\"384\" \/>\n\t<meta property=\"og:image:height\" content=\"544\" \/>\n\t<meta property=\"og:image:type\" content=\"image\/jpeg\" \/>\n<meta name=\"twitter:card\" content=\"summary_large_image\" \/>\n<meta name=\"twitter:label1\" content=\"Tiempo estimado de lectura\" \/>\n\t<meta name=\"twitter:data1\" content=\"2 minutos\" \/>\n<script type=\"application\/ld+json\" class=\"yoast-schema-graph\">{\"@context\":\"https:\\\/\\\/schema.org\",\"@graph\":[{\"@type\":\"WebPage\",\"@id\":\"https:\\\/\\\/gracefilledreads.com\\\/product\\\/that-you-might-believe\\\/\",\"url\":\"https:\\\/\\\/gracefilledreads.com\\\/product\\\/that-you-might-believe\\\/\",\"name\":\"That You Might Believe - Grace Filled Reads\",\"isPartOf\":{\"@id\":\"https:\\\/\\\/gracefilledreads.com\\\/#website\"},\"primaryImageOfPage\":{\"@id\":\"https:\\\/\\\/gracefilledreads.com\\\/product\\\/that-you-might-believe\\\/#primaryimage\"},\"image\":{\"@id\":\"https:\\\/\\\/gracefilledreads.com\\\/product\\\/that-you-might-believe\\\/#primaryimage\"},\"thumbnailUrl\":\"https:\\\/\\\/gracefilledreads.com\\\/wp-content\\\/uploads\\\/2024\\\/11\\\/pqmkmv-front-shortedge-384-1.jpg\",\"datePublished\":\"2024-11-21T17:35:07+00:00\",\"dateModified\":\"2024-12-08T17:25:31+00:00\",\"breadcrumb\":{\"@id\":\"https:\\\/\\\/gracefilledreads.com\\\/product\\\/that-you-might-believe\\\/#breadcrumb\"},\"inLanguage\":\"es\",\"potentialAction\":[{\"@type\":\"ReadAction\",\"target\":[\"https:\\\/\\\/gracefilledreads.com\\\/product\\\/that-you-might-believe\\\/\"]}]},{\"@type\":\"ImageObject\",\"inLanguage\":\"es\",\"@id\":\"https:\\\/\\\/gracefilledreads.com\\\/product\\\/that-you-might-believe\\\/#primaryimage\",\"url\":\"https:\\\/\\\/gracefilledreads.com\\\/wp-content\\\/uploads\\\/2024\\\/11\\\/pqmkmv-front-shortedge-384-1.jpg\",\"contentUrl\":\"https:\\\/\\\/gracefilledreads.com\\\/wp-content\\\/uploads\\\/2024\\\/11\\\/pqmkmv-front-shortedge-384-1.jpg\",\"width\":384,\"height\":544},{\"@type\":\"BreadcrumbList\",\"@id\":\"https:\\\/\\\/gracefilledreads.com\\\/product\\\/that-you-might-believe\\\/#breadcrumb\",\"itemListElement\":[{\"@type\":\"ListItem\",\"position\":1,\"name\":\"Home\",\"item\":\"https:\\\/\\\/gracefilledreads.com\\\/\"},{\"@type\":\"ListItem\",\"position\":2,\"name\":\"Shop\",\"item\":\"https:\\\/\\\/gracefilledreads.com\\\/shop\\\/\"},{\"@type\":\"ListItem\",\"position\":3,\"name\":\"That You Might Believe\"}]},{\"@type\":\"WebSite\",\"@id\":\"https:\\\/\\\/gracefilledreads.com\\\/#website\",\"url\":\"https:\\\/\\\/gracefilledreads.com\\\/\",\"name\":\"Grace Filled Reads\",\"description\":\"Good Authors &amp; Transforming Messages\",\"publisher\":{\"@id\":\"https:\\\/\\\/gracefilledreads.com\\\/#organization\"},\"potentialAction\":[{\"@type\":\"SearchAction\",\"target\":{\"@type\":\"EntryPoint\",\"urlTemplate\":\"https:\\\/\\\/gracefilledreads.com\\\/?s={search_term_string}\"},\"query-input\":{\"@type\":\"PropertyValueSpecification\",\"valueRequired\":true,\"valueName\":\"search_term_string\"}}],\"inLanguage\":\"es\"},{\"@type\":\"Organization\",\"@id\":\"https:\\\/\\\/gracefilledreads.com\\\/#organization\",\"name\":\"Grace Filled Reads\",\"url\":\"https:\\\/\\\/gracefilledreads.com\\\/\",\"logo\":{\"@type\":\"ImageObject\",\"inLanguage\":\"es\",\"@id\":\"https:\\\/\\\/gracefilledreads.com\\\/#\\\/schema\\\/logo\\\/image\\\/\",\"url\":\"https:\\\/\\\/gracefilledreads.com\\\/wp-content\\\/uploads\\\/2024\\\/11\\\/gracefilledreads-LOGO-2.svg\",\"contentUrl\":\"https:\\\/\\\/gracefilledreads.com\\\/wp-content\\\/uploads\\\/2024\\\/11\\\/gracefilledreads-LOGO-2.svg\",\"width\":1008,\"height\":441,\"caption\":\"Grace Filled Reads\"},\"image\":{\"@id\":\"https:\\\/\\\/gracefilledreads.com\\\/#\\\/schema\\\/logo\\\/image\\\/\"}}]}<\/script>\n<!-- \/ Yoast SEO plugin. -->","yoast_head_json":{"title":"That You Might Believe - Grace Filled Reads","robots":{"index":"index","follow":"follow","max-snippet":"max-snippet:-1","max-image-preview":"max-image-preview:large","max-video-preview":"max-video-preview:-1"},"canonical":"https:\/\/gracefilledreads.com\/es\/producto\/that-you-might-believe\/","og_locale":"es_ES","og_type":"article","og_title":"That You Might Believe - Grace Filled Reads","og_description":"Devotional Guide to the Gospel of John  John has written this gospel account from the perspective of the evangelist. His intention in recounting the life and ministry of Jesus is to produce belief and life.  The writer of John's Gospel was known as \"John the Evangelist\". It is to the great evangelists who impacted my life that I dedicate this book. The first evangelist I met was my mother, Leila Youngblood Lathem. She led me to Jesus one Sunday afternoon in December 1960. The first pastor I met and the most influential in my life was Reverend John Ozley, who became my pastor when I was just 7 years old. As I write this, Brother John is still my pastor even though he is now over 90 years old. His ministry was always productive in evangelism.  There are many contemporaries who have spent their lives reaching the lost with the Gospel. I give thanks for them. For those sons and daughters in the faith in Venezuela who serve to bring thousands to faith in Christ, I am very thankful.  This book is dedicated to all of them and to those who will discover their call to evangelism and reach the nations with the Good News of Jesus.","og_url":"https:\/\/gracefilledreads.com\/es\/producto\/that-you-might-believe\/","og_site_name":"Grace Filled Reads","article_modified_time":"2024-12-08T17:25:31+00:00","og_image":[{"width":384,"height":544,"url":"https:\/\/gracefilledreads.com\/wp-content\/uploads\/2024\/11\/pqmkmv-front-shortedge-384-1.jpg","type":"image\/jpeg"}],"twitter_card":"summary_large_image","twitter_misc":{"Tiempo estimado de lectura":"2 minutos"},"schema":{"@context":"https:\/\/schema.org","@graph":[{"@type":"WebPage","@id":"https:\/\/gracefilledreads.com\/product\/that-you-might-believe\/","url":"https:\/\/gracefilledreads.com\/product\/that-you-might-believe\/","name":"That You Might Believe - Grace Filled Reads","isPartOf":{"@id":"https:\/\/gracefilledreads.com\/#website"},"primaryImageOfPage":{"@id":"https:\/\/gracefilledreads.com\/product\/that-you-might-believe\/#primaryimage"},"image":{"@id":"https:\/\/gracefilledreads.com\/product\/that-you-might-believe\/#primaryimage"},"thumbnailUrl":"https:\/\/gracefilledreads.com\/wp-content\/uploads\/2024\/11\/pqmkmv-front-shortedge-384-1.jpg","datePublished":"2024-11-21T17:35:07+00:00","dateModified":"2024-12-08T17:25:31+00:00","breadcrumb":{"@id":"https:\/\/gracefilledreads.com\/product\/that-you-might-believe\/#breadcrumb"},"inLanguage":"es","potentialAction":[{"@type":"ReadAction","target":["https:\/\/gracefilledreads.com\/product\/that-you-might-believe\/"]}]},{"@type":"ImageObject","inLanguage":"es","@id":"https:\/\/gracefilledreads.com\/product\/that-you-might-believe\/#primaryimage","url":"https:\/\/gracefilledreads.com\/wp-content\/uploads\/2024\/11\/pqmkmv-front-shortedge-384-1.jpg","contentUrl":"https:\/\/gracefilledreads.com\/wp-content\/uploads\/2024\/11\/pqmkmv-front-shortedge-384-1.jpg","width":384,"height":544},{"@type":"BreadcrumbList","@id":"https:\/\/gracefilledreads.com\/product\/that-you-might-believe\/#breadcrumb","itemListElement":[{"@type":"ListItem","position":1,"name":"Home","item":"https:\/\/gracefilledreads.com\/"},{"@type":"ListItem","position":2,"name":"Shop","item":"https:\/\/gracefilledreads.com\/shop\/"},{"@type":"ListItem","position":3,"name":"That You Might Believe"}]},{"@type":"WebSite","@id":"https:\/\/gracefilledreads.com\/#website","url":"https:\/\/gracefilledreads.com\/","name":"Grace Filled Reads","description":"Good Authors &amp; Transforming Messages","publisher":{"@id":"https:\/\/gracefilledreads.com\/#organization"},"potentialAction":[{"@type":"SearchAction","target":{"@type":"EntryPoint","urlTemplate":"https:\/\/gracefilledreads.com\/?s={search_term_string}"},"query-input":{"@type":"PropertyValueSpecification","valueRequired":true,"valueName":"search_term_string"}}],"inLanguage":"es"},{"@type":"Organization","@id":"https:\/\/gracefilledreads.com\/#organization","name":"Grace Filled Reads","url":"https:\/\/gracefilledreads.com\/","logo":{"@type":"ImageObject","inLanguage":"es","@id":"https:\/\/gracefilledreads.com\/#\/schema\/logo\/image\/","url":"https:\/\/gracefilledreads.com\/wp-content\/uploads\/2024\/11\/gracefilledreads-LOGO-2.svg","contentUrl":"https:\/\/gracefilledreads.com\/wp-content\/uploads\/2024\/11\/gracefilledreads-LOGO-2.svg","width":1008,"height":441,"caption":"Grace Filled Reads"},"image":{"@id":"https:\/\/gracefilledreads.com\/#\/schema\/logo\/image\/"}}]}},"_links":{"self":[{"href":"https:\/\/gracefilledreads.com\/es\/wp-json\/wp\/v2\/product\/996","targetHints":{"allow":["GET"]}}],"collection":[{"href":"https:\/\/gracefilledreads.com\/es\/wp-json\/wp\/v2\/product"}],"about":[{"href":"https:\/\/gracefilledreads.com\/es\/wp-json\/wp\/v2\/types\/product"}],"wp:featuredmedia":[{"embeddable":true,"href":"https:\/\/gracefilledreads.com\/es\/wp-json\/wp\/v2\/media\/997"}],"wp:attachment":[{"href":"https:\/\/gracefilledreads.com\/es\/wp-json\/wp\/v2\/media?parent=996"}],"wp:term":[{"taxonomy":"product_brand","embeddable":true,"href":"https:\/\/gracefilledreads.com\/es\/wp-json\/wp\/v2\/product_brand?post=996"},{"taxonomy":"product_cat","embeddable":true,"href":"https:\/\/gracefilledreads.com\/es\/wp-json\/wp\/v2\/product_cat?post=996"},{"taxonomy":"product_tag","embeddable":true,"href":"https:\/\/gracefilledreads.com\/es\/wp-json\/wp\/v2\/product_tag?post=996"}],"curies":[{"name":"wp","href":"https:\/\/api.w.org\/{rel}","templated":true}]}}