{"id":998,"date":"2024-11-21T13:35:21","date_gmt":"2024-11-21T17:35:21","guid":{"rendered":"https:\/\/gracefilledreads.com\/product\/lessons-in-leadership\/"},"modified":"2024-12-08T13:25:00","modified_gmt":"2024-12-08T17:25:00","slug":"lessons-in-leadership","status":"publish","type":"product","link":"https:\/\/gracefilledreads.com\/es\/producto\/lessons-in-leadership\/","title":{"rendered":"Lessons in Leadership"},"content":{"rendered":"<p>Lecciones de Liderazgo: Devociones sobre Nehem\u00edas<\/p>\n<p>El Obispo de la Iglesia Metodista de Venezuela me pidi\u00f3 que escribiera este devocional diario para sus pastores y l\u00edderes, centr\u00e1ndome principalmente en los valores y lecciones de liderazgo revelados en el Libro de Nehem\u00edas. Fue un honor para m\u00ed hacerlo.<\/p>\n<p>Me alegr\u00e9 al ver que el Obispo compart\u00eda estas devociones diariamente en su grupo de mensajes privados con sus pastores y l\u00edderes y vi su respuesta cada d\u00eda. Tambi\u00e9n fue gratificante ver que el Seminario Wesleyano de Venezuela y varios pastores de Venezuela compart\u00edan estas devociones en Facebook.<\/p>\n<p>Las compart\u00ed en ingl\u00e9s todos los d\u00edas en Facebook y me sent\u00ed alentado por los muchos comentarios amables de algunos lectores fieles.<\/p>\n<p>Creo que este libro contiene algunas lecciones fundamentales para un liderazgo efectivo del Reino.<br \/>\nRuego que estas lecciones se empleen dondequiera que los l\u00edderes cristianos deseen tener un impacto significativo en el Reino.<\/p>\n<p>Que el Se\u00f1or los bendiga mientras viven la palabra de Dios durante los pr\u00f3ximos 68 d\u00edas.<\/p>","protected":false},"excerpt":{"rendered":"<p>Lecciones de Liderazgo: Devociones sobre Nehem\u00edas<\/p>\n<p>El Obispo de la Iglesia Metodista de Venezuela me pidi\u00f3 que escribiera este devocional diario para sus pastores y l\u00edderes, centr\u00e1ndome principalmente en los valores y lecciones de liderazgo revelados en el Libro de Nehem\u00edas. Fue un honor para m\u00ed hacerlo.<\/p>\n<p>Me alegr\u00e9 al ver que el Obispo compart\u00eda estas devociones diariamente en su grupo de mensajes privados con sus pastores y l\u00edderes y vi su respuesta cada d\u00eda. Tambi\u00e9n fue gratificante ver que el Seminario Wesleyano de Venezuela y varios pastores de Venezuela compart\u00edan estas devociones en Facebook.<\/p>\n<p>Las compart\u00ed en ingl\u00e9s todos los d\u00edas en Facebook y me sent\u00ed alentado por los muchos comentarios amables de algunos lectores fieles.<\/p>\n<p>Creo que este libro contiene algunas lecciones fundamentales para un liderazgo efectivo del Reino.<br \/>\nRuego que estas lecciones se empleen dondequiera que los l\u00edderes cristianos deseen tener un impacto significativo en el Reino.<\/p>\n<p>Que el Se\u00f1or los bendiga mientras viven la palabra de Dios durante los pr\u00f3ximos 68 d\u00edas.<\/p>","protected":false},"featured_media":999,"template":"","meta":[],"product_brand":[],"product_cat":[19,24,17],"product_tag":[],"class_list":{"0":"post-998","1":"product","2":"type-product","3":"status-publish","4":"has-post-thumbnail","6":"product_cat-english","7":"product_cat-leadership","8":"product_cat-warren-lathem","10":"first","11":"instock","12":"shipping-taxable","13":"purchasable","14":"product-type-simple"},"yoast_head":"<!-- This site is optimized with the Yoast SEO plugin v27.3 - https:\/\/yoast.com\/product\/yoast-seo-wordpress\/ -->\n<title>Lessons in Leadership - Grace Filled Reads<\/title>\n<meta name=\"robots\" content=\"index, follow, max-snippet:-1, max-image-preview:large, max-video-preview:-1\" \/>\n<link rel=\"canonical\" href=\"https:\/\/gracefilledreads.com\/es\/producto\/lessons-in-leadership\/\" \/>\n<meta property=\"og:locale\" content=\"es_ES\" \/>\n<meta property=\"og:type\" content=\"article\" \/>\n<meta property=\"og:title\" content=\"Lessons in Leadership - Grace Filled Reads\" \/>\n<meta property=\"og:description\" content=\"Lessons in Leadership - Devotions in Nehemiah  The Bishop of the Methodist Church of Venezuela requested I write this daily devotional for his pastors and leaders focusing primarily on the leadership values and lessons revealed in the Book of Nehemiah. It was my honor to do so.  I rejoiced as I saw these devotions shared daily by the Bishop in his private message group with his pastors and leaders and saw their response each day. It was also rewarding to see these devotions shared on FaceBook by the Seminario Wesleyano de Venezuela and several pastors in Venezuela.  I shared them in English each day on FaceBook and was encouraged by the many kind comments of some faithful readers.  I believe there are some critical lessons for effective Kingdom leadership revealed in this book. I pray these lessons will be employed wherever Christian leaders desire to have significant Kingdom impact.  May the Lord bless you as you live into the word of God for the next 68 days.\" \/>\n<meta property=\"og:url\" content=\"https:\/\/gracefilledreads.com\/es\/producto\/lessons-in-leadership\/\" \/>\n<meta property=\"og:site_name\" content=\"Grace Filled Reads\" \/>\n<meta property=\"article:modified_time\" content=\"2024-12-08T17:25:00+00:00\" \/>\n<meta property=\"og:image\" content=\"https:\/\/gracefilledreads.com\/wp-content\/uploads\/2024\/11\/5kwm5v-front-shortedge-384-1.jpg\" \/>\n\t<meta property=\"og:image:width\" content=\"384\" \/>\n\t<meta property=\"og:image:height\" content=\"544\" \/>\n\t<meta property=\"og:image:type\" content=\"image\/jpeg\" \/>\n<meta name=\"twitter:card\" content=\"summary_large_image\" \/>\n<meta name=\"twitter:label1\" content=\"Tiempo estimado de lectura\" \/>\n\t<meta name=\"twitter:data1\" content=\"1 minuto\" \/>\n<script type=\"application\/ld+json\" class=\"yoast-schema-graph\">{\"@context\":\"https:\\\/\\\/schema.org\",\"@graph\":[{\"@type\":\"WebPage\",\"@id\":\"https:\\\/\\\/gracefilledreads.com\\\/product\\\/lessons-in-leadership\\\/\",\"url\":\"https:\\\/\\\/gracefilledreads.com\\\/product\\\/lessons-in-leadership\\\/\",\"name\":\"Lessons in Leadership - Grace Filled Reads\",\"isPartOf\":{\"@id\":\"https:\\\/\\\/gracefilledreads.com\\\/#website\"},\"primaryImageOfPage\":{\"@id\":\"https:\\\/\\\/gracefilledreads.com\\\/product\\\/lessons-in-leadership\\\/#primaryimage\"},\"image\":{\"@id\":\"https:\\\/\\\/gracefilledreads.com\\\/product\\\/lessons-in-leadership\\\/#primaryimage\"},\"thumbnailUrl\":\"https:\\\/\\\/gracefilledreads.com\\\/wp-content\\\/uploads\\\/2024\\\/11\\\/5kwm5v-front-shortedge-384-1.jpg\",\"datePublished\":\"2024-11-21T17:35:21+00:00\",\"dateModified\":\"2024-12-08T17:25:00+00:00\",\"breadcrumb\":{\"@id\":\"https:\\\/\\\/gracefilledreads.com\\\/product\\\/lessons-in-leadership\\\/#breadcrumb\"},\"inLanguage\":\"es\",\"potentialAction\":[{\"@type\":\"ReadAction\",\"target\":[\"https:\\\/\\\/gracefilledreads.com\\\/product\\\/lessons-in-leadership\\\/\"]}]},{\"@type\":\"ImageObject\",\"inLanguage\":\"es\",\"@id\":\"https:\\\/\\\/gracefilledreads.com\\\/product\\\/lessons-in-leadership\\\/#primaryimage\",\"url\":\"https:\\\/\\\/gracefilledreads.com\\\/wp-content\\\/uploads\\\/2024\\\/11\\\/5kwm5v-front-shortedge-384-1.jpg\",\"contentUrl\":\"https:\\\/\\\/gracefilledreads.com\\\/wp-content\\\/uploads\\\/2024\\\/11\\\/5kwm5v-front-shortedge-384-1.jpg\",\"width\":384,\"height\":544},{\"@type\":\"BreadcrumbList\",\"@id\":\"https:\\\/\\\/gracefilledreads.com\\\/product\\\/lessons-in-leadership\\\/#breadcrumb\",\"itemListElement\":[{\"@type\":\"ListItem\",\"position\":1,\"name\":\"Home\",\"item\":\"https:\\\/\\\/gracefilledreads.com\\\/\"},{\"@type\":\"ListItem\",\"position\":2,\"name\":\"Shop\",\"item\":\"https:\\\/\\\/gracefilledreads.com\\\/shop\\\/\"},{\"@type\":\"ListItem\",\"position\":3,\"name\":\"Lessons in Leadership\"}]},{\"@type\":\"WebSite\",\"@id\":\"https:\\\/\\\/gracefilledreads.com\\\/#website\",\"url\":\"https:\\\/\\\/gracefilledreads.com\\\/\",\"name\":\"Grace Filled Reads\",\"description\":\"Good Authors &amp; Transforming Messages\",\"publisher\":{\"@id\":\"https:\\\/\\\/gracefilledreads.com\\\/#organization\"},\"potentialAction\":[{\"@type\":\"SearchAction\",\"target\":{\"@type\":\"EntryPoint\",\"urlTemplate\":\"https:\\\/\\\/gracefilledreads.com\\\/?s={search_term_string}\"},\"query-input\":{\"@type\":\"PropertyValueSpecification\",\"valueRequired\":true,\"valueName\":\"search_term_string\"}}],\"inLanguage\":\"es\"},{\"@type\":\"Organization\",\"@id\":\"https:\\\/\\\/gracefilledreads.com\\\/#organization\",\"name\":\"Grace Filled Reads\",\"url\":\"https:\\\/\\\/gracefilledreads.com\\\/\",\"logo\":{\"@type\":\"ImageObject\",\"inLanguage\":\"es\",\"@id\":\"https:\\\/\\\/gracefilledreads.com\\\/#\\\/schema\\\/logo\\\/image\\\/\",\"url\":\"https:\\\/\\\/gracefilledreads.com\\\/wp-content\\\/uploads\\\/2024\\\/11\\\/gracefilledreads-LOGO-2.svg\",\"contentUrl\":\"https:\\\/\\\/gracefilledreads.com\\\/wp-content\\\/uploads\\\/2024\\\/11\\\/gracefilledreads-LOGO-2.svg\",\"width\":1008,\"height\":441,\"caption\":\"Grace Filled Reads\"},\"image\":{\"@id\":\"https:\\\/\\\/gracefilledreads.com\\\/#\\\/schema\\\/logo\\\/image\\\/\"}}]}<\/script>\n<!-- \/ Yoast SEO plugin. -->","yoast_head_json":{"title":"Lessons in Leadership - Grace Filled Reads","robots":{"index":"index","follow":"follow","max-snippet":"max-snippet:-1","max-image-preview":"max-image-preview:large","max-video-preview":"max-video-preview:-1"},"canonical":"https:\/\/gracefilledreads.com\/es\/producto\/lessons-in-leadership\/","og_locale":"es_ES","og_type":"article","og_title":"Lessons in Leadership - Grace Filled Reads","og_description":"Lessons in Leadership - Devotions in Nehemiah  The Bishop of the Methodist Church of Venezuela requested I write this daily devotional for his pastors and leaders focusing primarily on the leadership values and lessons revealed in the Book of Nehemiah. It was my honor to do so.  I rejoiced as I saw these devotions shared daily by the Bishop in his private message group with his pastors and leaders and saw their response each day. It was also rewarding to see these devotions shared on FaceBook by the Seminario Wesleyano de Venezuela and several pastors in Venezuela.  I shared them in English each day on FaceBook and was encouraged by the many kind comments of some faithful readers.  I believe there are some critical lessons for effective Kingdom leadership revealed in this book. I pray these lessons will be employed wherever Christian leaders desire to have significant Kingdom impact.  May the Lord bless you as you live into the word of God for the next 68 days.","og_url":"https:\/\/gracefilledreads.com\/es\/producto\/lessons-in-leadership\/","og_site_name":"Grace Filled Reads","article_modified_time":"2024-12-08T17:25:00+00:00","og_image":[{"width":384,"height":544,"url":"https:\/\/gracefilledreads.com\/wp-content\/uploads\/2024\/11\/5kwm5v-front-shortedge-384-1.jpg","type":"image\/jpeg"}],"twitter_card":"summary_large_image","twitter_misc":{"Tiempo estimado de lectura":"1 minuto"},"schema":{"@context":"https:\/\/schema.org","@graph":[{"@type":"WebPage","@id":"https:\/\/gracefilledreads.com\/product\/lessons-in-leadership\/","url":"https:\/\/gracefilledreads.com\/product\/lessons-in-leadership\/","name":"Lessons in Leadership - Grace Filled Reads","isPartOf":{"@id":"https:\/\/gracefilledreads.com\/#website"},"primaryImageOfPage":{"@id":"https:\/\/gracefilledreads.com\/product\/lessons-in-leadership\/#primaryimage"},"image":{"@id":"https:\/\/gracefilledreads.com\/product\/lessons-in-leadership\/#primaryimage"},"thumbnailUrl":"https:\/\/gracefilledreads.com\/wp-content\/uploads\/2024\/11\/5kwm5v-front-shortedge-384-1.jpg","datePublished":"2024-11-21T17:35:21+00:00","dateModified":"2024-12-08T17:25:00+00:00","breadcrumb":{"@id":"https:\/\/gracefilledreads.com\/product\/lessons-in-leadership\/#breadcrumb"},"inLanguage":"es","potentialAction":[{"@type":"ReadAction","target":["https:\/\/gracefilledreads.com\/product\/lessons-in-leadership\/"]}]},{"@type":"ImageObject","inLanguage":"es","@id":"https:\/\/gracefilledreads.com\/product\/lessons-in-leadership\/#primaryimage","url":"https:\/\/gracefilledreads.com\/wp-content\/uploads\/2024\/11\/5kwm5v-front-shortedge-384-1.jpg","contentUrl":"https:\/\/gracefilledreads.com\/wp-content\/uploads\/2024\/11\/5kwm5v-front-shortedge-384-1.jpg","width":384,"height":544},{"@type":"BreadcrumbList","@id":"https:\/\/gracefilledreads.com\/product\/lessons-in-leadership\/#breadcrumb","itemListElement":[{"@type":"ListItem","position":1,"name":"Home","item":"https:\/\/gracefilledreads.com\/"},{"@type":"ListItem","position":2,"name":"Shop","item":"https:\/\/gracefilledreads.com\/shop\/"},{"@type":"ListItem","position":3,"name":"Lessons in Leadership"}]},{"@type":"WebSite","@id":"https:\/\/gracefilledreads.com\/#website","url":"https:\/\/gracefilledreads.com\/","name":"Grace Filled Reads","description":"Good Authors &amp; Transforming Messages","publisher":{"@id":"https:\/\/gracefilledreads.com\/#organization"},"potentialAction":[{"@type":"SearchAction","target":{"@type":"EntryPoint","urlTemplate":"https:\/\/gracefilledreads.com\/?s={search_term_string}"},"query-input":{"@type":"PropertyValueSpecification","valueRequired":true,"valueName":"search_term_string"}}],"inLanguage":"es"},{"@type":"Organization","@id":"https:\/\/gracefilledreads.com\/#organization","name":"Grace Filled Reads","url":"https:\/\/gracefilledreads.com\/","logo":{"@type":"ImageObject","inLanguage":"es","@id":"https:\/\/gracefilledreads.com\/#\/schema\/logo\/image\/","url":"https:\/\/gracefilledreads.com\/wp-content\/uploads\/2024\/11\/gracefilledreads-LOGO-2.svg","contentUrl":"https:\/\/gracefilledreads.com\/wp-content\/uploads\/2024\/11\/gracefilledreads-LOGO-2.svg","width":1008,"height":441,"caption":"Grace Filled Reads"},"image":{"@id":"https:\/\/gracefilledreads.com\/#\/schema\/logo\/image\/"}}]}},"_links":{"self":[{"href":"https:\/\/gracefilledreads.com\/es\/wp-json\/wp\/v2\/product\/998","targetHints":{"allow":["GET"]}}],"collection":[{"href":"https:\/\/gracefilledreads.com\/es\/wp-json\/wp\/v2\/product"}],"about":[{"href":"https:\/\/gracefilledreads.com\/es\/wp-json\/wp\/v2\/types\/product"}],"wp:featuredmedia":[{"embeddable":true,"href":"https:\/\/gracefilledreads.com\/es\/wp-json\/wp\/v2\/media\/999"}],"wp:attachment":[{"href":"https:\/\/gracefilledreads.com\/es\/wp-json\/wp\/v2\/media?parent=998"}],"wp:term":[{"taxonomy":"product_brand","embeddable":true,"href":"https:\/\/gracefilledreads.com\/es\/wp-json\/wp\/v2\/product_brand?post=998"},{"taxonomy":"product_cat","embeddable":true,"href":"https:\/\/gracefilledreads.com\/es\/wp-json\/wp\/v2\/product_cat?post=998"},{"taxonomy":"product_tag","embeddable":true,"href":"https:\/\/gracefilledreads.com\/es\/wp-json\/wp\/v2\/product_tag?post=998"}],"curies":[{"name":"wp","href":"https:\/\/api.w.org\/{rel}","templated":true}]}}